{"id":2447,"date":"2025-11-21T23:00:03","date_gmt":"2025-11-21T23:00:03","guid":{"rendered":"https:\/\/dorukkristalyasam.com\/?post_type=product&#038;p=2447"},"modified":"2026-01-13T20:53:09","modified_gmt":"2026-01-13T20:53:09","slug":"anka-925-ayar-gumus-tilsim","status":"publish","type":"product","link":"https:\/\/dorukkristalyasam.com\/?product=anka-925-ayar-gumus-tilsim","title":{"rendered":"ANKA 925 AYAR G\u00dcM\u00dc\u015e TILSIM"},"content":{"rendered":"<p>AN\u2019KA KU\u015eU &amp; YA BA\u0130S ANAHTARI \ud83d\udd4a\ufe0f<br \/>\nHer son, yeni bir ba\u015flang\u0131c\u0131n kap\u0131s\u0131d\u0131r.<br \/>\nAnka k\u00fcllerinden do\u011farken, kalbinde yaln\u0131zca \u0131\u015f\u0131k kal\u0131r.<br \/>\nYa Bais esmas\u0131, \u00f6lm\u00fc\u015f olan\u0131 diriltir;<br \/>\nunutulan\u0131 hat\u0131rlat\u0131r, s\u00f6nm\u00fc\u015f enerjiyi yeniden canland\u0131r\u0131r.<\/p>\n<p>\u2728 Bu anahtar, ilahi dirili\u015fin sembol\u00fcd\u00fcr.<br \/>\nHer takt\u0131\u011f\u0131nda, ruhunun yeniden do\u011fu\u015f kodlar\u0131n\u0131 aktive eder.<br \/>\nHer nefeste, \u00f6z\u00fcndeki g\u00fcc\u00fc hat\u0131rlars\u0131n:<br \/>\nBen k\u00fcllerimden do\u011far\u0131m. Ben Anka\u2019y\u0131m.<\/p>\n<p>\ud83c\udf3a Enerjisiyle birlikte \u00e7al\u0131\u015f\u0131r:<\/p>\n<p>Eski kal\u0131plar\u0131 yakar<\/p>\n<p>Kalbi \u0131\u015f\u0131\u011fa a\u00e7ar<\/p>\n<p>Ruhsal yeniden do\u011fu\u015fu destekler<\/p>\n<p>\u201cYa Bais\u201d titre\u015fimiyle ya\u015fam enerjisini y\u00fckseltir<\/p>\n<p>\ud83e\udeb6 Doruk Kristal Ya\u015fam at\u00f6lyesinde,<br \/>\nher biri \u00f6zel nefes niyetiyle kodlanm\u0131\u015ft\u0131r.<br \/>\n925 ayar g\u00fcm\u00fc\u015f \/ alt\u0131n kaplama se\u00e7enekleriyle haz\u0131rlan\u0131r.<\/p>\n","protected":false},"excerpt":{"rendered":"<p>AN\u2019KA KU\u015eU &amp; YA BA\u0130S ANAHTARI \ud83d\udd4a\ufe0f Her son, yeni bir ba\u015flang\u0131c\u0131n kap\u0131s\u0131d\u0131r. Anka k\u00fcllerinden do\u011farken, kalbinde yaln\u0131zca \u0131\u015f\u0131k kal\u0131r. Ya Bais esmas\u0131, \u00f6lm\u00fc\u015f olan\u0131 diriltir; unutulan\u0131 hat\u0131rlat\u0131r, s\u00f6nm\u00fc\u015f enerjiyi yeniden canland\u0131r\u0131r. \u2728 Bu anahtar, ilahi dirili\u015fin sembol\u00fcd\u00fcr. Her takt\u0131\u011f\u0131nda, ruhunun yeniden do\u011fu\u015f kodlar\u0131n\u0131 aktive eder. Her nefeste, \u00f6z\u00fcndeki g\u00fcc\u00fc hat\u0131rlars\u0131n: Ben k\u00fcllerimden do\u011far\u0131m. Ben [&hellip;]<\/p>\n","protected":false},"featured_media":2449,"comment_status":"open","ping_status":"closed","template":"","meta":{"ocean_post_layout":"","ocean_both_sidebars_style":"","ocean_both_sidebars_content_width":0,"ocean_both_sidebars_sidebars_width":0,"ocean_sidebar":"0","ocean_second_sidebar":"0","ocean_disable_margins":"enable","ocean_add_body_class":"","ocean_shortcode_before_top_bar":"","ocean_shortcode_after_top_bar":"","ocean_shortcode_before_header":"","ocean_shortcode_after_header":"","ocean_has_shortcode":"","ocean_shortcode_after_title":"","ocean_shortcode_before_footer_widgets":"","ocean_shortcode_after_footer_widgets":"","ocean_shortcode_before_footer_bottom":"","ocean_shortcode_after_footer_bottom":"","ocean_display_top_bar":"default","ocean_display_header":"default","ocean_header_style":"","ocean_center_header_left_menu":"0","ocean_custom_header_template":"0","ocean_custom_logo":0,"ocean_custom_retina_logo":0,"ocean_custom_logo_max_width":0,"ocean_custom_logo_tablet_max_width":0,"ocean_custom_logo_mobile_max_width":0,"ocean_custom_logo_max_height":0,"ocean_custom_logo_tablet_max_height":0,"ocean_custom_logo_mobile_max_height":0,"ocean_header_custom_menu":"0","ocean_menu_typo_font_family":"0","ocean_menu_typo_font_subset":"","ocean_menu_typo_font_size":0,"ocean_menu_typo_font_size_tablet":0,"ocean_menu_typo_font_size_mobile":0,"ocean_menu_typo_font_size_unit":"px","ocean_menu_typo_font_weight":"","ocean_menu_typo_font_weight_tablet":"","ocean_menu_typo_font_weight_mobile":"","ocean_menu_typo_transform":"","ocean_menu_typo_transform_tablet":"","ocean_menu_typo_transform_mobile":"","ocean_menu_typo_line_height":0,"ocean_menu_typo_line_height_tablet":0,"ocean_menu_typo_line_height_mobile":0,"ocean_menu_typo_line_height_unit":"","ocean_menu_typo_spacing":0,"ocean_menu_typo_spacing_tablet":0,"ocean_menu_typo_spacing_mobile":0,"ocean_menu_typo_spacing_unit":"","ocean_menu_link_color":"","ocean_menu_link_color_hover":"","ocean_menu_link_color_active":"","ocean_menu_link_background":"","ocean_menu_link_hover_background":"","ocean_menu_link_active_background":"","ocean_menu_social_links_bg":"","ocean_menu_social_hover_links_bg":"","ocean_menu_social_links_color":"","ocean_menu_social_hover_links_color":"","ocean_disable_title":"default","ocean_disable_heading":"default","ocean_post_title":"","ocean_post_subheading":"","ocean_post_title_style":"","ocean_post_title_background_color":"","ocean_post_title_background":0,"ocean_post_title_bg_image_position":"","ocean_post_title_bg_image_attachment":"","ocean_post_title_bg_image_repeat":"","ocean_post_title_bg_image_size":"","ocean_post_title_height":0,"ocean_post_title_bg_overlay":0.5,"ocean_post_title_bg_overlay_color":"","ocean_disable_breadcrumbs":"default","ocean_breadcrumbs_color":"","ocean_breadcrumbs_separator_color":"","ocean_breadcrumbs_links_color":"","ocean_breadcrumbs_links_hover_color":"","ocean_display_footer_widgets":"default","ocean_display_footer_bottom":"default","ocean_custom_footer_template":"0","omw_enable_modal_window":"enable"},"product_brand":[],"product_cat":[47],"product_tag":[],"class_list":{"0":"post-2447","1":"product","2":"type-product","3":"status-publish","4":"has-post-thumbnail","6":"product_cat-tilsim-gumus-kolye","8":"entry","9":"has-media","11":"first","12":"outofstock","13":"shipping-taxable","14":"purchasable","15":"product-type-simple","16":"col","17":"span_1_of_3","18":"owp-content-center","19":"owp-thumbs-layout-horizontal","20":"owp-btn-normal","21":"owp-tabs-layout-horizontal","22":"has-no-thumbnails"},"_links":{"self":[{"href":"https:\/\/dorukkristalyasam.com\/index.php?rest_route=\/wp\/v2\/product\/2447","targetHints":{"allow":["GET"]}}],"collection":[{"href":"https:\/\/dorukkristalyasam.com\/index.php?rest_route=\/wp\/v2\/product"}],"about":[{"href":"https:\/\/dorukkristalyasam.com\/index.php?rest_route=\/wp\/v2\/types\/product"}],"replies":[{"embeddable":true,"href":"https:\/\/dorukkristalyasam.com\/index.php?rest_route=%2Fwp%2Fv2%2Fcomments&post=2447"}],"wp:featuredmedia":[{"embeddable":true,"href":"https:\/\/dorukkristalyasam.com\/index.php?rest_route=\/wp\/v2\/media\/2449"}],"wp:attachment":[{"href":"https:\/\/dorukkristalyasam.com\/index.php?rest_route=%2Fwp%2Fv2%2Fmedia&parent=2447"}],"wp:term":[{"taxonomy":"product_brand","embeddable":true,"href":"https:\/\/dorukkristalyasam.com\/index.php?rest_route=%2Fwp%2Fv2%2Fproduct_brand&post=2447"},{"taxonomy":"product_cat","embeddable":true,"href":"https:\/\/dorukkristalyasam.com\/index.php?rest_route=%2Fwp%2Fv2%2Fproduct_cat&post=2447"},{"taxonomy":"product_tag","embeddable":true,"href":"https:\/\/dorukkristalyasam.com\/index.php?rest_route=%2Fwp%2Fv2%2Fproduct_tag&post=2447"}],"curies":[{"name":"wp","href":"https:\/\/api.w.org\/{rel}","templated":true}]}}