{"id":2446,"date":"2025-11-21T22:52:26","date_gmt":"2025-11-21T22:52:26","guid":{"rendered":"https:\/\/dorukkristalyasam.com\/?post_type=product&#038;p=2446"},"modified":"2025-11-21T22:53:33","modified_gmt":"2025-11-21T22:53:33","slug":"%f0%9f%8c%9f-negatif-enerji-arinmasi-denge-seansi","status":"publish","type":"product","link":"https:\/\/dorukkristalyasam.com\/?product=%f0%9f%8c%9f-negatif-enerji-arinmasi-denge-seansi","title":{"rendered":"\ud83c\udf1f Negatif Enerji Ar\u0131nmas\u0131 &#038; Denge Seans\u0131"},"content":{"rendered":"<h1 data-start=\"102\" data-end=\"147\">\ud83c\udf1f Negatif Enerji Ar\u0131nmas\u0131 &amp; Denge Seans\u0131<\/h1>\n<p data-start=\"148\" data-end=\"190\"><strong data-start=\"148\" data-end=\"190\">Selma Doruk Cura \u2013 Doruk Kristal Ya\u015fam<\/strong><\/p>\n<p data-start=\"192\" data-end=\"580\">Hayat\u0131n ak\u0131\u015f\u0131nda fark\u0131nda olmadan ta\u015f\u0131d\u0131\u011f\u0131m\u0131z negatif enerjiler; stres, bask\u0131layan duygular ve bulundu\u011fumuz yo\u011fun alanlar\u0131n titre\u015fimiyle enerji bedenimizde birikir. Bu birikim zamanla ya\u015fam\u0131m\u0131z\u0131n ritmini yava\u015flat\u0131r.<br data-start=\"407\" data-end=\"410\" \/>Bu \u00f6zel seans, ruh\u2013zihin\u2013beden \u00fc\u00e7l\u00fcs\u00fcn\u00fc ayn\u0131 frekansta hizalayarak <strong data-start=\"477\" data-end=\"549\">g\u00f6r\u00fcnmeyen a\u011f\u0131rl\u0131klar\u0131 temizleyen ve i\u00e7sel dengeyi yeniden uyand\u0131ran<\/strong> g\u00fc\u00e7l\u00fc bir ar\u0131nma \u00e7al\u0131\u015fmas\u0131d\u0131r.<\/p>\n<hr data-start=\"582\" data-end=\"585\" \/>\n<h2 data-start=\"587\" data-end=\"613\">\u2728 Kimler \u0130\u00e7in Uygundur?<\/h2>\n<p data-start=\"614\" data-end=\"917\">\u2022 Yo\u011fun stres ve negatif ortamlara maruz kalanlar<br data-start=\"663\" data-end=\"666\" \/>\u2022 Ameliyat\/iyile\u015fme s\u00fcrecinde olanlar<br data-start=\"703\" data-end=\"706\" \/>\u2022 \u0130\u015f ve ili\u015fki alan\u0131nda t\u0131kan\u0131kl\u0131k ya\u015fayanlar<br data-start=\"751\" data-end=\"754\" \/>\u2022 Yorgunluk, t\u00fckenmi\u015flik, motivasyon d\u00fc\u015f\u00fckl\u00fc\u011f\u00fc hissedenler<br data-start=\"812\" data-end=\"815\" \/>\u2022 Bolluk\u2013bereket ak\u0131\u015f\u0131 kapananlar<br data-start=\"848\" data-end=\"851\" \/>\u2022 Enerjisel alan\u0131n\u0131 tazelemek, hafiflemek ve yenilenmek isteyenler<\/p>\n<hr data-start=\"919\" data-end=\"922\" \/>\n<h2 data-start=\"924\" data-end=\"947\">\ud83c\udf19 Seans\u0131n Faydalar\u0131<\/h2>\n<p data-start=\"948\" data-end=\"1232\">\u2022 \u0130\u015f ve para alan\u0131nda ak\u0131\u015f\u0131n h\u0131zlanmas\u0131<br data-start=\"987\" data-end=\"990\" \/>\u2022 \u0130li\u015fkilerde uyum, ileti\u015fimde yumu\u015fama<br data-start=\"1029\" data-end=\"1032\" \/>\u2022 Duygusal ve fiziksel blokajlar\u0131n \u00e7\u00f6z\u00fclmesi<br data-start=\"1076\" data-end=\"1079\" \/>\u2022 Hafiflik, huzur, berrakl\u0131k ve tazelenmi\u015f enerji hali<br data-start=\"1133\" data-end=\"1136\" \/>\u2022 Bolluk-bereket frekans\u0131n\u0131n y\u00fckselmesi<br data-start=\"1175\" data-end=\"1178\" \/>\u2022 Aura alan\u0131n\u0131n g\u00fc\u00e7lenmesi ve korunma hissinin artmas\u0131<\/p>\n<hr data-start=\"1234\" data-end=\"1237\" \/>\n<h2 data-start=\"1239\" data-end=\"1263\">\ud83c\udf0c Seans Nas\u0131l \u0130\u015fler?<\/h2>\n<p data-start=\"1264\" data-end=\"1633\">Seans boyunca enerji bedeninizdeki t\u0131kan\u0131kl\u0131klar temizlenir, aura katmanlar\u0131 ar\u0131nd\u0131r\u0131l\u0131r ve ya\u015fam alan\u0131n\u0131z yeni bir dengeye ta\u015f\u0131n\u0131r.<br data-start=\"1396\" data-end=\"1399\" \/>Her ar\u0131nd\u0131rma a\u015famas\u0131nda bedeninizdeki y\u00fckler \u00e7\u00f6z\u00fcl\u00fcr, zihniniz sakinle\u015fir ve i\u00e7sel \u0131\u015f\u0131\u011f\u0131n\u0131z yeniden aktif hale gelir.<br data-start=\"1517\" data-end=\"1520\" \/>Bir\u00e7ok ki\u015fi seans sonras\u0131 <strong data-start=\"1546\" data-end=\"1614\">\u201ckendimi \u00e7ok hafiflemi\u015f, sanki yeniden do\u011fmu\u015f gibi hissediyorum\u201d<\/strong> d\u00f6n\u00fc\u015f\u00fcn\u00fc payla\u015f\u0131r.<\/p>\n<hr data-start=\"1635\" data-end=\"1638\" \/>\n<h2 data-start=\"1640\" data-end=\"1661\">\ud83d\udd4a Seans Detaylar\u0131<\/h2>\n<p data-start=\"1662\" data-end=\"1774\">\u2022 <strong data-start=\"1664\" data-end=\"1673\">S\u00fcre:<\/strong> 1,5 saat<br data-start=\"1682\" data-end=\"1685\" \/>\u2022 <strong data-start=\"1687\" data-end=\"1700\">Platform:<\/strong> Zoom<br data-start=\"1705\" data-end=\"1708\" \/>\u2022 <strong data-start=\"1710\" data-end=\"1723\">Uygulama:<\/strong> Enerji temizli\u011fi + yeni denge alan\u0131n\u0131n kurulmas\u0131<\/p>\n<hr data-start=\"1776\" data-end=\"1779\" \/>\n<h2 data-start=\"1781\" data-end=\"1791\">\u26a1 Not<\/h2>\n<p data-start=\"1792\" data-end=\"1951\">Bu seans, Yaradan\u2019dan gelen \u015fifan\u0131n destek alan\u0131d\u0131r; <strong data-start=\"1845\" data-end=\"1886\">t\u0131bbi tedavinin alternatifi de\u011fildir.<\/strong><br data-start=\"1886\" data-end=\"1889\" \/>Fiziksel rahats\u0131zl\u0131klar i\u00e7in doktorunuza ba\u015fvurman\u0131z \u00f6nerilir.<\/p>\n","protected":false},"excerpt":{"rendered":"<p>\u00d6deme yap\u0131ld\u0131ktan sonra taraf\u0131n\u0131za g\u00f6nderilecek Linkten seansa dahil olabilirsiniz.<\/p>\n","protected":false},"featured_media":2443,"comment_status":"open","ping_status":"closed","template":"","meta":{"ocean_post_layout":"","ocean_both_sidebars_style":"","ocean_both_sidebars_content_width":0,"ocean_both_sidebars_sidebars_width":0,"ocean_sidebar":"0","ocean_second_sidebar":"0","ocean_disable_margins":"enable","ocean_add_body_class":"","ocean_shortcode_before_top_bar":"","ocean_shortcode_after_top_bar":"","ocean_shortcode_before_header":"","ocean_shortcode_after_header":"","ocean_has_shortcode":"","ocean_shortcode_after_title":"","ocean_shortcode_before_footer_widgets":"","ocean_shortcode_after_footer_widgets":"","ocean_shortcode_before_footer_bottom":"","ocean_shortcode_after_footer_bottom":"","ocean_display_top_bar":"default","ocean_display_header":"default","ocean_header_style":"","ocean_center_header_left_menu":"0","ocean_custom_header_template":"0","ocean_custom_logo":0,"ocean_custom_retina_logo":0,"ocean_custom_logo_max_width":0,"ocean_custom_logo_tablet_max_width":0,"ocean_custom_logo_mobile_max_width":0,"ocean_custom_logo_max_height":0,"ocean_custom_logo_tablet_max_height":0,"ocean_custom_logo_mobile_max_height":0,"ocean_header_custom_menu":"0","ocean_menu_typo_font_family":"0","ocean_menu_typo_font_subset":"","ocean_menu_typo_font_size":0,"ocean_menu_typo_font_size_tablet":0,"ocean_menu_typo_font_size_mobile":0,"ocean_menu_typo_font_size_unit":"px","ocean_menu_typo_font_weight":"","ocean_menu_typo_font_weight_tablet":"","ocean_menu_typo_font_weight_mobile":"","ocean_menu_typo_transform":"","ocean_menu_typo_transform_tablet":"","ocean_menu_typo_transform_mobile":"","ocean_menu_typo_line_height":0,"ocean_menu_typo_line_height_tablet":0,"ocean_menu_typo_line_height_mobile":0,"ocean_menu_typo_line_height_unit":"","ocean_menu_typo_spacing":0,"ocean_menu_typo_spacing_tablet":0,"ocean_menu_typo_spacing_mobile":0,"ocean_menu_typo_spacing_unit":"","ocean_menu_link_color":"","ocean_menu_link_color_hover":"","ocean_menu_link_color_active":"","ocean_menu_link_background":"","ocean_menu_link_hover_background":"","ocean_menu_link_active_background":"","ocean_menu_social_links_bg":"","ocean_menu_social_hover_links_bg":"","ocean_menu_social_links_color":"","ocean_menu_social_hover_links_color":"","ocean_disable_title":"default","ocean_disable_heading":"default","ocean_post_title":"","ocean_post_subheading":"","ocean_post_title_style":"","ocean_post_title_background_color":"","ocean_post_title_background":0,"ocean_post_title_bg_image_position":"","ocean_post_title_bg_image_attachment":"","ocean_post_title_bg_image_repeat":"","ocean_post_title_bg_image_size":"","ocean_post_title_height":0,"ocean_post_title_bg_overlay":0.5,"ocean_post_title_bg_overlay_color":"","ocean_disable_breadcrumbs":"default","ocean_breadcrumbs_color":"","ocean_breadcrumbs_separator_color":"","ocean_breadcrumbs_links_color":"","ocean_breadcrumbs_links_hover_color":"","ocean_display_footer_widgets":"default","ocean_display_footer_bottom":"default","ocean_custom_footer_template":"0","omw_enable_modal_window":"enable"},"product_brand":[],"product_cat":[38],"product_tag":[],"class_list":{"0":"post-2446","1":"product","2":"type-product","3":"status-publish","4":"has-post-thumbnail","6":"product_cat-seans","8":"entry","9":"has-media","11":"first","12":"instock","13":"shipping-taxable","14":"purchasable","15":"product-type-simple","16":"col","17":"span_1_of_3","18":"owp-content-center","19":"owp-thumbs-layout-horizontal","20":"owp-btn-normal","21":"owp-tabs-layout-horizontal","22":"has-no-thumbnails"},"_links":{"self":[{"href":"https:\/\/dorukkristalyasam.com\/index.php?rest_route=\/wp\/v2\/product\/2446","targetHints":{"allow":["GET"]}}],"collection":[{"href":"https:\/\/dorukkristalyasam.com\/index.php?rest_route=\/wp\/v2\/product"}],"about":[{"href":"https:\/\/dorukkristalyasam.com\/index.php?rest_route=\/wp\/v2\/types\/product"}],"replies":[{"embeddable":true,"href":"https:\/\/dorukkristalyasam.com\/index.php?rest_route=%2Fwp%2Fv2%2Fcomments&post=2446"}],"wp:featuredmedia":[{"embeddable":true,"href":"https:\/\/dorukkristalyasam.com\/index.php?rest_route=\/wp\/v2\/media\/2443"}],"wp:attachment":[{"href":"https:\/\/dorukkristalyasam.com\/index.php?rest_route=%2Fwp%2Fv2%2Fmedia&parent=2446"}],"wp:term":[{"taxonomy":"product_brand","embeddable":true,"href":"https:\/\/dorukkristalyasam.com\/index.php?rest_route=%2Fwp%2Fv2%2Fproduct_brand&post=2446"},{"taxonomy":"product_cat","embeddable":true,"href":"https:\/\/dorukkristalyasam.com\/index.php?rest_route=%2Fwp%2Fv2%2Fproduct_cat&post=2446"},{"taxonomy":"product_tag","embeddable":true,"href":"https:\/\/dorukkristalyasam.com\/index.php?rest_route=%2Fwp%2Fv2%2Fproduct_tag&post=2446"}],"curies":[{"name":"wp","href":"https:\/\/api.w.org\/{rel}","templated":true}]}}