{"id":2445,"date":"2025-11-21T22:48:38","date_gmt":"2025-11-21T22:48:38","guid":{"rendered":"https:\/\/dorukkristalyasam.com\/?post_type=product&#038;p=2445"},"modified":"2025-11-21T22:50:36","modified_gmt":"2025-11-21T22:50:36","slug":"reiki-seansi-kopya","status":"publish","type":"product","link":"https:\/\/dorukkristalyasam.com\/?product=reiki-seansi-kopya","title":{"rendered":"\ud83c\udf1f 7 G\u00f6bek Atasal Soy Karma \u015eifaland\u0131rma \u00c7al\u0131\u015fmas\u0131"},"content":{"rendered":"<h1 data-start=\"207\" data-end=\"261\">\ud83c\udf1f 7 G\u00f6bek Atasal Soy Karma \u015eifaland\u0131rma \u00c7al\u0131\u015fmas\u0131<\/h1>\n<p data-start=\"262\" data-end=\"304\"><strong data-start=\"262\" data-end=\"304\">Selma Doruk Cura \u2013 Doruk Kristal Ya\u015fam<\/strong><\/p>\n<p data-start=\"306\" data-end=\"752\">Her insan\u0131n ya\u015fam\u0131nda, kendi deneyimlerinin \u00f6tesine uzanan g\u00f6r\u00fcnmez ba\u011flar vard\u0131r. Bu ba\u011flar; atalar\u0131m\u0131z\u0131n ya\u015fad\u0131\u011f\u0131 duygular, travmalar, korkular, kendini tekrar eden d\u00f6ng\u00fcler ve nesilden nesile aktar\u0131lan enerjisel kay\u0131tlarla \u015fekillenir.<br data-start=\"543\" data-end=\"546\" \/>Bu \u00e7al\u0131\u015fma, <strong data-start=\"558\" data-end=\"625\">7 g\u00f6bek atasal soy hatt\u0131nda biriken karmasal y\u00fckleri temizlemek<\/strong>, ge\u00e7mi\u015ften gelen g\u00f6r\u00fcnmez blokajlar\u0131 \u00e7\u00f6zmek ve ki\u015finin ya\u015fam alan\u0131n\u0131 \u00f6zg\u00fcrle\u015ftirmek i\u00e7in olu\u015fturulmu\u015f derin bir \u015fifa alan\u0131d\u0131r.<\/p>\n<p data-start=\"754\" data-end=\"992\">Bu \u00f6zel seans sayesinde, yaln\u0131zca kendi enerjiniz de\u011fil; sizden \u00f6nce gelen soy a\u011fac\u0131n\u0131z\u0131n frekans\u0131 da d\u00f6n\u00fc\u015f\u00fcr. B\u00f6ylece ge\u00e7mi\u015fin y\u00fckleri \u00e7\u00f6z\u00fcl\u00fcr, gelece\u011fin yolu hafifler ve sizinle birlikte sizden sonra gelen nesillerin enerjisi de ar\u0131n\u0131r.<\/p>\n<hr data-start=\"994\" data-end=\"997\" \/>\n<h2 data-start=\"999\" data-end=\"1025\">\u2728 Kimler \u0130\u00e7in Uygundur?<\/h2>\n<p data-start=\"1026\" data-end=\"1407\">\u2022 Aile i\u00e7inde tekrar eden sorunlar ya\u015fayanlar<br data-start=\"1071\" data-end=\"1074\" \/>\u2022 Para, bereket, ili\u015fki ve sa\u011fl\u0131k alan\u0131nda nesiller boyu s\u00fcren blokajlar\u0131 hissedenler<br data-start=\"1159\" data-end=\"1162\" \/>\u2022 Sebebi bulunamayan yo\u011fun duygusal y\u00fckler ta\u015f\u0131yanlar<br data-start=\"1215\" data-end=\"1218\" \/>\u2022 Kendini s\u00fcrekli ayn\u0131 d\u00f6ng\u00fclerin i\u00e7inde bulanlar<br data-start=\"1267\" data-end=\"1270\" \/>\u2022 Aile i\u00e7i travmalar\u0131n, kavgalar\u0131n, ayr\u0131l\u0131klar\u0131n etkisini ta\u015f\u0131yanlar<br data-start=\"1338\" data-end=\"1341\" \/>\u2022 Atalar\u0131n enerjisiyle g\u00fc\u00e7l\u00fc bir ba\u011f hissedip ar\u0131nmak isteyenler<\/p>\n<hr data-start=\"1409\" data-end=\"1412\" \/>\n<h2 data-start=\"1414\" data-end=\"1440\">\ud83c\udf19 \u00c7al\u0131\u015fman\u0131n Faydalar\u0131<\/h2>\n<p data-start=\"1441\" data-end=\"1791\">\u2022 Atasal karmadan gelen k\u0131s\u0131tlamalar\u0131n \u00e7\u00f6z\u00fclmesi<br data-start=\"1489\" data-end=\"1492\" \/>\u2022 Yinelenen aile problemlerinin enerjisel olarak k\u0131r\u0131lmas\u0131<br data-start=\"1550\" data-end=\"1553\" \/>\u2022 Bolluk\u2013bereket alan\u0131n\u0131n geni\u015flemesi<br data-start=\"1590\" data-end=\"1593\" \/>\u2022 \u0130li\u015fkilerde iyile\u015fme, ba\u011flar\u0131n \u015fifalanmas\u0131<br data-start=\"1637\" data-end=\"1640\" \/>\u2022 K\u00f6ksal g\u00fcc\u00fcn ve \u00f6zg\u00fcvenin artmas\u0131<br data-start=\"1675\" data-end=\"1678\" \/>\u2022 Ya\u015fam yolunda hafiflik, ferahl\u0131k ve yenilenme hissi<br data-start=\"1731\" data-end=\"1734\" \/>\u2022 Soy hatt\u0131n\u0131n temizlenmesiyle ruhsal y\u00fcklerin azalmas\u0131<\/p>\n<hr data-start=\"1793\" data-end=\"1796\" \/>\n<h2 data-start=\"1798\" data-end=\"1824\">\ud83c\udf0c \u00c7al\u0131\u015fma Nas\u0131l \u0130\u015fler?<\/h2>\n<p data-start=\"1825\" data-end=\"2214\">Seans boyunca 7 g\u00f6bek soy hatt\u0131 tek tek taran\u0131r, enerjisel kay\u0131tlar a\u00e7\u0131l\u0131r ve blokaj olu\u015fturan karmasal ba\u011flar \u015fifaland\u0131r\u0131l\u0131r.<br data-start=\"1951\" data-end=\"1954\" \/>Atalardan gelen y\u00fckler, korkular, s\u00f6zler, anla\u015fmalar, bilin\u00e7alt\u0131 kay\u0131tlar\u0131 ve d\u00f6ng\u00fcsel tekrarlar tek tek \u00e7\u00f6z\u00fcl\u00fcr.<br data-start=\"2067\" data-end=\"2070\" \/>\u00c7al\u0131\u015fma s\u0131ras\u0131nda enerji alan\u0131n\u0131z derin bir temizlikten ge\u00e7er ve k\u00f6k \u00e7akran\u0131zdan ba\u015flayarak t\u00fcm bedeninizde yeni bir ya\u015fam frekans\u0131 in\u015fa edilir.<\/p>\n<p data-start=\"2216\" data-end=\"2359\">Bir\u00e7ok kat\u0131l\u0131mc\u0131 seans sonras\u0131 <strong data-start=\"2247\" data-end=\"2290\">\u201csanki y\u0131llard\u0131r ta\u015f\u0131d\u0131\u011f\u0131m y\u00fck \u00e7\u00f6z\u00fcld\u00fc\u201d<\/strong>, <strong data-start=\"2292\" data-end=\"2324\">\u201caile i\u00e7i enerjiler de\u011fi\u015fti\u201d<\/strong> gibi d\u00f6n\u00fc\u015f\u00fcm deneyimleri payla\u015f\u0131r.<\/p>\n<hr data-start=\"2361\" data-end=\"2364\" \/>\n<h2 data-start=\"2366\" data-end=\"2389\">\ud83d\udd4a \u00c7al\u0131\u015fma Detaylar\u0131<\/h2>\n<p data-start=\"2390\" data-end=\"2541\">\u2022 <strong data-start=\"2392\" data-end=\"2401\">S\u00fcre:<\/strong> 1,5 saat<br data-start=\"2410\" data-end=\"2413\" \/>\u2022 <strong data-start=\"2415\" data-end=\"2428\">Platform:<\/strong> Zoom<br data-start=\"2433\" data-end=\"2436\" \/>\u2022 <strong data-start=\"2438\" data-end=\"2451\">Uygulama:<\/strong> 7 g\u00f6bek soy hatt\u0131n\u0131n taranmas\u0131, karmasal ba\u011flar\u0131n \u00e7\u00f6z\u00fcm\u00fc ve k\u00f6k enerjisinin \u015fifalanmas\u0131<\/p>\n<hr data-start=\"2543\" data-end=\"2546\" \/>\n<h2 data-start=\"2548\" data-end=\"2558\">\u26a1 Not<\/h2>\n<p data-start=\"2559\" data-end=\"2715\">Bu \u00e7al\u0131\u015fma, Yaradan\u2019dan gelen \u015fifan\u0131n alan\u0131d\u0131r ve <strong data-start=\"2609\" data-end=\"2650\">t\u0131bbi tedavinin alternatifi de\u011fildir.<\/strong><br data-start=\"2650\" data-end=\"2653\" \/>Fiziksel rahats\u0131zl\u0131klar i\u00e7in doktorunuza ba\u015fvurman\u0131z \u00f6nerilir.<\/p>\n","protected":false},"excerpt":{"rendered":"<p>\u00d6deme yap\u0131ld\u0131ktan sonra taraf\u0131n\u0131za g\u00f6nderilecek Linkten seansa dahil olabilirsiniz.<\/p>\n","protected":false},"featured_media":2444,"comment_status":"open","ping_status":"closed","template":"","meta":{"ocean_post_layout":"","ocean_both_sidebars_style":"","ocean_both_sidebars_content_width":0,"ocean_both_sidebars_sidebars_width":0,"ocean_sidebar":"0","ocean_second_sidebar":"0","ocean_disable_margins":"enable","ocean_add_body_class":"","ocean_shortcode_before_top_bar":"","ocean_shortcode_after_top_bar":"","ocean_shortcode_before_header":"","ocean_shortcode_after_header":"","ocean_has_shortcode":"","ocean_shortcode_after_title":"","ocean_shortcode_before_footer_widgets":"","ocean_shortcode_after_footer_widgets":"","ocean_shortcode_before_footer_bottom":"","ocean_shortcode_after_footer_bottom":"","ocean_display_top_bar":"default","ocean_display_header":"default","ocean_header_style":"","ocean_center_header_left_menu":"0","ocean_custom_header_template":"0","ocean_custom_logo":0,"ocean_custom_retina_logo":0,"ocean_custom_logo_max_width":0,"ocean_custom_logo_tablet_max_width":0,"ocean_custom_logo_mobile_max_width":0,"ocean_custom_logo_max_height":0,"ocean_custom_logo_tablet_max_height":0,"ocean_custom_logo_mobile_max_height":0,"ocean_header_custom_menu":"0","ocean_menu_typo_font_family":"0","ocean_menu_typo_font_subset":"","ocean_menu_typo_font_size":0,"ocean_menu_typo_font_size_tablet":0,"ocean_menu_typo_font_size_mobile":0,"ocean_menu_typo_font_size_unit":"px","ocean_menu_typo_font_weight":"","ocean_menu_typo_font_weight_tablet":"","ocean_menu_typo_font_weight_mobile":"","ocean_menu_typo_transform":"","ocean_menu_typo_transform_tablet":"","ocean_menu_typo_transform_mobile":"","ocean_menu_typo_line_height":0,"ocean_menu_typo_line_height_tablet":0,"ocean_menu_typo_line_height_mobile":0,"ocean_menu_typo_line_height_unit":"","ocean_menu_typo_spacing":0,"ocean_menu_typo_spacing_tablet":0,"ocean_menu_typo_spacing_mobile":0,"ocean_menu_typo_spacing_unit":"","ocean_menu_link_color":"","ocean_menu_link_color_hover":"","ocean_menu_link_color_active":"","ocean_menu_link_background":"","ocean_menu_link_hover_background":"","ocean_menu_link_active_background":"","ocean_menu_social_links_bg":"","ocean_menu_social_hover_links_bg":"","ocean_menu_social_links_color":"","ocean_menu_social_hover_links_color":"","ocean_disable_title":"default","ocean_disable_heading":"default","ocean_post_title":"","ocean_post_subheading":"","ocean_post_title_style":"","ocean_post_title_background_color":"","ocean_post_title_background":0,"ocean_post_title_bg_image_position":"","ocean_post_title_bg_image_attachment":"","ocean_post_title_bg_image_repeat":"","ocean_post_title_bg_image_size":"","ocean_post_title_height":0,"ocean_post_title_bg_overlay":0.5,"ocean_post_title_bg_overlay_color":"","ocean_disable_breadcrumbs":"default","ocean_breadcrumbs_color":"","ocean_breadcrumbs_separator_color":"","ocean_breadcrumbs_links_color":"","ocean_breadcrumbs_links_hover_color":"","ocean_display_footer_widgets":"default","ocean_display_footer_bottom":"default","ocean_custom_footer_template":"0","omw_enable_modal_window":"enable"},"product_brand":[],"product_cat":[38],"product_tag":[],"class_list":{"0":"post-2445","1":"product","2":"type-product","3":"status-publish","4":"has-post-thumbnail","6":"product_cat-seans","8":"entry","9":"has-media","11":"first","12":"instock","13":"shipping-taxable","14":"purchasable","15":"product-type-simple","16":"col","17":"span_1_of_3","18":"owp-content-center","19":"owp-thumbs-layout-horizontal","20":"owp-btn-normal","21":"owp-tabs-layout-horizontal","22":"has-no-thumbnails"},"_links":{"self":[{"href":"https:\/\/dorukkristalyasam.com\/index.php?rest_route=\/wp\/v2\/product\/2445","targetHints":{"allow":["GET"]}}],"collection":[{"href":"https:\/\/dorukkristalyasam.com\/index.php?rest_route=\/wp\/v2\/product"}],"about":[{"href":"https:\/\/dorukkristalyasam.com\/index.php?rest_route=\/wp\/v2\/types\/product"}],"replies":[{"embeddable":true,"href":"https:\/\/dorukkristalyasam.com\/index.php?rest_route=%2Fwp%2Fv2%2Fcomments&post=2445"}],"wp:featuredmedia":[{"embeddable":true,"href":"https:\/\/dorukkristalyasam.com\/index.php?rest_route=\/wp\/v2\/media\/2444"}],"wp:attachment":[{"href":"https:\/\/dorukkristalyasam.com\/index.php?rest_route=%2Fwp%2Fv2%2Fmedia&parent=2445"}],"wp:term":[{"taxonomy":"product_brand","embeddable":true,"href":"https:\/\/dorukkristalyasam.com\/index.php?rest_route=%2Fwp%2Fv2%2Fproduct_brand&post=2445"},{"taxonomy":"product_cat","embeddable":true,"href":"https:\/\/dorukkristalyasam.com\/index.php?rest_route=%2Fwp%2Fv2%2Fproduct_cat&post=2445"},{"taxonomy":"product_tag","embeddable":true,"href":"https:\/\/dorukkristalyasam.com\/index.php?rest_route=%2Fwp%2Fv2%2Fproduct_tag&post=2445"}],"curies":[{"name":"wp","href":"https:\/\/api.w.org\/{rel}","templated":true}]}}