{"id":2409,"date":"2025-07-17T14:50:52","date_gmt":"2025-07-17T14:50:52","guid":{"rendered":"https:\/\/dorukkristalyasam.com\/?post_type=product&#038;p=2409"},"modified":"2025-11-11T06:34:14","modified_gmt":"2025-11-11T06:34:14","slug":"manna-by-banu-sac-aksesuari-orange","status":"publish","type":"product","link":"https:\/\/dorukkristalyasam.com\/?product=manna-by-banu-sac-aksesuari-orange","title":{"rendered":"Manna By Banu sa\u00e7 Aksesuar\u0131 Orange"},"content":{"rendered":"<p data-start=\"100\" data-end=\"318\"><strong data-start=\"100\" data-end=\"138\">Do\u011fan\u0131n Zarafetini Sa\u00e7lar\u0131nda Ta\u015f\u0131<\/strong><br data-start=\"138\" data-end=\"141\" \/>\ud83c\udf3f\u2728<br data-start=\"144\" data-end=\"147\" \/>Her biri \u00f6zenle tasarlanm\u0131\u015f el yap\u0131m\u0131 t\u00fcy sa\u00e7 aksesuarlar\u0131m\u0131z, do\u011fan\u0131n ilham\u0131yla hayat buluyor. Ruhunu \u00f6zg\u00fcr b\u0131rakmak isteyenler i\u00e7in; bohem, mistik ve \u00f6zg\u00fcn tasar\u0131mlar&#8230;<\/p>\n<p data-start=\"320\" data-end=\"458\">\ud83e\udeb6 <em data-start=\"323\" data-end=\"458\">Ger\u00e7ek ku\u015f t\u00fcyleri, do\u011fal ta\u015flar, dantel ve organik materyallerle haz\u0131rlanan her par\u00e7a; benzersiz bir hik\u00e2ye ve \u00f6zg\u00fcn bir stil sunar.<\/em><\/p>\n<p data-start=\"460\" data-end=\"586\">\ud83d\udc51 Sa\u00e7 \u00f6rg\u00fclerine, topuzlara ya da serbest dalgalara zarif dokunu\u015flar ekle. Festivaller, \u00f6zel g\u00fcnler ya da sadece kendin i\u00e7in\u2026<\/p>\n<p data-start=\"588\" data-end=\"667\">\ud83d\udd90\ufe0f Tamam\u0131 el eme\u011fi, kalpten niyetle \u00fcretildi.<br data-start=\"634\" data-end=\"637\" \/>\ud83d\udc8c Ki\u015fiye \u00f6zel tasar\u0131m imk\u00e2n\u0131.<\/p>\n<hr data-start=\"669\" data-end=\"672\" \/>\n<p data-start=\"674\" data-end=\"692\"><strong data-start=\"674\" data-end=\"690\">Kategoriler:<\/strong><\/p>\n<ul data-start=\"693\" data-end=\"784\">\n<li data-start=\"693\" data-end=\"708\">\n<p data-start=\"695\" data-end=\"708\">T\u00fcy Tokalar<\/p>\n<\/li>\n<li data-start=\"709\" data-end=\"731\">\n<p data-start=\"711\" data-end=\"731\">Bohem Sa\u00e7 Bantlar\u0131<\/p>\n<\/li>\n<li data-start=\"732\" data-end=\"758\">\n<p data-start=\"734\" data-end=\"758\">Kristalli Sa\u00e7 Tak\u0131lar\u0131<\/p>\n<\/li>\n<li data-start=\"759\" data-end=\"784\">\n<p data-start=\"761\" data-end=\"784\">\u00d6zel G\u00fcn Aksesuarlar\u0131<\/p>\n<\/li>\n<\/ul>\n<hr data-start=\"786\" data-end=\"789\" \/>\n<p data-start=\"791\" data-end=\"812\"><strong data-start=\"791\" data-end=\"810\">Slogan \u00d6nerisi:<\/strong><\/p>\n<blockquote data-start=\"813\" data-end=\"857\">\n<p data-start=\"815\" data-end=\"857\">&#8220;Ruhunun Kanatlar\u0131n\u0131 Sa\u00e7lar\u0131nda Hisset.&#8221;<\/p>\n<\/blockquote>\n<p data-start=\"859\" data-end=\"1068\" data-is-last-node=\"\" data-is-only-node=\"\">\u0130stersen al\u0131\u015fveri\u015f sayfas\u0131 i\u00e7in \u00fcr\u00fcn ba\u015fl\u0131klar\u0131, a\u00e7\u0131klamalar\u0131 ya da SEO odakl\u0131 k\u0131sa metinler de haz\u0131rlayabilirim. Web sitenin temas\u0131 ya da varsa marka ismine g\u00f6re metni daha da \u00f6zelle\u015ftirebiliriz. \u0130ster misin?<\/p>\n","protected":false},"excerpt":{"rendered":"<p>Do\u011fan\u0131n Zarafetini Sa\u00e7lar\u0131nda Ta\u015f\u0131\ud83c\udf3f\u2728Her biri \u00f6zenle tasarlanm\u0131\u015f el yap\u0131m\u0131 t\u00fcy sa\u00e7 aksesuarlar\u0131m\u0131z, do\u011fan\u0131n ilham\u0131yla hayat buluyor. Ruhunu \u00f6zg\u00fcr b\u0131rakmak isteyenler i\u00e7in; bohem, mistik ve \u00f6zg\u00fcn tasar\u0131mlar&#8230; \ud83e\udeb6 Ger\u00e7ek ku\u015f t\u00fcyleri, do\u011fal ta\u015flar, dantel ve organik materyallerle haz\u0131rlanan her par\u00e7a; benzersiz bir hik\u00e2ye ve \u00f6zg\u00fcn bir stil sunar. \ud83d\udc51 Sa\u00e7 \u00f6rg\u00fclerine, topuzlara ya da serbest dalgalara [&hellip;]<\/p>\n","protected":false},"featured_media":2403,"comment_status":"open","ping_status":"closed","template":"","meta":{"ocean_post_layout":"","ocean_both_sidebars_style":"","ocean_both_sidebars_content_width":0,"ocean_both_sidebars_sidebars_width":0,"ocean_sidebar":"0","ocean_second_sidebar":"0","ocean_disable_margins":"enable","ocean_add_body_class":"","ocean_shortcode_before_top_bar":"","ocean_shortcode_after_top_bar":"","ocean_shortcode_before_header":"","ocean_shortcode_after_header":"","ocean_has_shortcode":"","ocean_shortcode_after_title":"","ocean_shortcode_before_footer_widgets":"","ocean_shortcode_after_footer_widgets":"","ocean_shortcode_before_footer_bottom":"","ocean_shortcode_after_footer_bottom":"","ocean_display_top_bar":"default","ocean_display_header":"default","ocean_header_style":"","ocean_center_header_left_menu":"0","ocean_custom_header_template":"0","ocean_custom_logo":0,"ocean_custom_retina_logo":0,"ocean_custom_logo_max_width":0,"ocean_custom_logo_tablet_max_width":0,"ocean_custom_logo_mobile_max_width":0,"ocean_custom_logo_max_height":0,"ocean_custom_logo_tablet_max_height":0,"ocean_custom_logo_mobile_max_height":0,"ocean_header_custom_menu":"0","ocean_menu_typo_font_family":"0","ocean_menu_typo_font_subset":"","ocean_menu_typo_font_size":0,"ocean_menu_typo_font_size_tablet":0,"ocean_menu_typo_font_size_mobile":0,"ocean_menu_typo_font_size_unit":"px","ocean_menu_typo_font_weight":"","ocean_menu_typo_font_weight_tablet":"","ocean_menu_typo_font_weight_mobile":"","ocean_menu_typo_transform":"","ocean_menu_typo_transform_tablet":"","ocean_menu_typo_transform_mobile":"","ocean_menu_typo_line_height":0,"ocean_menu_typo_line_height_tablet":0,"ocean_menu_typo_line_height_mobile":0,"ocean_menu_typo_line_height_unit":"","ocean_menu_typo_spacing":0,"ocean_menu_typo_spacing_tablet":0,"ocean_menu_typo_spacing_mobile":0,"ocean_menu_typo_spacing_unit":"","ocean_menu_link_color":"","ocean_menu_link_color_hover":"","ocean_menu_link_color_active":"","ocean_menu_link_background":"","ocean_menu_link_hover_background":"","ocean_menu_link_active_background":"","ocean_menu_social_links_bg":"","ocean_menu_social_hover_links_bg":"","ocean_menu_social_links_color":"","ocean_menu_social_hover_links_color":"","ocean_disable_title":"default","ocean_disable_heading":"default","ocean_post_title":"","ocean_post_subheading":"","ocean_post_title_style":"","ocean_post_title_background_color":"","ocean_post_title_background":0,"ocean_post_title_bg_image_position":"","ocean_post_title_bg_image_attachment":"","ocean_post_title_bg_image_repeat":"","ocean_post_title_bg_image_size":"","ocean_post_title_height":0,"ocean_post_title_bg_overlay":0.5,"ocean_post_title_bg_overlay_color":"","ocean_disable_breadcrumbs":"default","ocean_breadcrumbs_color":"","ocean_breadcrumbs_separator_color":"","ocean_breadcrumbs_links_color":"","ocean_breadcrumbs_links_hover_color":"","ocean_display_footer_widgets":"default","ocean_display_footer_bottom":"default","ocean_custom_footer_template":"0","omw_enable_modal_window":"enable"},"product_brand":[],"product_cat":[48],"product_tag":[],"class_list":{"0":"post-2409","1":"product","2":"type-product","3":"status-publish","4":"has-post-thumbnail","6":"product_cat-manna-__by-banu-tasarim","8":"entry","9":"has-media","11":"first","12":"instock","13":"shipping-taxable","14":"purchasable","15":"product-type-simple","16":"col","17":"span_1_of_3","18":"owp-content-center","19":"owp-thumbs-layout-horizontal","20":"owp-btn-normal","21":"owp-tabs-layout-horizontal","22":"has-no-thumbnails"},"_links":{"self":[{"href":"https:\/\/dorukkristalyasam.com\/index.php?rest_route=\/wp\/v2\/product\/2409","targetHints":{"allow":["GET"]}}],"collection":[{"href":"https:\/\/dorukkristalyasam.com\/index.php?rest_route=\/wp\/v2\/product"}],"about":[{"href":"https:\/\/dorukkristalyasam.com\/index.php?rest_route=\/wp\/v2\/types\/product"}],"replies":[{"embeddable":true,"href":"https:\/\/dorukkristalyasam.com\/index.php?rest_route=%2Fwp%2Fv2%2Fcomments&post=2409"}],"wp:featuredmedia":[{"embeddable":true,"href":"https:\/\/dorukkristalyasam.com\/index.php?rest_route=\/wp\/v2\/media\/2403"}],"wp:attachment":[{"href":"https:\/\/dorukkristalyasam.com\/index.php?rest_route=%2Fwp%2Fv2%2Fmedia&parent=2409"}],"wp:term":[{"taxonomy":"product_brand","embeddable":true,"href":"https:\/\/dorukkristalyasam.com\/index.php?rest_route=%2Fwp%2Fv2%2Fproduct_brand&post=2409"},{"taxonomy":"product_cat","embeddable":true,"href":"https:\/\/dorukkristalyasam.com\/index.php?rest_route=%2Fwp%2Fv2%2Fproduct_cat&post=2409"},{"taxonomy":"product_tag","embeddable":true,"href":"https:\/\/dorukkristalyasam.com\/index.php?rest_route=%2Fwp%2Fv2%2Fproduct_tag&post=2409"}],"curies":[{"name":"wp","href":"https:\/\/api.w.org\/{rel}","templated":true}]}}