{"id":2377,"date":"2025-06-20T14:01:24","date_gmt":"2025-06-20T14:01:24","guid":{"rendered":"https:\/\/dorukkristalyasam.com\/?post_type=product&#038;p=2377"},"modified":"2026-03-30T08:54:02","modified_gmt":"2026-03-30T08:54:02","slug":"%f0%9f%a6%85-kartal-anyolit-gucunle-yuksel","status":"publish","type":"product","link":"https:\/\/dorukkristalyasam.com\/?product=%f0%9f%a6%85-kartal-anyolit-gucunle-yuksel","title":{"rendered":"\ud83e\udd85 KARTAL ANYOL\u0130T | G\u00fcc\u00fcnle Y\u00fcksel"},"content":{"rendered":"<h3 data-start=\"208\" data-end=\"248\">\ud83e\udd85 KARTAL ANYOL\u0130T | G\u00fcc\u00fcnle Y\u00fcksel<\/h3>\n<p data-start=\"249\" data-end=\"448\"><em data-start=\"249\" data-end=\"364\">Do\u011fan\u0131n i\u015fledi\u011fi, ruhun sembol\u00fc haline gelen e\u015fsiz bir obje: Kartal formunda do\u011fal Anyolit ta\u015f\u0131 (Zoisit + Yakut).<\/em><br data-start=\"364\" data-end=\"367\" \/>Her bir detay, her k\u0131vr\u0131m, her renk ge\u00e7i\u015fi&#8230;<br data-start=\"412\" data-end=\"415\" \/>\u0130lahi bir g\u00fc\u00e7le \u015fekillenmi\u015f gibi.<\/p>\n<p data-start=\"450\" data-end=\"677\">\ud83e\uddff <strong data-start=\"453\" data-end=\"464\">Anyolit<\/strong>; Zoisit\u2019in ya\u015fam enerjisiyle Yakut\u2019un tutkusal g\u00fcc\u00fcn\u00fcn birle\u015fimi.<br data-start=\"530\" data-end=\"533\" \/>Bu iki ta\u015f\u0131n uyumu, sana hem <em data-start=\"562\" data-end=\"569\">denge<\/em> hem <em data-start=\"574\" data-end=\"580\">ate\u015f<\/em> sunar.<br data-start=\"587\" data-end=\"590\" \/>Ve bu obje, kartal\u0131n bak\u0131\u015f\u0131yla bir niyet ta\u015f\u0131r:<br data-start=\"637\" data-end=\"640\" \/><strong data-start=\"640\" data-end=\"677\">Y\u00fcksel. G\u00f6r. Hat\u0131rla. Cesaret et.<\/strong><\/p>\n<p data-start=\"679\" data-end=\"915\">\ud83e\udeb6 Kartal, benim i\u00e7in sadece bir hayvan de\u011fil\u2026<br data-start=\"725\" data-end=\"728\" \/>Ruhun \u00f6zg\u00fcrle\u015fmesini, yukar\u0131dan bakabilmeyi,<br data-start=\"772\" data-end=\"775\" \/>engellerin \u00f6tesini g\u00f6rebilmeyi temsil ediyor.<br data-start=\"820\" data-end=\"823\" \/>Anyolit ta\u015f\u0131 ise bu y\u00fckseli\u015fi <em data-start=\"853\" data-end=\"886\">toprakla ba\u011flant\u0131y\u0131 kaybetmeden<\/em> ya\u015faman i\u00e7in destek sunuyor.<\/p>\n<p data-start=\"917\" data-end=\"1173\">\ud83d\udcab Bu obje sana:<br data-start=\"933\" data-end=\"936\" \/>\u2022 \u0130\u00e7sel g\u00fcc\u00fcn\u00fc hat\u0131rlat\u0131r.<br data-start=\"962\" data-end=\"965\" \/>\u2022 Yorgun kalbini yeniden canland\u0131r\u0131r.<br data-start=\"1002\" data-end=\"1005\" \/>\u2022 Kararlar\u0131n\u0131 netle\u015ftirir, iradeni g\u00fc\u00e7lendirir.<br data-start=\"1052\" data-end=\"1055\" \/>\u2022 Hayat amac\u0131na daha net bir bak\u0131\u015f a\u00e7\u0131s\u0131 kazand\u0131r\u0131r.<br data-start=\"1107\" data-end=\"1110\" \/>\u2022 Cesaret, tutku ve ruhsal fark\u0131ndal\u0131k alan\u0131nda seni destekler.<\/p>\n<p data-start=\"1175\" data-end=\"1313\">\u2728 Her biri do\u011fan\u0131n hediyesi\u2026<br data-start=\"1203\" data-end=\"1206\" \/>Renk, desen ve \u015fekil olarak birbirinden farkl\u0131d\u0131r.<br data-start=\"1256\" data-end=\"1259\" \/>Ama hepsi ayn\u0131 niyeti ta\u015f\u0131r:<br data-start=\"1287\" data-end=\"1290\" \/><strong data-start=\"1290\" data-end=\"1313\">&#8220;Uyan ve \u00f6z\u00fcne u\u00e7.&#8221;<\/strong><\/p>\n<p data-start=\"1315\" data-end=\"1418\">Bu obje sadece bir s\u00fcs de\u011fil\u2026<br data-start=\"1344\" data-end=\"1347\" \/>Senin i\u00e7indeki kartal\u0131n g\u00f6zleriyle, ruhunu g\u00f6\u011fe ta\u015f\u0131yan bir anahtard\u0131r.<\/p>\n<p data-start=\"1420\" data-end=\"1515\">\u2014 <a class=\"\" href=\"http:\/\/www.dorukkristalyasam.com\" target=\"_new\" rel=\"noopener\" data-start=\"1422\" data-end=\"1447\">www.dorukkristalyasam.com<\/a><br data-start=\"1447\" data-end=\"1450\" \/>\u2728 Kartal gibi g\u00f6rmeye, Anyolit&#8217;in g\u00fcc\u00fcyle y\u00fckselmeye haz\u0131r m\u0131s\u0131n?<\/p>\n","protected":false},"excerpt":{"rendered":"<p>\ud83e\udd85 KARTAL ANYOL\u0130T | G\u00fcc\u00fcnle Y\u00fcksel Do\u011fan\u0131n i\u015fledi\u011fi, ruhun sembol\u00fc haline gelen e\u015fsiz bir obje: Kartal formunda do\u011fal Anyolit ta\u015f\u0131 (Zoisit + Yakut).Her bir detay, her k\u0131vr\u0131m, her renk ge\u00e7i\u015fi&#8230;\u0130lahi bir g\u00fc\u00e7le \u015fekillenmi\u015f gibi. \ud83e\uddff Anyolit; Zoisit\u2019in ya\u015fam enerjisiyle Yakut\u2019un tutkusal g\u00fcc\u00fcn\u00fcn birle\u015fimi.Bu iki ta\u015f\u0131n uyumu, sana hem denge hem ate\u015f sunar.Ve bu obje, kartal\u0131n [&hellip;]<\/p>\n","protected":false},"featured_media":2238,"comment_status":"open","ping_status":"closed","template":"","meta":{"ocean_post_layout":"","ocean_both_sidebars_style":"","ocean_both_sidebars_content_width":0,"ocean_both_sidebars_sidebars_width":0,"ocean_sidebar":"0","ocean_second_sidebar":"0","ocean_disable_margins":"enable","ocean_add_body_class":"","ocean_shortcode_before_top_bar":"","ocean_shortcode_after_top_bar":"","ocean_shortcode_before_header":"","ocean_shortcode_after_header":"","ocean_has_shortcode":"","ocean_shortcode_after_title":"","ocean_shortcode_before_footer_widgets":"","ocean_shortcode_after_footer_widgets":"","ocean_shortcode_before_footer_bottom":"","ocean_shortcode_after_footer_bottom":"","ocean_display_top_bar":"default","ocean_display_header":"default","ocean_header_style":"","ocean_center_header_left_menu":"0","ocean_custom_header_template":"0","ocean_custom_logo":0,"ocean_custom_retina_logo":0,"ocean_custom_logo_max_width":0,"ocean_custom_logo_tablet_max_width":0,"ocean_custom_logo_mobile_max_width":0,"ocean_custom_logo_max_height":0,"ocean_custom_logo_tablet_max_height":0,"ocean_custom_logo_mobile_max_height":0,"ocean_header_custom_menu":"0","ocean_menu_typo_font_family":"0","ocean_menu_typo_font_subset":"","ocean_menu_typo_font_size":0,"ocean_menu_typo_font_size_tablet":0,"ocean_menu_typo_font_size_mobile":0,"ocean_menu_typo_font_size_unit":"px","ocean_menu_typo_font_weight":"","ocean_menu_typo_font_weight_tablet":"","ocean_menu_typo_font_weight_mobile":"","ocean_menu_typo_transform":"","ocean_menu_typo_transform_tablet":"","ocean_menu_typo_transform_mobile":"","ocean_menu_typo_line_height":0,"ocean_menu_typo_line_height_tablet":0,"ocean_menu_typo_line_height_mobile":0,"ocean_menu_typo_line_height_unit":"","ocean_menu_typo_spacing":0,"ocean_menu_typo_spacing_tablet":0,"ocean_menu_typo_spacing_mobile":0,"ocean_menu_typo_spacing_unit":"","ocean_menu_link_color":"","ocean_menu_link_color_hover":"","ocean_menu_link_color_active":"","ocean_menu_link_background":"","ocean_menu_link_hover_background":"","ocean_menu_link_active_background":"","ocean_menu_social_links_bg":"","ocean_menu_social_hover_links_bg":"","ocean_menu_social_links_color":"","ocean_menu_social_hover_links_color":"","ocean_disable_title":"default","ocean_disable_heading":"default","ocean_post_title":"","ocean_post_subheading":"","ocean_post_title_style":"","ocean_post_title_background_color":"","ocean_post_title_background":0,"ocean_post_title_bg_image_position":"","ocean_post_title_bg_image_attachment":"","ocean_post_title_bg_image_repeat":"","ocean_post_title_bg_image_size":"","ocean_post_title_height":0,"ocean_post_title_bg_overlay":0.5,"ocean_post_title_bg_overlay_color":"","ocean_disable_breadcrumbs":"default","ocean_breadcrumbs_color":"","ocean_breadcrumbs_separator_color":"","ocean_breadcrumbs_links_color":"","ocean_breadcrumbs_links_hover_color":"","ocean_display_footer_widgets":"default","ocean_display_footer_bottom":"default","ocean_custom_footer_template":"0","omw_enable_modal_window":"enable"},"product_brand":[],"product_cat":[15,32],"product_tag":[],"class_list":{"0":"post-2377","1":"product","2":"type-product","3":"status-publish","4":"has-post-thumbnail","6":"product_cat-genel","7":"product_cat-sade_taslar","9":"entry","10":"has-media","12":"first","13":"instock","14":"shipping-taxable","15":"purchasable","16":"product-type-simple","17":"col","18":"span_1_of_3","19":"owp-content-center","20":"owp-thumbs-layout-horizontal","21":"owp-btn-normal","22":"owp-tabs-layout-horizontal"},"_links":{"self":[{"href":"https:\/\/dorukkristalyasam.com\/index.php?rest_route=\/wp\/v2\/product\/2377","targetHints":{"allow":["GET"]}}],"collection":[{"href":"https:\/\/dorukkristalyasam.com\/index.php?rest_route=\/wp\/v2\/product"}],"about":[{"href":"https:\/\/dorukkristalyasam.com\/index.php?rest_route=\/wp\/v2\/types\/product"}],"replies":[{"embeddable":true,"href":"https:\/\/dorukkristalyasam.com\/index.php?rest_route=%2Fwp%2Fv2%2Fcomments&post=2377"}],"wp:featuredmedia":[{"embeddable":true,"href":"https:\/\/dorukkristalyasam.com\/index.php?rest_route=\/wp\/v2\/media\/2238"}],"wp:attachment":[{"href":"https:\/\/dorukkristalyasam.com\/index.php?rest_route=%2Fwp%2Fv2%2Fmedia&parent=2377"}],"wp:term":[{"taxonomy":"product_brand","embeddable":true,"href":"https:\/\/dorukkristalyasam.com\/index.php?rest_route=%2Fwp%2Fv2%2Fproduct_brand&post=2377"},{"taxonomy":"product_cat","embeddable":true,"href":"https:\/\/dorukkristalyasam.com\/index.php?rest_route=%2Fwp%2Fv2%2Fproduct_cat&post=2377"},{"taxonomy":"product_tag","embeddable":true,"href":"https:\/\/dorukkristalyasam.com\/index.php?rest_route=%2Fwp%2Fv2%2Fproduct_tag&post=2377"}],"curies":[{"name":"wp","href":"https:\/\/api.w.org\/{rel}","templated":true}]}}