{"id":2370,"date":"2025-06-20T12:58:44","date_gmt":"2025-06-20T12:58:44","guid":{"rendered":"https:\/\/dorukkristalyasam.com\/?post_type=product&#038;p=2370"},"modified":"2026-03-30T08:55:01","modified_gmt":"2026-03-30T08:55:01","slug":"rutil-kuvars","status":"publish","type":"product","link":"https:\/\/dorukkristalyasam.com\/?product=rutil-kuvars","title":{"rendered":"RUT\u0130L KUVARS"},"content":{"rendered":"<h3 data-start=\"154\" data-end=\"195\">\u2728 RUT\u0130L KUVARS | \u0130lahi Zaman\u0131n Ta\u015f\u0131<\/h3>\n<p data-start=\"196\" data-end=\"386\">Baz\u0131 ta\u015flar vard\u0131r\u2026 bak\u0131nca i\u00e7ine \u00e7ekilirsin.<br data-start=\"241\" data-end=\"244\" \/>Rutil Kuvars i\u015fte \u00f6yle.<br data-start=\"267\" data-end=\"270\" \/>\u0130\u00e7inde sakl\u0131 alt\u0131n tellerle, evrenin g\u00f6r\u00fcnmeyen a\u011f\u0131 gibi&#8230;<br data-start=\"329\" data-end=\"332\" \/>Her bir \u0131\u015f\u0131lt\u0131s\u0131, kaderin ince dokunu\u015flar\u0131n\u0131 f\u0131s\u0131ldar.<\/p>\n<p data-start=\"388\" data-end=\"562\">Benim i\u00e7in Rutil Kuvars, sadece bir kristal de\u011fil.<br data-start=\"438\" data-end=\"441\" \/>\u0130lahi plan\u0131n, niyetin ve sabr\u0131n birle\u015fti\u011fi yerde<br data-start=\"489\" data-end=\"492\" \/>zihni susturan, sezgileri a\u00e7an, yolu netle\u015ftiren<br data-start=\"540\" data-end=\"543\" \/>bir yol arkada\u015f\u0131&#8230;<\/p>\n<p data-start=\"564\" data-end=\"689\">\ud83d\udcab \u0130\u00e7indeki alt\u0131n \u0131\u015f\u0131lt\u0131lar bo\u015funa de\u011fil:<br data-start=\"605\" data-end=\"608\" \/>Bunlar senin i\u00e7 g\u00fcc\u00fcn\u00fcn, ilahi ba\u011flant\u0131n\u0131n ve<br data-start=\"653\" data-end=\"656\" \/>evrende tuttu\u011fun yerin par\u0131lt\u0131s\u0131.<\/p>\n<p data-start=\"691\" data-end=\"804\">\ud83e\uddff Bu ta\u015f;<br data-start=\"701\" data-end=\"704\" \/>\u2022 Niyetlerini h\u0131zland\u0131r\u0131r,<br data-start=\"730\" data-end=\"733\" \/>\u2022 Enerjini netle\u015ftirir,<br data-start=\"756\" data-end=\"759\" \/>\u2022 Ve seni kendi zaman\u0131n\u0131n ritmine davet eder.<\/p>\n<p data-start=\"806\" data-end=\"997\">Bir mucizeyi bekliyorsan,<br data-start=\"831\" data-end=\"834\" \/>belki de o mucize Rutil Kuvars\u2019\u0131n i\u00e7inden g\u00f6z k\u0131rp\u0131yordur\u2026<br data-start=\"892\" data-end=\"895\" \/>Ben her dokundu\u011fum ta\u015f\u0131 hissederek se\u00e7erim.<br data-start=\"938\" data-end=\"941\" \/>Ve e\u011fer o da seni se\u00e7tiyse, bil ki bu bir tesad\u00fcf de\u011fil.<\/p>\n","protected":false},"excerpt":{"rendered":"<p>\u2728 RUT\u0130L KUVARS | \u0130lahi Zaman\u0131n Ta\u015f\u0131 Baz\u0131 ta\u015flar vard\u0131r\u2026 bak\u0131nca i\u00e7ine \u00e7ekilirsin.Rutil Kuvars i\u015fte \u00f6yle.\u0130\u00e7inde sakl\u0131 alt\u0131n tellerle, evrenin g\u00f6r\u00fcnmeyen a\u011f\u0131 gibi&#8230;Her bir \u0131\u015f\u0131lt\u0131s\u0131, kaderin ince dokunu\u015flar\u0131n\u0131 f\u0131s\u0131ldar. Benim i\u00e7in Rutil Kuvars, sadece bir kristal de\u011fil.\u0130lahi plan\u0131n, niyetin ve sabr\u0131n birle\u015fti\u011fi yerdezihni susturan, sezgileri a\u00e7an, yolu netle\u015ftirenbir yol arkada\u015f\u0131&#8230; \ud83d\udcab \u0130\u00e7indeki alt\u0131n \u0131\u015f\u0131lt\u0131lar bo\u015funa [&hellip;]<\/p>\n","protected":false},"featured_media":2234,"comment_status":"open","ping_status":"closed","template":"","meta":{"ocean_post_layout":"","ocean_both_sidebars_style":"","ocean_both_sidebars_content_width":0,"ocean_both_sidebars_sidebars_width":0,"ocean_sidebar":"0","ocean_second_sidebar":"0","ocean_disable_margins":"enable","ocean_add_body_class":"","ocean_shortcode_before_top_bar":"","ocean_shortcode_after_top_bar":"","ocean_shortcode_before_header":"","ocean_shortcode_after_header":"","ocean_has_shortcode":"","ocean_shortcode_after_title":"","ocean_shortcode_before_footer_widgets":"","ocean_shortcode_after_footer_widgets":"","ocean_shortcode_before_footer_bottom":"","ocean_shortcode_after_footer_bottom":"","ocean_display_top_bar":"default","ocean_display_header":"default","ocean_header_style":"","ocean_center_header_left_menu":"0","ocean_custom_header_template":"0","ocean_custom_logo":0,"ocean_custom_retina_logo":0,"ocean_custom_logo_max_width":0,"ocean_custom_logo_tablet_max_width":0,"ocean_custom_logo_mobile_max_width":0,"ocean_custom_logo_max_height":0,"ocean_custom_logo_tablet_max_height":0,"ocean_custom_logo_mobile_max_height":0,"ocean_header_custom_menu":"0","ocean_menu_typo_font_family":"0","ocean_menu_typo_font_subset":"","ocean_menu_typo_font_size":0,"ocean_menu_typo_font_size_tablet":0,"ocean_menu_typo_font_size_mobile":0,"ocean_menu_typo_font_size_unit":"px","ocean_menu_typo_font_weight":"","ocean_menu_typo_font_weight_tablet":"","ocean_menu_typo_font_weight_mobile":"","ocean_menu_typo_transform":"","ocean_menu_typo_transform_tablet":"","ocean_menu_typo_transform_mobile":"","ocean_menu_typo_line_height":0,"ocean_menu_typo_line_height_tablet":0,"ocean_menu_typo_line_height_mobile":0,"ocean_menu_typo_line_height_unit":"","ocean_menu_typo_spacing":0,"ocean_menu_typo_spacing_tablet":0,"ocean_menu_typo_spacing_mobile":0,"ocean_menu_typo_spacing_unit":"","ocean_menu_link_color":"","ocean_menu_link_color_hover":"","ocean_menu_link_color_active":"","ocean_menu_link_background":"","ocean_menu_link_hover_background":"","ocean_menu_link_active_background":"","ocean_menu_social_links_bg":"","ocean_menu_social_hover_links_bg":"","ocean_menu_social_links_color":"","ocean_menu_social_hover_links_color":"","ocean_disable_title":"default","ocean_disable_heading":"default","ocean_post_title":"","ocean_post_subheading":"","ocean_post_title_style":"","ocean_post_title_background_color":"","ocean_post_title_background":0,"ocean_post_title_bg_image_position":"","ocean_post_title_bg_image_attachment":"","ocean_post_title_bg_image_repeat":"","ocean_post_title_bg_image_size":"","ocean_post_title_height":0,"ocean_post_title_bg_overlay":0.5,"ocean_post_title_bg_overlay_color":"","ocean_disable_breadcrumbs":"default","ocean_breadcrumbs_color":"","ocean_breadcrumbs_separator_color":"","ocean_breadcrumbs_links_color":"","ocean_breadcrumbs_links_hover_color":"","ocean_display_footer_widgets":"default","ocean_display_footer_bottom":"default","ocean_custom_footer_template":"0","omw_enable_modal_window":"enable"},"product_brand":[],"product_cat":[32],"product_tag":[],"class_list":{"0":"post-2370","1":"product","2":"type-product","3":"status-publish","4":"has-post-thumbnail","6":"product_cat-sade_taslar","8":"entry","9":"has-media","11":"first","12":"instock","13":"shipping-taxable","14":"purchasable","15":"product-type-simple","16":"col","17":"span_1_of_3","18":"owp-content-center","19":"owp-thumbs-layout-horizontal","20":"owp-btn-normal","21":"owp-tabs-layout-horizontal"},"_links":{"self":[{"href":"https:\/\/dorukkristalyasam.com\/index.php?rest_route=\/wp\/v2\/product\/2370","targetHints":{"allow":["GET"]}}],"collection":[{"href":"https:\/\/dorukkristalyasam.com\/index.php?rest_route=\/wp\/v2\/product"}],"about":[{"href":"https:\/\/dorukkristalyasam.com\/index.php?rest_route=\/wp\/v2\/types\/product"}],"replies":[{"embeddable":true,"href":"https:\/\/dorukkristalyasam.com\/index.php?rest_route=%2Fwp%2Fv2%2Fcomments&post=2370"}],"wp:featuredmedia":[{"embeddable":true,"href":"https:\/\/dorukkristalyasam.com\/index.php?rest_route=\/wp\/v2\/media\/2234"}],"wp:attachment":[{"href":"https:\/\/dorukkristalyasam.com\/index.php?rest_route=%2Fwp%2Fv2%2Fmedia&parent=2370"}],"wp:term":[{"taxonomy":"product_brand","embeddable":true,"href":"https:\/\/dorukkristalyasam.com\/index.php?rest_route=%2Fwp%2Fv2%2Fproduct_brand&post=2370"},{"taxonomy":"product_cat","embeddable":true,"href":"https:\/\/dorukkristalyasam.com\/index.php?rest_route=%2Fwp%2Fv2%2Fproduct_cat&post=2370"},{"taxonomy":"product_tag","embeddable":true,"href":"https:\/\/dorukkristalyasam.com\/index.php?rest_route=%2Fwp%2Fv2%2Fproduct_tag&post=2370"}],"curies":[{"name":"wp","href":"https:\/\/api.w.org\/{rel}","templated":true}]}}