{"id":2365,"date":"2025-06-20T10:09:38","date_gmt":"2025-06-20T10:09:38","guid":{"rendered":"https:\/\/dorukkristalyasam.com\/?post_type=product&#038;p=2365"},"modified":"2025-06-20T19:29:44","modified_gmt":"2025-06-20T19:29:44","slug":"ametist-sembol-set","status":"publish","type":"product","link":"https:\/\/dorukkristalyasam.com\/?product=ametist-sembol-set","title":{"rendered":"AMET\u0130ST SEMBOL SET"},"content":{"rendered":"<p data-start=\"139\" data-end=\"311\">\ud83d\udd2e <strong data-start=\"142\" data-end=\"171\">Kutsal Geometri &amp; Ametist<\/strong><br data-start=\"171\" data-end=\"174\" \/>Enerji alan\u0131n\u0131 kutsayan, alan\u0131 koruyan, niyeti b\u00fcy\u00fcten bir birliktelik\u2026<br data-start=\"245\" data-end=\"248\" \/>Geometrinin evrensel diliyle ametistin \u015fifas\u0131 bu sette bulu\u015ftu.<\/p>\n<p data-start=\"313\" data-end=\"541\">\u2728 <strong data-start=\"315\" data-end=\"358\">Ya\u015fam \u00c7i\u00e7e\u011fi, Metatron K\u00fcp\u00fc, Sri Yantra<\/strong> gibi kutsal semboller\u2026<br data-start=\"381\" data-end=\"384\" \/>Her biri evrendeki uyumu, senin i\u00e7sel d\u00fczeninle bulu\u015ftursun diye\u2026<br data-start=\"449\" data-end=\"452\" \/>Ve merkezinde ametist\u2026<br data-start=\"474\" data-end=\"477\" \/>Zihni berrakla\u015ft\u0131ran, sezgileri a\u00e7an, ruhunu dinginle\u015ftiren ta\u015f\u2026<\/p>\n<p data-start=\"543\" data-end=\"685\">Bu \u00f6zel set:<br data-start=\"555\" data-end=\"558\" \/>\ud83c\udf0c Meditasyon alan\u0131n\u0131 kutsamak,<br data-start=\"589\" data-end=\"592\" \/>\ud83c\udf3f Niyet \u00e7al\u0131\u015fmalar\u0131na e\u015flik etmek,<br data-start=\"627\" data-end=\"630\" \/>\ud83d\udc9c Aura ve mek\u00e2n enerjisini dengelemek i\u00e7in tasarland\u0131.<\/p>\n<p data-start=\"687\" data-end=\"815\">Her sembol, ilahi d\u00fczenin bir par\u00e7as\u0131\u2026<br data-start=\"725\" data-end=\"728\" \/>Her ametist, i\u00e7sel bilgelik i\u00e7in bir anahtar\u2026<br data-start=\"773\" data-end=\"776\" \/>Bu setle enerjini hizala, \u00f6z\u00fcnle bulu\u015f.<\/p>\n<p data-start=\"817\" data-end=\"877\">\ud83c\udf00 &#8220;Kutsal olan zaten i\u00e7indeydi\u2026 Bu set sadece hat\u0131rlat\u0131c\u0131.&#8221;<\/p>\n","protected":false},"excerpt":{"rendered":"<p>\ud83d\udd2e Kutsal Geometri &amp; AmetistEnerji alan\u0131n\u0131 kutsayan, alan\u0131 koruyan, niyeti b\u00fcy\u00fcten bir birliktelik\u2026Geometrinin evrensel diliyle ametistin \u015fifas\u0131 bu sette bulu\u015ftu. \u2728 Ya\u015fam \u00c7i\u00e7e\u011fi, Metatron K\u00fcp\u00fc, Sri Yantra gibi kutsal semboller\u2026Her biri evrendeki uyumu, senin i\u00e7sel d\u00fczeninle bulu\u015ftursun diye\u2026Ve merkezinde ametist\u2026Zihni berrakla\u015ft\u0131ran, sezgileri a\u00e7an, ruhunu dinginle\u015ftiren ta\u015f\u2026 Bu \u00f6zel set:\ud83c\udf0c Meditasyon alan\u0131n\u0131 kutsamak,\ud83c\udf3f Niyet \u00e7al\u0131\u015fmalar\u0131na e\u015flik [&hellip;]<\/p>\n","protected":false},"featured_media":2229,"comment_status":"open","ping_status":"closed","template":"","meta":{"ocean_post_layout":"","ocean_both_sidebars_style":"","ocean_both_sidebars_content_width":0,"ocean_both_sidebars_sidebars_width":0,"ocean_sidebar":"0","ocean_second_sidebar":"0","ocean_disable_margins":"enable","ocean_add_body_class":"","ocean_shortcode_before_top_bar":"","ocean_shortcode_after_top_bar":"","ocean_shortcode_before_header":"","ocean_shortcode_after_header":"","ocean_has_shortcode":"","ocean_shortcode_after_title":"","ocean_shortcode_before_footer_widgets":"","ocean_shortcode_after_footer_widgets":"","ocean_shortcode_before_footer_bottom":"","ocean_shortcode_after_footer_bottom":"","ocean_display_top_bar":"default","ocean_display_header":"default","ocean_header_style":"","ocean_center_header_left_menu":"0","ocean_custom_header_template":"0","ocean_custom_logo":0,"ocean_custom_retina_logo":0,"ocean_custom_logo_max_width":0,"ocean_custom_logo_tablet_max_width":0,"ocean_custom_logo_mobile_max_width":0,"ocean_custom_logo_max_height":0,"ocean_custom_logo_tablet_max_height":0,"ocean_custom_logo_mobile_max_height":0,"ocean_header_custom_menu":"0","ocean_menu_typo_font_family":"0","ocean_menu_typo_font_subset":"","ocean_menu_typo_font_size":0,"ocean_menu_typo_font_size_tablet":0,"ocean_menu_typo_font_size_mobile":0,"ocean_menu_typo_font_size_unit":"px","ocean_menu_typo_font_weight":"","ocean_menu_typo_font_weight_tablet":"","ocean_menu_typo_font_weight_mobile":"","ocean_menu_typo_transform":"","ocean_menu_typo_transform_tablet":"","ocean_menu_typo_transform_mobile":"","ocean_menu_typo_line_height":0,"ocean_menu_typo_line_height_tablet":0,"ocean_menu_typo_line_height_mobile":0,"ocean_menu_typo_line_height_unit":"","ocean_menu_typo_spacing":0,"ocean_menu_typo_spacing_tablet":0,"ocean_menu_typo_spacing_mobile":0,"ocean_menu_typo_spacing_unit":"","ocean_menu_link_color":"","ocean_menu_link_color_hover":"","ocean_menu_link_color_active":"","ocean_menu_link_background":"","ocean_menu_link_hover_background":"","ocean_menu_link_active_background":"","ocean_menu_social_links_bg":"","ocean_menu_social_hover_links_bg":"","ocean_menu_social_links_color":"","ocean_menu_social_hover_links_color":"","ocean_disable_title":"default","ocean_disable_heading":"default","ocean_post_title":"","ocean_post_subheading":"","ocean_post_title_style":"","ocean_post_title_background_color":"","ocean_post_title_background":0,"ocean_post_title_bg_image_position":"","ocean_post_title_bg_image_attachment":"","ocean_post_title_bg_image_repeat":"","ocean_post_title_bg_image_size":"","ocean_post_title_height":0,"ocean_post_title_bg_overlay":0.5,"ocean_post_title_bg_overlay_color":"","ocean_disable_breadcrumbs":"default","ocean_breadcrumbs_color":"","ocean_breadcrumbs_separator_color":"","ocean_breadcrumbs_links_color":"","ocean_breadcrumbs_links_hover_color":"","ocean_display_footer_widgets":"default","ocean_display_footer_bottom":"default","ocean_custom_footer_template":"0","omw_enable_modal_window":"enable"},"product_brand":[],"product_cat":[32],"product_tag":[],"class_list":{"0":"post-2365","1":"product","2":"type-product","3":"status-publish","4":"has-post-thumbnail","6":"product_cat-sade_taslar","8":"entry","9":"has-media","11":"first","12":"instock","13":"shipping-taxable","14":"purchasable","15":"product-type-simple","16":"col","17":"span_1_of_3","18":"owp-content-center","19":"owp-thumbs-layout-horizontal","20":"owp-btn-normal","21":"owp-tabs-layout-horizontal"},"_links":{"self":[{"href":"https:\/\/dorukkristalyasam.com\/index.php?rest_route=\/wp\/v2\/product\/2365","targetHints":{"allow":["GET"]}}],"collection":[{"href":"https:\/\/dorukkristalyasam.com\/index.php?rest_route=\/wp\/v2\/product"}],"about":[{"href":"https:\/\/dorukkristalyasam.com\/index.php?rest_route=\/wp\/v2\/types\/product"}],"replies":[{"embeddable":true,"href":"https:\/\/dorukkristalyasam.com\/index.php?rest_route=%2Fwp%2Fv2%2Fcomments&post=2365"}],"wp:featuredmedia":[{"embeddable":true,"href":"https:\/\/dorukkristalyasam.com\/index.php?rest_route=\/wp\/v2\/media\/2229"}],"wp:attachment":[{"href":"https:\/\/dorukkristalyasam.com\/index.php?rest_route=%2Fwp%2Fv2%2Fmedia&parent=2365"}],"wp:term":[{"taxonomy":"product_brand","embeddable":true,"href":"https:\/\/dorukkristalyasam.com\/index.php?rest_route=%2Fwp%2Fv2%2Fproduct_brand&post=2365"},{"taxonomy":"product_cat","embeddable":true,"href":"https:\/\/dorukkristalyasam.com\/index.php?rest_route=%2Fwp%2Fv2%2Fproduct_cat&post=2365"},{"taxonomy":"product_tag","embeddable":true,"href":"https:\/\/dorukkristalyasam.com\/index.php?rest_route=%2Fwp%2Fv2%2Fproduct_tag&post=2365"}],"curies":[{"name":"wp","href":"https:\/\/api.w.org\/{rel}","templated":true}]}}