{"id":2212,"date":"2025-06-17T15:16:26","date_gmt":"2025-06-17T15:16:26","guid":{"rendered":"https:\/\/dorukkristalyasam.com\/?post_type=product&#038;p=2212"},"modified":"2025-06-17T15:16:27","modified_gmt":"2025-06-17T15:16:27","slug":"sitrin-rolex-bileklik-bolluk-seninle-aksin","status":"publish","type":"product","link":"https:\/\/dorukkristalyasam.com\/?product=sitrin-rolex-bileklik-bolluk-seninle-aksin","title":{"rendered":"S\u0130TR\u0130N ROLEX B\u0130LEKL\u0130K \u2013 BOLLUK SEN\u0130NLE AKSIN"},"content":{"rendered":"<h3 data-start=\"354\" data-end=\"408\"><strong data-start=\"358\" data-end=\"406\">S\u0130TR\u0130N ROLEX B\u0130LEKL\u0130K \u2013 BOLLUK SEN\u0130NLE AKSIN<\/strong><\/h3>\n<p data-start=\"409\" data-end=\"468\"><strong data-start=\"409\" data-end=\"468\">G\u00fc\u00e7l\u00fc Tasar\u0131m | G\u00fcne\u015f Enerjisi | 925 Ayar G\u00fcm\u00fc\u015f Detayl\u0131<\/strong><\/p>\n<p data-start=\"470\" data-end=\"695\">Bolluk bir d\u00fc\u015f\u00fcnce de\u011fil, bir frekanst\u0131r.<br data-start=\"511\" data-end=\"514\" \/>Ve <strong data-start=\"517\" data-end=\"527\">Sitrin<\/strong>, bu frekans\u0131n en parlak temsilcisidir.<br data-start=\"566\" data-end=\"569\" \/>\u2728 Ne\u015fe, \u00f6zg\u00fcven ve yarat\u0131m g\u00fcc\u00fcn\u00fc bile\u011fine ta\u015f\u0131yan bu \u00f6zel <strong data-start=\"628\" data-end=\"652\">Rolex model bileklik<\/strong>,<br data-start=\"653\" data-end=\"656\" \/>g\u00fcne\u015ften ilham al\u0131r, ruhunu ayd\u0131nlat\u0131r.<\/p>\n<p data-start=\"697\" data-end=\"861\">\ud83d\udc9b Sitrin ta\u015f\u0131:<br data-start=\"712\" data-end=\"715\" \/>\u2013 Bolluk bilincini aktive eder<br data-start=\"745\" data-end=\"748\" \/>\u2013 \u00d6zg\u00fcveni art\u0131r\u0131r<br data-start=\"766\" data-end=\"769\" \/>\u2013 Yarat\u0131c\u0131l\u0131\u011f\u0131 ve ya\u015fam co\u015fkusunu y\u00fckseltir<br data-start=\"812\" data-end=\"815\" \/>\u2013 Para blokajlar\u0131n\u0131 d\u00f6n\u00fc\u015ft\u00fcrmeye yard\u0131mc\u0131 olur<\/p>\n<p data-start=\"863\" data-end=\"1007\">925 ayar g\u00fcm\u00fc\u015f detaylarla tamamlanan bu bileklik,<br data-start=\"912\" data-end=\"915\" \/>g\u00fcnl\u00fck stiline zarif bir \u0131\u015f\u0131lt\u0131 katarken,<br data-start=\"956\" data-end=\"959\" \/>enerji alan\u0131nda da <strong data-start=\"978\" data-end=\"1007\">bolluk kap\u0131lar\u0131n\u0131 aralar.<\/strong><\/p>\n<p data-start=\"1009\" data-end=\"1058\">\ud83c\udf1e <strong data-start=\"1012\" data-end=\"1058\">I\u015f\u0131\u011f\u0131n\u0131 hat\u0131rla. Bolluk senin do\u011fanda var.<\/strong><\/p>\n","protected":false},"excerpt":{"rendered":"<p>S\u0130TR\u0130N ROLEX B\u0130LEKL\u0130K \u2013 BOLLUK SEN\u0130NLE AKSIN G\u00fc\u00e7l\u00fc Tasar\u0131m | G\u00fcne\u015f Enerjisi | 925 Ayar G\u00fcm\u00fc\u015f Detayl\u0131 Bolluk bir d\u00fc\u015f\u00fcnce de\u011fil, bir frekanst\u0131r.Ve Sitrin, bu frekans\u0131n en parlak temsilcisidir.\u2728 Ne\u015fe, \u00f6zg\u00fcven ve yarat\u0131m g\u00fcc\u00fcn\u00fc bile\u011fine ta\u015f\u0131yan bu \u00f6zel Rolex model bileklik,g\u00fcne\u015ften ilham al\u0131r, ruhunu ayd\u0131nlat\u0131r. \ud83d\udc9b Sitrin ta\u015f\u0131:\u2013 Bolluk bilincini aktive eder\u2013 \u00d6zg\u00fcveni art\u0131r\u0131r\u2013 Yarat\u0131c\u0131l\u0131\u011f\u0131 [&hellip;]<\/p>\n","protected":false},"featured_media":2086,"comment_status":"open","ping_status":"closed","template":"","meta":{"ocean_post_layout":"","ocean_both_sidebars_style":"","ocean_both_sidebars_content_width":0,"ocean_both_sidebars_sidebars_width":0,"ocean_sidebar":"0","ocean_second_sidebar":"0","ocean_disable_margins":"enable","ocean_add_body_class":"","ocean_shortcode_before_top_bar":"","ocean_shortcode_after_top_bar":"","ocean_shortcode_before_header":"","ocean_shortcode_after_header":"","ocean_has_shortcode":"","ocean_shortcode_after_title":"","ocean_shortcode_before_footer_widgets":"","ocean_shortcode_after_footer_widgets":"","ocean_shortcode_before_footer_bottom":"","ocean_shortcode_after_footer_bottom":"","ocean_display_top_bar":"default","ocean_display_header":"default","ocean_header_style":"","ocean_center_header_left_menu":"0","ocean_custom_header_template":"0","ocean_custom_logo":0,"ocean_custom_retina_logo":0,"ocean_custom_logo_max_width":0,"ocean_custom_logo_tablet_max_width":0,"ocean_custom_logo_mobile_max_width":0,"ocean_custom_logo_max_height":0,"ocean_custom_logo_tablet_max_height":0,"ocean_custom_logo_mobile_max_height":0,"ocean_header_custom_menu":"0","ocean_menu_typo_font_family":"0","ocean_menu_typo_font_subset":"","ocean_menu_typo_font_size":0,"ocean_menu_typo_font_size_tablet":0,"ocean_menu_typo_font_size_mobile":0,"ocean_menu_typo_font_size_unit":"px","ocean_menu_typo_font_weight":"","ocean_menu_typo_font_weight_tablet":"","ocean_menu_typo_font_weight_mobile":"","ocean_menu_typo_transform":"","ocean_menu_typo_transform_tablet":"","ocean_menu_typo_transform_mobile":"","ocean_menu_typo_line_height":0,"ocean_menu_typo_line_height_tablet":0,"ocean_menu_typo_line_height_mobile":0,"ocean_menu_typo_line_height_unit":"","ocean_menu_typo_spacing":0,"ocean_menu_typo_spacing_tablet":0,"ocean_menu_typo_spacing_mobile":0,"ocean_menu_typo_spacing_unit":"","ocean_menu_link_color":"","ocean_menu_link_color_hover":"","ocean_menu_link_color_active":"","ocean_menu_link_background":"","ocean_menu_link_hover_background":"","ocean_menu_link_active_background":"","ocean_menu_social_links_bg":"","ocean_menu_social_hover_links_bg":"","ocean_menu_social_links_color":"","ocean_menu_social_hover_links_color":"","ocean_disable_title":"default","ocean_disable_heading":"default","ocean_post_title":"","ocean_post_subheading":"","ocean_post_title_style":"","ocean_post_title_background_color":"","ocean_post_title_background":0,"ocean_post_title_bg_image_position":"","ocean_post_title_bg_image_attachment":"","ocean_post_title_bg_image_repeat":"","ocean_post_title_bg_image_size":"","ocean_post_title_height":0,"ocean_post_title_bg_overlay":0.5,"ocean_post_title_bg_overlay_color":"","ocean_disable_breadcrumbs":"default","ocean_breadcrumbs_color":"","ocean_breadcrumbs_separator_color":"","ocean_breadcrumbs_links_color":"","ocean_breadcrumbs_links_hover_color":"","ocean_display_footer_widgets":"default","ocean_display_footer_bottom":"default","ocean_custom_footer_template":"0","omw_enable_modal_window":"enable"},"product_brand":[],"product_cat":[30],"product_tag":[],"class_list":{"0":"post-2212","1":"product","2":"type-product","3":"status-publish","4":"has-post-thumbnail","6":"product_cat-bileklikler","8":"entry","9":"has-media","11":"first","12":"instock","13":"shipping-taxable","14":"purchasable","15":"product-type-simple","16":"col","17":"span_1_of_3","18":"owp-content-center","19":"owp-thumbs-layout-horizontal","20":"owp-btn-normal","21":"owp-tabs-layout-horizontal","22":"has-no-thumbnails"},"_links":{"self":[{"href":"https:\/\/dorukkristalyasam.com\/index.php?rest_route=\/wp\/v2\/product\/2212","targetHints":{"allow":["GET"]}}],"collection":[{"href":"https:\/\/dorukkristalyasam.com\/index.php?rest_route=\/wp\/v2\/product"}],"about":[{"href":"https:\/\/dorukkristalyasam.com\/index.php?rest_route=\/wp\/v2\/types\/product"}],"replies":[{"embeddable":true,"href":"https:\/\/dorukkristalyasam.com\/index.php?rest_route=%2Fwp%2Fv2%2Fcomments&post=2212"}],"wp:featuredmedia":[{"embeddable":true,"href":"https:\/\/dorukkristalyasam.com\/index.php?rest_route=\/wp\/v2\/media\/2086"}],"wp:attachment":[{"href":"https:\/\/dorukkristalyasam.com\/index.php?rest_route=%2Fwp%2Fv2%2Fmedia&parent=2212"}],"wp:term":[{"taxonomy":"product_brand","embeddable":true,"href":"https:\/\/dorukkristalyasam.com\/index.php?rest_route=%2Fwp%2Fv2%2Fproduct_brand&post=2212"},{"taxonomy":"product_cat","embeddable":true,"href":"https:\/\/dorukkristalyasam.com\/index.php?rest_route=%2Fwp%2Fv2%2Fproduct_cat&post=2212"},{"taxonomy":"product_tag","embeddable":true,"href":"https:\/\/dorukkristalyasam.com\/index.php?rest_route=%2Fwp%2Fv2%2Fproduct_tag&post=2212"}],"curies":[{"name":"wp","href":"https:\/\/api.w.org\/{rel}","templated":true}]}}