{"id":2211,"date":"2025-06-17T15:15:00","date_gmt":"2025-06-17T15:15:00","guid":{"rendered":"https:\/\/dorukkristalyasam.com\/?post_type=product&#038;p=2211"},"modified":"2025-06-17T15:15:00","modified_gmt":"2025-06-17T15:15:00","slug":"hemimorfit-bileklik-ruhunla-yeniden-bag-kur","status":"publish","type":"product","link":"https:\/\/dorukkristalyasam.com\/?product=hemimorfit-bileklik-ruhunla-yeniden-bag-kur","title":{"rendered":"HEM\u0130MORF\u0130T B\u0130LEKL\u0130K \u2013 RUHUNLA YEN\u0130DEN BA\u011e KUR"},"content":{"rendered":"<h3 data-start=\"311\" data-end=\"366\"><strong data-start=\"315\" data-end=\"364\">HEM\u0130MORF\u0130T B\u0130LEKL\u0130K \u2013 RUHUNLA YEN\u0130DEN BA\u011e KUR<\/strong><\/h3>\n<p data-start=\"367\" data-end=\"423\"><strong data-start=\"367\" data-end=\"423\">Y\u00fcksek Frekansl\u0131 \u015eifa | \u0130\u00e7sel Uyum | \u0130lahi Rehberlik<\/strong><\/p>\n<p data-start=\"425\" data-end=\"538\">Baz\u0131 ta\u015flar yaln\u0131zca g\u00f6r\u00fcnmez yaralar\u0131 iyile\u015ftirir\u2026<br data-start=\"476\" data-end=\"479\" \/>Baz\u0131lar\u0131 ise seni, <strong data-start=\"498\" data-end=\"538\">kendi i\u00e7 sesinle yeniden tan\u0131\u015ft\u0131r\u0131r.<\/strong><\/p>\n<p data-start=\"540\" data-end=\"706\">\u2728 <strong data-start=\"542\" data-end=\"556\">Hemimorfit<\/strong>, duygusal \u015fifan\u0131n ve y\u00fcksek benli\u011fe ba\u011flanman\u0131n kristalidir.<br data-start=\"617\" data-end=\"620\" \/>Bu \u00f6zel bileklik; seni merkezine \u00e7eker, ruhunun f\u0131s\u0131lt\u0131lar\u0131n\u0131 daha net duyman\u0131 sa\u011flar.<\/p>\n<p data-start=\"708\" data-end=\"843\">\ud83d\udc8e \u00d6z sevgi ve affetmeyi destekler<br data-start=\"742\" data-end=\"745\" \/>\ud83c\udf00 Kalp ve bo\u011faz \u00e7akras\u0131 ile uyumlan\u0131r<br data-start=\"783\" data-end=\"786\" \/>\ud83d\udcab \u0130lahi rehberlik, ilham ve sezgisel a\u00e7\u0131l\u0131ma destek olur<\/p>\n<p data-start=\"845\" data-end=\"970\">Mavi tonlar\u0131n\u0131n dinginli\u011fiyle \u0131\u015f\u0131ldayan bu bileklik,<br data-start=\"897\" data-end=\"900\" \/>yaln\u0131zca bir aksesuar de\u011fil&#8230;<br data-start=\"930\" data-end=\"933\" \/><strong data-start=\"933\" data-end=\"970\">I\u015f\u0131\u011fa a\u00e7\u0131lan bir ruhsal ge\u00e7ittir.<\/strong><\/p>\n<p data-start=\"972\" data-end=\"1058\">\ud83c\udf2c\ufe0f <strong data-start=\"976\" data-end=\"1018\">Hemimorfit ile ar\u0131n, ba\u011f kur, yenilen.<\/strong><br data-start=\"1018\" data-end=\"1021\" \/>\u00c7\u00fcnk\u00fc senin \u00f6z\u00fcn, \u015fifan\u0131n kayna\u011f\u0131d\u0131r.<\/p>\n","protected":false},"excerpt":{"rendered":"<p>HEM\u0130MORF\u0130T B\u0130LEKL\u0130K \u2013 RUHUNLA YEN\u0130DEN BA\u011e KUR Y\u00fcksek Frekansl\u0131 \u015eifa | \u0130\u00e7sel Uyum | \u0130lahi Rehberlik Baz\u0131 ta\u015flar yaln\u0131zca g\u00f6r\u00fcnmez yaralar\u0131 iyile\u015ftirir\u2026Baz\u0131lar\u0131 ise seni, kendi i\u00e7 sesinle yeniden tan\u0131\u015ft\u0131r\u0131r. \u2728 Hemimorfit, duygusal \u015fifan\u0131n ve y\u00fcksek benli\u011fe ba\u011flanman\u0131n kristalidir.Bu \u00f6zel bileklik; seni merkezine \u00e7eker, ruhunun f\u0131s\u0131lt\u0131lar\u0131n\u0131 daha net duyman\u0131 sa\u011flar. \ud83d\udc8e \u00d6z sevgi ve affetmeyi destekler\ud83c\udf00 [&hellip;]<\/p>\n","protected":false},"featured_media":2085,"comment_status":"open","ping_status":"closed","template":"","meta":{"ocean_post_layout":"","ocean_both_sidebars_style":"","ocean_both_sidebars_content_width":0,"ocean_both_sidebars_sidebars_width":0,"ocean_sidebar":"0","ocean_second_sidebar":"0","ocean_disable_margins":"enable","ocean_add_body_class":"","ocean_shortcode_before_top_bar":"","ocean_shortcode_after_top_bar":"","ocean_shortcode_before_header":"","ocean_shortcode_after_header":"","ocean_has_shortcode":"","ocean_shortcode_after_title":"","ocean_shortcode_before_footer_widgets":"","ocean_shortcode_after_footer_widgets":"","ocean_shortcode_before_footer_bottom":"","ocean_shortcode_after_footer_bottom":"","ocean_display_top_bar":"default","ocean_display_header":"default","ocean_header_style":"","ocean_center_header_left_menu":"0","ocean_custom_header_template":"0","ocean_custom_logo":0,"ocean_custom_retina_logo":0,"ocean_custom_logo_max_width":0,"ocean_custom_logo_tablet_max_width":0,"ocean_custom_logo_mobile_max_width":0,"ocean_custom_logo_max_height":0,"ocean_custom_logo_tablet_max_height":0,"ocean_custom_logo_mobile_max_height":0,"ocean_header_custom_menu":"0","ocean_menu_typo_font_family":"0","ocean_menu_typo_font_subset":"","ocean_menu_typo_font_size":0,"ocean_menu_typo_font_size_tablet":0,"ocean_menu_typo_font_size_mobile":0,"ocean_menu_typo_font_size_unit":"px","ocean_menu_typo_font_weight":"","ocean_menu_typo_font_weight_tablet":"","ocean_menu_typo_font_weight_mobile":"","ocean_menu_typo_transform":"","ocean_menu_typo_transform_tablet":"","ocean_menu_typo_transform_mobile":"","ocean_menu_typo_line_height":0,"ocean_menu_typo_line_height_tablet":0,"ocean_menu_typo_line_height_mobile":0,"ocean_menu_typo_line_height_unit":"","ocean_menu_typo_spacing":0,"ocean_menu_typo_spacing_tablet":0,"ocean_menu_typo_spacing_mobile":0,"ocean_menu_typo_spacing_unit":"","ocean_menu_link_color":"","ocean_menu_link_color_hover":"","ocean_menu_link_color_active":"","ocean_menu_link_background":"","ocean_menu_link_hover_background":"","ocean_menu_link_active_background":"","ocean_menu_social_links_bg":"","ocean_menu_social_hover_links_bg":"","ocean_menu_social_links_color":"","ocean_menu_social_hover_links_color":"","ocean_disable_title":"default","ocean_disable_heading":"default","ocean_post_title":"","ocean_post_subheading":"","ocean_post_title_style":"","ocean_post_title_background_color":"","ocean_post_title_background":0,"ocean_post_title_bg_image_position":"","ocean_post_title_bg_image_attachment":"","ocean_post_title_bg_image_repeat":"","ocean_post_title_bg_image_size":"","ocean_post_title_height":0,"ocean_post_title_bg_overlay":0.5,"ocean_post_title_bg_overlay_color":"","ocean_disable_breadcrumbs":"default","ocean_breadcrumbs_color":"","ocean_breadcrumbs_separator_color":"","ocean_breadcrumbs_links_color":"","ocean_breadcrumbs_links_hover_color":"","ocean_display_footer_widgets":"default","ocean_display_footer_bottom":"default","ocean_custom_footer_template":"0","omw_enable_modal_window":"enable"},"product_brand":[],"product_cat":[30],"product_tag":[],"class_list":{"0":"post-2211","1":"product","2":"type-product","3":"status-publish","4":"has-post-thumbnail","6":"product_cat-bileklikler","8":"entry","9":"has-media","11":"first","12":"instock","13":"shipping-taxable","14":"purchasable","15":"product-type-simple","16":"col","17":"span_1_of_3","18":"owp-content-center","19":"owp-thumbs-layout-horizontal","20":"owp-btn-normal","21":"owp-tabs-layout-horizontal","22":"has-no-thumbnails"},"_links":{"self":[{"href":"https:\/\/dorukkristalyasam.com\/index.php?rest_route=\/wp\/v2\/product\/2211","targetHints":{"allow":["GET"]}}],"collection":[{"href":"https:\/\/dorukkristalyasam.com\/index.php?rest_route=\/wp\/v2\/product"}],"about":[{"href":"https:\/\/dorukkristalyasam.com\/index.php?rest_route=\/wp\/v2\/types\/product"}],"replies":[{"embeddable":true,"href":"https:\/\/dorukkristalyasam.com\/index.php?rest_route=%2Fwp%2Fv2%2Fcomments&post=2211"}],"wp:featuredmedia":[{"embeddable":true,"href":"https:\/\/dorukkristalyasam.com\/index.php?rest_route=\/wp\/v2\/media\/2085"}],"wp:attachment":[{"href":"https:\/\/dorukkristalyasam.com\/index.php?rest_route=%2Fwp%2Fv2%2Fmedia&parent=2211"}],"wp:term":[{"taxonomy":"product_brand","embeddable":true,"href":"https:\/\/dorukkristalyasam.com\/index.php?rest_route=%2Fwp%2Fv2%2Fproduct_brand&post=2211"},{"taxonomy":"product_cat","embeddable":true,"href":"https:\/\/dorukkristalyasam.com\/index.php?rest_route=%2Fwp%2Fv2%2Fproduct_cat&post=2211"},{"taxonomy":"product_tag","embeddable":true,"href":"https:\/\/dorukkristalyasam.com\/index.php?rest_route=%2Fwp%2Fv2%2Fproduct_tag&post=2211"}],"curies":[{"name":"wp","href":"https:\/\/api.w.org\/{rel}","templated":true}]}}