{"id":2207,"date":"2025-06-17T14:53:25","date_gmt":"2025-06-17T14:53:25","guid":{"rendered":"https:\/\/dorukkristalyasam.com\/?post_type=product&#038;p=2207"},"modified":"2025-06-17T14:53:25","modified_gmt":"2025-06-17T14:53:25","slug":"kristal-kuvars-11-mm-bileklik","status":"publish","type":"product","link":"https:\/\/dorukkristalyasam.com\/?product=kristal-kuvars-11-mm-bileklik","title":{"rendered":"KR\u0130STAL KUVARS 11 MM B\u0130LEKL\u0130K"},"content":{"rendered":"<h3 data-start=\"165\" data-end=\"229\"><strong data-start=\"169\" data-end=\"227\">KR\u0130STAL KUVARS B\u0130LEKL\u0130K \u2013 I\u015eI\u011eIN TA\u015eI, RUHUN YANSIMASI<\/strong><\/h3>\n<p data-start=\"230\" data-end=\"264\"><strong data-start=\"230\" data-end=\"264\">Saf Enerji | Ar\u0131nma | Netle\u015fme<\/strong><\/p>\n<p data-start=\"266\" data-end=\"370\">Her \u015fey bir niyetle ba\u015flar\u2026<br data-start=\"293\" data-end=\"296\" \/>Ve <strong data-start=\"299\" data-end=\"317\">Kristal Kuvars<\/strong>, o niyetin en saf haliyle evrene yans\u0131mas\u0131n\u0131 sa\u011flar.<\/p>\n<p data-start=\"372\" data-end=\"524\">Bu \u00f6zel bileklik;<br data-start=\"389\" data-end=\"392\" \/>\u2013 Enerji alan\u0131n\u0131 ar\u0131nd\u0131rmak,<br data-start=\"420\" data-end=\"423\" \/>\u2013 Zihinsel netlik sa\u011flamak,<br data-start=\"450\" data-end=\"453\" \/>\u2013 Ve kalbinden ge\u00e7en dilekleri g\u00fc\u00e7lendirmek isteyenler i\u00e7in tasarland\u0131.<\/p>\n<p data-start=\"526\" data-end=\"685\">\u2728 <strong data-start=\"528\" data-end=\"546\">Kristal Kuvars<\/strong>, \u201c\u015fifac\u0131lar\u0131n ta\u015f\u0131\u201d olarak bilinir.<br data-start=\"582\" data-end=\"585\" \/>T\u00fcm \u00e7akralarla uyumlan\u0131r, enerjini dengeler, negatif titre\u015fimleri n\u00f6trleyerek alan\u0131nda \u0131\u015f\u0131k yarat\u0131r.<\/p>\n<p data-start=\"687\" data-end=\"778\">\ud83c\udf00 Bu bileklik, yaln\u0131zca bir aksesuar de\u011fil\u2026<br data-start=\"731\" data-end=\"734\" \/><strong data-start=\"734\" data-end=\"778\">\u0130\u00e7indeki \u0131\u015f\u0131\u011f\u0131 b\u00fcy\u00fctmen i\u00e7in bir rehber.<\/strong><\/p>\n<p data-start=\"780\" data-end=\"928\">G\u00fcnl\u00fck ya\u015fam\u0131nda, meditasyonlar\u0131nda ya da \u00f6nemli kararlar \u00f6ncesi bu bilekli\u011fi tak \u2013<br data-start=\"863\" data-end=\"866\" \/>niyetini belirle, nefes al ve kristalin bilgeli\u011fine teslim ol.<\/p>\n<p data-start=\"930\" data-end=\"982\">\ud83c\udf3f <strong data-start=\"933\" data-end=\"982\">Sen \u0131\u015f\u0131\u011f\u0131n\u0131 hat\u0131rlad\u0131\u011f\u0131nda, evren yank\u0131lan\u0131r.<\/strong><\/p>\n","protected":false},"excerpt":{"rendered":"<p>KR\u0130STAL KUVARS B\u0130LEKL\u0130K \u2013 I\u015eI\u011eIN TA\u015eI, RUHUN YANSIMASI Saf Enerji | Ar\u0131nma | Netle\u015fme Her \u015fey bir niyetle ba\u015flar\u2026Ve Kristal Kuvars, o niyetin en saf haliyle evrene yans\u0131mas\u0131n\u0131 sa\u011flar. Bu \u00f6zel bileklik;\u2013 Enerji alan\u0131n\u0131 ar\u0131nd\u0131rmak,\u2013 Zihinsel netlik sa\u011flamak,\u2013 Ve kalbinden ge\u00e7en dilekleri g\u00fc\u00e7lendirmek isteyenler i\u00e7in tasarland\u0131. \u2728 Kristal Kuvars, \u201c\u015fifac\u0131lar\u0131n ta\u015f\u0131\u201d olarak bilinir.T\u00fcm \u00e7akralarla uyumlan\u0131r, [&hellip;]<\/p>\n","protected":false},"featured_media":2079,"comment_status":"open","ping_status":"closed","template":"","meta":{"ocean_post_layout":"","ocean_both_sidebars_style":"","ocean_both_sidebars_content_width":0,"ocean_both_sidebars_sidebars_width":0,"ocean_sidebar":"0","ocean_second_sidebar":"0","ocean_disable_margins":"enable","ocean_add_body_class":"","ocean_shortcode_before_top_bar":"","ocean_shortcode_after_top_bar":"","ocean_shortcode_before_header":"","ocean_shortcode_after_header":"","ocean_has_shortcode":"","ocean_shortcode_after_title":"","ocean_shortcode_before_footer_widgets":"","ocean_shortcode_after_footer_widgets":"","ocean_shortcode_before_footer_bottom":"","ocean_shortcode_after_footer_bottom":"","ocean_display_top_bar":"default","ocean_display_header":"default","ocean_header_style":"","ocean_center_header_left_menu":"0","ocean_custom_header_template":"0","ocean_custom_logo":0,"ocean_custom_retina_logo":0,"ocean_custom_logo_max_width":0,"ocean_custom_logo_tablet_max_width":0,"ocean_custom_logo_mobile_max_width":0,"ocean_custom_logo_max_height":0,"ocean_custom_logo_tablet_max_height":0,"ocean_custom_logo_mobile_max_height":0,"ocean_header_custom_menu":"0","ocean_menu_typo_font_family":"0","ocean_menu_typo_font_subset":"","ocean_menu_typo_font_size":0,"ocean_menu_typo_font_size_tablet":0,"ocean_menu_typo_font_size_mobile":0,"ocean_menu_typo_font_size_unit":"px","ocean_menu_typo_font_weight":"","ocean_menu_typo_font_weight_tablet":"","ocean_menu_typo_font_weight_mobile":"","ocean_menu_typo_transform":"","ocean_menu_typo_transform_tablet":"","ocean_menu_typo_transform_mobile":"","ocean_menu_typo_line_height":0,"ocean_menu_typo_line_height_tablet":0,"ocean_menu_typo_line_height_mobile":0,"ocean_menu_typo_line_height_unit":"","ocean_menu_typo_spacing":0,"ocean_menu_typo_spacing_tablet":0,"ocean_menu_typo_spacing_mobile":0,"ocean_menu_typo_spacing_unit":"","ocean_menu_link_color":"","ocean_menu_link_color_hover":"","ocean_menu_link_color_active":"","ocean_menu_link_background":"","ocean_menu_link_hover_background":"","ocean_menu_link_active_background":"","ocean_menu_social_links_bg":"","ocean_menu_social_hover_links_bg":"","ocean_menu_social_links_color":"","ocean_menu_social_hover_links_color":"","ocean_disable_title":"default","ocean_disable_heading":"default","ocean_post_title":"","ocean_post_subheading":"","ocean_post_title_style":"","ocean_post_title_background_color":"","ocean_post_title_background":0,"ocean_post_title_bg_image_position":"","ocean_post_title_bg_image_attachment":"","ocean_post_title_bg_image_repeat":"","ocean_post_title_bg_image_size":"","ocean_post_title_height":0,"ocean_post_title_bg_overlay":0.5,"ocean_post_title_bg_overlay_color":"","ocean_disable_breadcrumbs":"default","ocean_breadcrumbs_color":"","ocean_breadcrumbs_separator_color":"","ocean_breadcrumbs_links_color":"","ocean_breadcrumbs_links_hover_color":"","ocean_display_footer_widgets":"default","ocean_display_footer_bottom":"default","ocean_custom_footer_template":"0","omw_enable_modal_window":"enable"},"product_brand":[],"product_cat":[30],"product_tag":[],"class_list":{"0":"post-2207","1":"product","2":"type-product","3":"status-publish","4":"has-post-thumbnail","6":"product_cat-bileklikler","8":"entry","9":"has-media","11":"first","12":"instock","13":"shipping-taxable","14":"purchasable","15":"product-type-simple","16":"col","17":"span_1_of_3","18":"owp-content-center","19":"owp-thumbs-layout-horizontal","20":"owp-btn-normal","21":"owp-tabs-layout-horizontal","22":"has-no-thumbnails"},"_links":{"self":[{"href":"https:\/\/dorukkristalyasam.com\/index.php?rest_route=\/wp\/v2\/product\/2207","targetHints":{"allow":["GET"]}}],"collection":[{"href":"https:\/\/dorukkristalyasam.com\/index.php?rest_route=\/wp\/v2\/product"}],"about":[{"href":"https:\/\/dorukkristalyasam.com\/index.php?rest_route=\/wp\/v2\/types\/product"}],"replies":[{"embeddable":true,"href":"https:\/\/dorukkristalyasam.com\/index.php?rest_route=%2Fwp%2Fv2%2Fcomments&post=2207"}],"wp:featuredmedia":[{"embeddable":true,"href":"https:\/\/dorukkristalyasam.com\/index.php?rest_route=\/wp\/v2\/media\/2079"}],"wp:attachment":[{"href":"https:\/\/dorukkristalyasam.com\/index.php?rest_route=%2Fwp%2Fv2%2Fmedia&parent=2207"}],"wp:term":[{"taxonomy":"product_brand","embeddable":true,"href":"https:\/\/dorukkristalyasam.com\/index.php?rest_route=%2Fwp%2Fv2%2Fproduct_brand&post=2207"},{"taxonomy":"product_cat","embeddable":true,"href":"https:\/\/dorukkristalyasam.com\/index.php?rest_route=%2Fwp%2Fv2%2Fproduct_cat&post=2207"},{"taxonomy":"product_tag","embeddable":true,"href":"https:\/\/dorukkristalyasam.com\/index.php?rest_route=%2Fwp%2Fv2%2Fproduct_tag&post=2207"}],"curies":[{"name":"wp","href":"https:\/\/api.w.org\/{rel}","templated":true}]}}