{"id":2206,"date":"2025-06-17T14:47:54","date_gmt":"2025-06-17T14:47:54","guid":{"rendered":"https:\/\/dorukkristalyasam.com\/?post_type=product&#038;p=2206"},"modified":"2025-06-17T14:48:22","modified_gmt":"2025-06-17T14:48:22","slug":"2206","status":"publish","type":"product","link":"https:\/\/dorukkristalyasam.com\/?product=2206","title":{"rendered":"DUMANLI KUVARS B\u0130LEKL\u0130K \u2013 K\u00d6KLEN, G\u00dcC\u00dcN\u00dc HATIRLA"},"content":{"rendered":"<h3 data-start=\"262\" data-end=\"320\"><strong data-start=\"266\" data-end=\"318\">DUMANLI KUVARS B\u0130LEKL\u0130K \u2013 K\u00d6KLEN, G\u00dcC\u00dcN\u00dc HATIRLA<\/strong><\/h3>\n<p data-start=\"321\" data-end=\"376\"><strong data-start=\"321\" data-end=\"376\">925 Ayar G\u00fcm\u00fc\u015f Detayl\u0131 | Ar\u0131nma \u2013 Koruma \u2013 G\u00fc\u00e7lenme<\/strong><\/p>\n<p data-start=\"378\" data-end=\"470\">Baz\u0131 kristaller vard\u0131r\u2026<br data-start=\"401\" data-end=\"404\" \/>Sessizce \u00e7al\u0131\u015f\u0131r, derinden d\u00f6n\u00fc\u015ft\u00fcr\u00fcr, seni \u00f6z g\u00fcc\u00fcnle bulu\u015fturur.<\/p>\n<p data-start=\"472\" data-end=\"604\"><strong data-start=\"472\" data-end=\"499\">Dumanl\u0131 Kuvars Bileklik<\/strong>,<br data-start=\"500\" data-end=\"503\" \/>enerji alan\u0131n\u0131 topraklayan, zihinsel gerginli\u011fi \u00e7\u00f6zen ve seni merkezine \u00e7eken g\u00fc\u00e7l\u00fc bir \u015fifa ta\u015f\u0131d\u0131r.<\/p>\n<p data-start=\"606\" data-end=\"799\">\ud83c\udf00 Negatif enerjileri d\u00f6n\u00fc\u015ft\u00fcr\u00fcr.<br data-start=\"639\" data-end=\"642\" \/>\ud83e\uddd8\u200d\u2640\ufe0f K\u00f6k \u00e7akray\u0131 dengeler, stres ve korkuyla ba\u015fa \u00e7\u0131kmay\u0131 kolayla\u015ft\u0131r\u0131r.<br data-start=\"715\" data-end=\"718\" \/>\ud83d\udee1\ufe0f Koruma kalkan\u0131 gibi \u00e7al\u0131\u015f\u0131r; hem duygusal hem zihinsel alan\u0131na huzur getirir.<\/p>\n<p data-start=\"801\" data-end=\"943\"><br data-start=\"854\" data-end=\"857\" \/>g\u00fcndelik ya\u015fam\u0131n karma\u015fas\u0131nda sana duru\u015f, diren\u00e7 ve denge kazand\u0131rmak i\u00e7in haz\u0131rland\u0131.<\/p>\n<p data-start=\"945\" data-end=\"1050\">\ud83c\udf2b\ufe0f <strong data-start=\"949\" data-end=\"994\">Zihnini ar\u0131nd\u0131r. Alan\u0131n\u0131 temizle. K\u00f6klen.<\/strong><br data-start=\"994\" data-end=\"997\" \/>\u00c7\u00fcnk\u00fc bazen en b\u00fcy\u00fck \u0131\u015f\u0131k, karanl\u0131\u011f\u0131n i\u00e7inden parlar.<\/p>\n","protected":false},"excerpt":{"rendered":"<p>DUMANLI KUVARS B\u0130LEKL\u0130K \u2013 K\u00d6KLEN, G\u00dcC\u00dcN\u00dc HATIRLA 925 Ayar G\u00fcm\u00fc\u015f Detayl\u0131 | Ar\u0131nma \u2013 Koruma \u2013 G\u00fc\u00e7lenme Baz\u0131 kristaller vard\u0131r\u2026Sessizce \u00e7al\u0131\u015f\u0131r, derinden d\u00f6n\u00fc\u015ft\u00fcr\u00fcr, seni \u00f6z g\u00fcc\u00fcnle bulu\u015fturur. Dumanl\u0131 Kuvars Bileklik,enerji alan\u0131n\u0131 topraklayan, zihinsel gerginli\u011fi \u00e7\u00f6zen ve seni merkezine \u00e7eken g\u00fc\u00e7l\u00fc bir \u015fifa ta\u015f\u0131d\u0131r. \ud83c\udf00 Negatif enerjileri d\u00f6n\u00fc\u015ft\u00fcr\u00fcr.\ud83e\uddd8\u200d\u2640\ufe0f K\u00f6k \u00e7akray\u0131 dengeler, stres ve korkuyla ba\u015fa \u00e7\u0131kmay\u0131 [&hellip;]<\/p>\n","protected":false},"featured_media":2078,"comment_status":"open","ping_status":"closed","template":"","meta":{"ocean_post_layout":"","ocean_both_sidebars_style":"","ocean_both_sidebars_content_width":0,"ocean_both_sidebars_sidebars_width":0,"ocean_sidebar":"0","ocean_second_sidebar":"0","ocean_disable_margins":"enable","ocean_add_body_class":"","ocean_shortcode_before_top_bar":"","ocean_shortcode_after_top_bar":"","ocean_shortcode_before_header":"","ocean_shortcode_after_header":"","ocean_has_shortcode":"","ocean_shortcode_after_title":"","ocean_shortcode_before_footer_widgets":"","ocean_shortcode_after_footer_widgets":"","ocean_shortcode_before_footer_bottom":"","ocean_shortcode_after_footer_bottom":"","ocean_display_top_bar":"default","ocean_display_header":"default","ocean_header_style":"","ocean_center_header_left_menu":"0","ocean_custom_header_template":"0","ocean_custom_logo":0,"ocean_custom_retina_logo":0,"ocean_custom_logo_max_width":0,"ocean_custom_logo_tablet_max_width":0,"ocean_custom_logo_mobile_max_width":0,"ocean_custom_logo_max_height":0,"ocean_custom_logo_tablet_max_height":0,"ocean_custom_logo_mobile_max_height":0,"ocean_header_custom_menu":"0","ocean_menu_typo_font_family":"0","ocean_menu_typo_font_subset":"","ocean_menu_typo_font_size":0,"ocean_menu_typo_font_size_tablet":0,"ocean_menu_typo_font_size_mobile":0,"ocean_menu_typo_font_size_unit":"px","ocean_menu_typo_font_weight":"","ocean_menu_typo_font_weight_tablet":"","ocean_menu_typo_font_weight_mobile":"","ocean_menu_typo_transform":"","ocean_menu_typo_transform_tablet":"","ocean_menu_typo_transform_mobile":"","ocean_menu_typo_line_height":0,"ocean_menu_typo_line_height_tablet":0,"ocean_menu_typo_line_height_mobile":0,"ocean_menu_typo_line_height_unit":"","ocean_menu_typo_spacing":0,"ocean_menu_typo_spacing_tablet":0,"ocean_menu_typo_spacing_mobile":0,"ocean_menu_typo_spacing_unit":"","ocean_menu_link_color":"","ocean_menu_link_color_hover":"","ocean_menu_link_color_active":"","ocean_menu_link_background":"","ocean_menu_link_hover_background":"","ocean_menu_link_active_background":"","ocean_menu_social_links_bg":"","ocean_menu_social_hover_links_bg":"","ocean_menu_social_links_color":"","ocean_menu_social_hover_links_color":"","ocean_disable_title":"default","ocean_disable_heading":"default","ocean_post_title":"","ocean_post_subheading":"","ocean_post_title_style":"","ocean_post_title_background_color":"","ocean_post_title_background":0,"ocean_post_title_bg_image_position":"","ocean_post_title_bg_image_attachment":"","ocean_post_title_bg_image_repeat":"","ocean_post_title_bg_image_size":"","ocean_post_title_height":0,"ocean_post_title_bg_overlay":0.5,"ocean_post_title_bg_overlay_color":"","ocean_disable_breadcrumbs":"default","ocean_breadcrumbs_color":"","ocean_breadcrumbs_separator_color":"","ocean_breadcrumbs_links_color":"","ocean_breadcrumbs_links_hover_color":"","ocean_display_footer_widgets":"default","ocean_display_footer_bottom":"default","ocean_custom_footer_template":"0","omw_enable_modal_window":"enable"},"product_brand":[],"product_cat":[30],"product_tag":[],"class_list":{"0":"post-2206","1":"product","2":"type-product","3":"status-publish","4":"has-post-thumbnail","6":"product_cat-bileklikler","8":"entry","9":"has-media","11":"first","12":"instock","13":"shipping-taxable","14":"purchasable","15":"product-type-simple","16":"col","17":"span_1_of_3","18":"owp-content-center","19":"owp-thumbs-layout-horizontal","20":"owp-btn-normal","21":"owp-tabs-layout-horizontal","22":"has-no-thumbnails"},"_links":{"self":[{"href":"https:\/\/dorukkristalyasam.com\/index.php?rest_route=\/wp\/v2\/product\/2206","targetHints":{"allow":["GET"]}}],"collection":[{"href":"https:\/\/dorukkristalyasam.com\/index.php?rest_route=\/wp\/v2\/product"}],"about":[{"href":"https:\/\/dorukkristalyasam.com\/index.php?rest_route=\/wp\/v2\/types\/product"}],"replies":[{"embeddable":true,"href":"https:\/\/dorukkristalyasam.com\/index.php?rest_route=%2Fwp%2Fv2%2Fcomments&post=2206"}],"wp:featuredmedia":[{"embeddable":true,"href":"https:\/\/dorukkristalyasam.com\/index.php?rest_route=\/wp\/v2\/media\/2078"}],"wp:attachment":[{"href":"https:\/\/dorukkristalyasam.com\/index.php?rest_route=%2Fwp%2Fv2%2Fmedia&parent=2206"}],"wp:term":[{"taxonomy":"product_brand","embeddable":true,"href":"https:\/\/dorukkristalyasam.com\/index.php?rest_route=%2Fwp%2Fv2%2Fproduct_brand&post=2206"},{"taxonomy":"product_cat","embeddable":true,"href":"https:\/\/dorukkristalyasam.com\/index.php?rest_route=%2Fwp%2Fv2%2Fproduct_cat&post=2206"},{"taxonomy":"product_tag","embeddable":true,"href":"https:\/\/dorukkristalyasam.com\/index.php?rest_route=%2Fwp%2Fv2%2Fproduct_tag&post=2206"}],"curies":[{"name":"wp","href":"https:\/\/api.w.org\/{rel}","templated":true}]}}