{"id":2016,"date":"2025-05-28T06:22:50","date_gmt":"2025-05-28T06:22:50","guid":{"rendered":"https:\/\/dorukkristalyasam.com\/?post_type=product&#038;p=2016"},"modified":"2025-05-28T06:22:50","modified_gmt":"2025-05-28T06:22:50","slug":"5-aa-aquamarine-bileklik","status":"publish","type":"product","link":"https:\/\/dorukkristalyasam.com\/?product=5-aa-aquamarine-bileklik","title":{"rendered":"5 AA AQUAMAR\u0130NE B\u0130LEKL\u0130K"},"content":{"rendered":"<h3 data-start=\"136\" data-end=\"165\"><strong data-start=\"140\" data-end=\"163\">Aquamarine Bileklik<\/strong><\/h3>\n<p data-start=\"166\" data-end=\"200\"><strong data-start=\"166\" data-end=\"200\">Sakinli\u011fin Ta\u015f\u0131, Ruhun Dalgas\u0131<\/strong><\/p>\n<p data-start=\"202\" data-end=\"409\">Aquamarine\u2026 Ad\u0131 gibi suyu ve g\u00f6ky\u00fcz\u00fcn\u00fc an\u0131msat\u0131r.<br data-start=\"251\" data-end=\"254\" \/>Her tonu, ruhunu ok\u015fayan bir melodi gibi\u2026<br data-start=\"295\" data-end=\"298\" \/>925 ayar g\u00fcm\u00fc\u015f detaylarla \u00f6zenle i\u015flenmi\u015f bu bileklik, i\u00e7sel dinginli\u011fin ve \u00f6zg\u00fcr ruhun zarif bir yans\u0131mas\u0131d\u0131r.<\/p>\n<p data-start=\"411\" data-end=\"600\">\ud83d\udca7 <strong data-start=\"414\" data-end=\"434\">Aquamarine ta\u015f\u0131:<\/strong><br data-start=\"434\" data-end=\"437\" \/>\u2022 Zihni berrakla\u015ft\u0131r\u0131r,<br data-start=\"460\" data-end=\"463\" \/>\u2022 Kalbe cesaret ve huzur getirir,<br data-start=\"496\" data-end=\"499\" \/>\u2022 \u00d6zellikle bo\u011faz \u00e7akras\u0131n\u0131 dengeleyerek, kendini a\u00e7\u0131k ve yumu\u015fak bir dille ifade etmeye destek olur.<\/p>\n<p data-start=\"602\" data-end=\"799\">Denizcilerin ta\u015f\u0131 olarak bilinen aquamarine, y\u00fczy\u0131llar boyunca korunma ve sezgi ta\u015f\u0131 olarak kabul edilmi\u015ftir.<br data-start=\"711\" data-end=\"714\" \/>Ayn\u0131 zamanda duygu yo\u011funlu\u011fu y\u00fcksek anlarda ruhu sakinle\u015ftiren bir su enerjisi ta\u015f\u0131r.<\/p>\n<p data-start=\"801\" data-end=\"932\">\ud83c\udf0a <strong data-start=\"804\" data-end=\"827\">Aquamarine bileklik<\/strong>,<br data-start=\"828\" data-end=\"831\" \/>kendine g\u00fcvenle konu\u015fmak, duygular\u0131n\u0131 zarafetle ifade etmek ve su gibi akmak isteyen kalpler i\u00e7indir.<\/p>\n<p data-start=\"934\" data-end=\"993\">\u2728 \u015eimdi ke\u015ffet ve i\u00e7indeki denizin sesini bile\u011finde ta\u015f\u0131&#8230;<\/p>\n<p data-start=\"934\" data-end=\"993\">TEK ADET \u0130\u00c7\u0130N GE\u00c7ERL\u0130D\u0130R.<\/p>\n","protected":false},"excerpt":{"rendered":"<p>Aquamarine Bileklik Sakinli\u011fin Ta\u015f\u0131, Ruhun Dalgas\u0131 Aquamarine\u2026 Ad\u0131 gibi suyu ve g\u00f6ky\u00fcz\u00fcn\u00fc an\u0131msat\u0131r.Her tonu, ruhunu ok\u015fayan bir melodi gibi\u2026925 ayar g\u00fcm\u00fc\u015f detaylarla \u00f6zenle i\u015flenmi\u015f bu bileklik, i\u00e7sel dinginli\u011fin ve \u00f6zg\u00fcr ruhun zarif bir yans\u0131mas\u0131d\u0131r. \ud83d\udca7 Aquamarine ta\u015f\u0131:\u2022 Zihni berrakla\u015ft\u0131r\u0131r,\u2022 Kalbe cesaret ve huzur getirir,\u2022 \u00d6zellikle bo\u011faz \u00e7akras\u0131n\u0131 dengeleyerek, kendini a\u00e7\u0131k ve yumu\u015fak bir dille ifade [&hellip;]<\/p>\n","protected":false},"featured_media":1925,"comment_status":"open","ping_status":"closed","template":"","meta":{"ocean_post_layout":"","ocean_both_sidebars_style":"","ocean_both_sidebars_content_width":0,"ocean_both_sidebars_sidebars_width":0,"ocean_sidebar":"0","ocean_second_sidebar":"0","ocean_disable_margins":"enable","ocean_add_body_class":"","ocean_shortcode_before_top_bar":"","ocean_shortcode_after_top_bar":"","ocean_shortcode_before_header":"","ocean_shortcode_after_header":"","ocean_has_shortcode":"","ocean_shortcode_after_title":"","ocean_shortcode_before_footer_widgets":"","ocean_shortcode_after_footer_widgets":"","ocean_shortcode_before_footer_bottom":"","ocean_shortcode_after_footer_bottom":"","ocean_display_top_bar":"default","ocean_display_header":"default","ocean_header_style":"","ocean_center_header_left_menu":"0","ocean_custom_header_template":"0","ocean_custom_logo":0,"ocean_custom_retina_logo":0,"ocean_custom_logo_max_width":0,"ocean_custom_logo_tablet_max_width":0,"ocean_custom_logo_mobile_max_width":0,"ocean_custom_logo_max_height":0,"ocean_custom_logo_tablet_max_height":0,"ocean_custom_logo_mobile_max_height":0,"ocean_header_custom_menu":"0","ocean_menu_typo_font_family":"0","ocean_menu_typo_font_subset":"","ocean_menu_typo_font_size":0,"ocean_menu_typo_font_size_tablet":0,"ocean_menu_typo_font_size_mobile":0,"ocean_menu_typo_font_size_unit":"px","ocean_menu_typo_font_weight":"","ocean_menu_typo_font_weight_tablet":"","ocean_menu_typo_font_weight_mobile":"","ocean_menu_typo_transform":"","ocean_menu_typo_transform_tablet":"","ocean_menu_typo_transform_mobile":"","ocean_menu_typo_line_height":0,"ocean_menu_typo_line_height_tablet":0,"ocean_menu_typo_line_height_mobile":0,"ocean_menu_typo_line_height_unit":"","ocean_menu_typo_spacing":0,"ocean_menu_typo_spacing_tablet":0,"ocean_menu_typo_spacing_mobile":0,"ocean_menu_typo_spacing_unit":"","ocean_menu_link_color":"","ocean_menu_link_color_hover":"","ocean_menu_link_color_active":"","ocean_menu_link_background":"","ocean_menu_link_hover_background":"","ocean_menu_link_active_background":"","ocean_menu_social_links_bg":"","ocean_menu_social_hover_links_bg":"","ocean_menu_social_links_color":"","ocean_menu_social_hover_links_color":"","ocean_disable_title":"default","ocean_disable_heading":"default","ocean_post_title":"","ocean_post_subheading":"","ocean_post_title_style":"","ocean_post_title_background_color":"","ocean_post_title_background":0,"ocean_post_title_bg_image_position":"","ocean_post_title_bg_image_attachment":"","ocean_post_title_bg_image_repeat":"","ocean_post_title_bg_image_size":"","ocean_post_title_height":0,"ocean_post_title_bg_overlay":0.5,"ocean_post_title_bg_overlay_color":"","ocean_disable_breadcrumbs":"default","ocean_breadcrumbs_color":"","ocean_breadcrumbs_separator_color":"","ocean_breadcrumbs_links_color":"","ocean_breadcrumbs_links_hover_color":"","ocean_display_footer_widgets":"default","ocean_display_footer_bottom":"default","ocean_custom_footer_template":"0","omw_enable_modal_window":"enable"},"product_brand":[],"product_cat":[30],"product_tag":[],"class_list":{"0":"post-2016","1":"product","2":"type-product","3":"status-publish","4":"has-post-thumbnail","6":"product_cat-bileklikler","8":"entry","9":"has-media","11":"first","12":"instock","13":"shipping-taxable","14":"purchasable","15":"product-type-simple","16":"col","17":"span_1_of_3","18":"owp-content-center","19":"owp-thumbs-layout-horizontal","20":"owp-btn-normal","21":"owp-tabs-layout-horizontal","22":"has-no-thumbnails"},"_links":{"self":[{"href":"https:\/\/dorukkristalyasam.com\/index.php?rest_route=\/wp\/v2\/product\/2016","targetHints":{"allow":["GET"]}}],"collection":[{"href":"https:\/\/dorukkristalyasam.com\/index.php?rest_route=\/wp\/v2\/product"}],"about":[{"href":"https:\/\/dorukkristalyasam.com\/index.php?rest_route=\/wp\/v2\/types\/product"}],"replies":[{"embeddable":true,"href":"https:\/\/dorukkristalyasam.com\/index.php?rest_route=%2Fwp%2Fv2%2Fcomments&post=2016"}],"wp:featuredmedia":[{"embeddable":true,"href":"https:\/\/dorukkristalyasam.com\/index.php?rest_route=\/wp\/v2\/media\/1925"}],"wp:attachment":[{"href":"https:\/\/dorukkristalyasam.com\/index.php?rest_route=%2Fwp%2Fv2%2Fmedia&parent=2016"}],"wp:term":[{"taxonomy":"product_brand","embeddable":true,"href":"https:\/\/dorukkristalyasam.com\/index.php?rest_route=%2Fwp%2Fv2%2Fproduct_brand&post=2016"},{"taxonomy":"product_cat","embeddable":true,"href":"https:\/\/dorukkristalyasam.com\/index.php?rest_route=%2Fwp%2Fv2%2Fproduct_cat&post=2016"},{"taxonomy":"product_tag","embeddable":true,"href":"https:\/\/dorukkristalyasam.com\/index.php?rest_route=%2Fwp%2Fv2%2Fproduct_tag&post=2016"}],"curies":[{"name":"wp","href":"https:\/\/api.w.org\/{rel}","templated":true}]}}