{"id":2014,"date":"2025-05-28T06:18:35","date_gmt":"2025-05-28T06:18:35","guid":{"rendered":"https:\/\/dorukkristalyasam.com\/?post_type=product&#038;p=2014"},"modified":"2025-05-28T06:18:36","modified_gmt":"2025-05-28T06:18:36","slug":"kalsedon-bileklik","status":"publish","type":"product","link":"https:\/\/dorukkristalyasam.com\/?product=kalsedon-bileklik","title":{"rendered":"KALSEDON B\u0130LEKL\u0130K"},"content":{"rendered":"<h3 data-start=\"107\" data-end=\"134\"><strong data-start=\"111\" data-end=\"132\">Kalsedon Bileklik<\/strong><\/h3>\n<p data-start=\"135\" data-end=\"176\"><strong data-start=\"135\" data-end=\"176\">Sakinli\u011fin, Nezaketin ve \u015eifan\u0131n Ta\u015f\u0131<\/strong><\/p>\n<p data-start=\"178\" data-end=\"410\">Do\u011fan\u0131n en nazik tonlar\u0131ndan biriyle hayat bulan bu bileklik, mavi kalsedon ta\u015f\u0131n\u0131n huzur verici enerjisini bile\u011finize ta\u015f\u0131r.<br data-start=\"303\" data-end=\"306\" \/>925 ayar g\u00fcm\u00fc\u015fle tamamlanan bu \u00f6zel tasar\u0131m, hem zarif g\u00f6r\u00fcn\u00fcm\u00fc hem de derin anlam\u0131yla ruhunuza dokunur.<\/p>\n<p data-start=\"412\" data-end=\"611\">\ud83d\udc8e <strong data-start=\"415\" data-end=\"433\">Kalsedon ta\u015f\u0131:<\/strong><br data-start=\"433\" data-end=\"436\" \/>\u2022 \u0130leti\u015fimi g\u00fc\u00e7lendirir, nazik ve a\u00e7\u0131k bir ifade alan\u0131 yarat\u0131r,<br data-start=\"499\" data-end=\"502\" \/>\u2022 Stresi azalt\u0131r, duygusal denge sa\u011flar,<br data-start=\"542\" data-end=\"545\" \/>\u2022 \u00d6zellikle boyun \u00e7akras\u0131yla \u00e7al\u0131\u015farak i\u00e7sel dinginli\u011fi destekler.<\/p>\n<p data-start=\"613\" data-end=\"824\">Antik \u00e7a\u011flardan beri \u201ckonu\u015fan ta\u015f\u201d olarak bilinen Kalsedon, s\u00f6zc\u00fcklerin kalpten akmas\u0131n\u0131 sa\u011flar.<br data-start=\"709\" data-end=\"712\" \/>Bu bileklik, \u00f6zellikle duygular\u0131n\u0131 rahat\u00e7a ifade etmek, i\u00e7 huzurunu g\u00fc\u00e7lendirmek isteyen ruhlar i\u00e7in tasarland\u0131.<\/p>\n<p data-start=\"826\" data-end=\"875\">\ud83c\udf19 <strong data-start=\"829\" data-end=\"875\">\u0130\u00e7sel sakinli\u011fin en zarif haliyle tan\u0131\u015f\u0131n\u2026<\/strong><\/p>\n<p data-start=\"877\" data-end=\"975\">Kalsedon\u2019un yumu\u015fak frekans\u0131n\u0131 ve do\u011fal g\u00fczelli\u011fini her g\u00fcn yan\u0131n\u0131zda ta\u015f\u0131mak i\u00e7in \u015fimdi ke\u015ffedin.<\/p>\n","protected":false},"excerpt":{"rendered":"<p>Kalsedon Bileklik Sakinli\u011fin, Nezaketin ve \u015eifan\u0131n Ta\u015f\u0131 Do\u011fan\u0131n en nazik tonlar\u0131ndan biriyle hayat bulan bu bileklik, mavi kalsedon ta\u015f\u0131n\u0131n huzur verici enerjisini bile\u011finize ta\u015f\u0131r.925 ayar g\u00fcm\u00fc\u015fle tamamlanan bu \u00f6zel tasar\u0131m, hem zarif g\u00f6r\u00fcn\u00fcm\u00fc hem de derin anlam\u0131yla ruhunuza dokunur. \ud83d\udc8e Kalsedon ta\u015f\u0131:\u2022 \u0130leti\u015fimi g\u00fc\u00e7lendirir, nazik ve a\u00e7\u0131k bir ifade alan\u0131 yarat\u0131r,\u2022 Stresi azalt\u0131r, duygusal denge [&hellip;]<\/p>\n","protected":false},"featured_media":1923,"comment_status":"open","ping_status":"closed","template":"","meta":{"ocean_post_layout":"","ocean_both_sidebars_style":"","ocean_both_sidebars_content_width":0,"ocean_both_sidebars_sidebars_width":0,"ocean_sidebar":"0","ocean_second_sidebar":"0","ocean_disable_margins":"enable","ocean_add_body_class":"","ocean_shortcode_before_top_bar":"","ocean_shortcode_after_top_bar":"","ocean_shortcode_before_header":"","ocean_shortcode_after_header":"","ocean_has_shortcode":"","ocean_shortcode_after_title":"","ocean_shortcode_before_footer_widgets":"","ocean_shortcode_after_footer_widgets":"","ocean_shortcode_before_footer_bottom":"","ocean_shortcode_after_footer_bottom":"","ocean_display_top_bar":"default","ocean_display_header":"default","ocean_header_style":"","ocean_center_header_left_menu":"0","ocean_custom_header_template":"0","ocean_custom_logo":0,"ocean_custom_retina_logo":0,"ocean_custom_logo_max_width":0,"ocean_custom_logo_tablet_max_width":0,"ocean_custom_logo_mobile_max_width":0,"ocean_custom_logo_max_height":0,"ocean_custom_logo_tablet_max_height":0,"ocean_custom_logo_mobile_max_height":0,"ocean_header_custom_menu":"0","ocean_menu_typo_font_family":"0","ocean_menu_typo_font_subset":"","ocean_menu_typo_font_size":0,"ocean_menu_typo_font_size_tablet":0,"ocean_menu_typo_font_size_mobile":0,"ocean_menu_typo_font_size_unit":"px","ocean_menu_typo_font_weight":"","ocean_menu_typo_font_weight_tablet":"","ocean_menu_typo_font_weight_mobile":"","ocean_menu_typo_transform":"","ocean_menu_typo_transform_tablet":"","ocean_menu_typo_transform_mobile":"","ocean_menu_typo_line_height":0,"ocean_menu_typo_line_height_tablet":0,"ocean_menu_typo_line_height_mobile":0,"ocean_menu_typo_line_height_unit":"","ocean_menu_typo_spacing":0,"ocean_menu_typo_spacing_tablet":0,"ocean_menu_typo_spacing_mobile":0,"ocean_menu_typo_spacing_unit":"","ocean_menu_link_color":"","ocean_menu_link_color_hover":"","ocean_menu_link_color_active":"","ocean_menu_link_background":"","ocean_menu_link_hover_background":"","ocean_menu_link_active_background":"","ocean_menu_social_links_bg":"","ocean_menu_social_hover_links_bg":"","ocean_menu_social_links_color":"","ocean_menu_social_hover_links_color":"","ocean_disable_title":"default","ocean_disable_heading":"default","ocean_post_title":"","ocean_post_subheading":"","ocean_post_title_style":"","ocean_post_title_background_color":"","ocean_post_title_background":0,"ocean_post_title_bg_image_position":"","ocean_post_title_bg_image_attachment":"","ocean_post_title_bg_image_repeat":"","ocean_post_title_bg_image_size":"","ocean_post_title_height":0,"ocean_post_title_bg_overlay":0.5,"ocean_post_title_bg_overlay_color":"","ocean_disable_breadcrumbs":"default","ocean_breadcrumbs_color":"","ocean_breadcrumbs_separator_color":"","ocean_breadcrumbs_links_color":"","ocean_breadcrumbs_links_hover_color":"","ocean_display_footer_widgets":"default","ocean_display_footer_bottom":"default","ocean_custom_footer_template":"0","omw_enable_modal_window":"enable"},"product_brand":[],"product_cat":[30],"product_tag":[],"class_list":{"0":"post-2014","1":"product","2":"type-product","3":"status-publish","4":"has-post-thumbnail","6":"product_cat-bileklikler","8":"entry","9":"has-media","11":"first","12":"instock","13":"shipping-taxable","14":"purchasable","15":"product-type-simple","16":"col","17":"span_1_of_3","18":"owp-content-center","19":"owp-thumbs-layout-horizontal","20":"owp-btn-normal","21":"owp-tabs-layout-horizontal","22":"has-no-thumbnails"},"_links":{"self":[{"href":"https:\/\/dorukkristalyasam.com\/index.php?rest_route=\/wp\/v2\/product\/2014","targetHints":{"allow":["GET"]}}],"collection":[{"href":"https:\/\/dorukkristalyasam.com\/index.php?rest_route=\/wp\/v2\/product"}],"about":[{"href":"https:\/\/dorukkristalyasam.com\/index.php?rest_route=\/wp\/v2\/types\/product"}],"replies":[{"embeddable":true,"href":"https:\/\/dorukkristalyasam.com\/index.php?rest_route=%2Fwp%2Fv2%2Fcomments&post=2014"}],"wp:featuredmedia":[{"embeddable":true,"href":"https:\/\/dorukkristalyasam.com\/index.php?rest_route=\/wp\/v2\/media\/1923"}],"wp:attachment":[{"href":"https:\/\/dorukkristalyasam.com\/index.php?rest_route=%2Fwp%2Fv2%2Fmedia&parent=2014"}],"wp:term":[{"taxonomy":"product_brand","embeddable":true,"href":"https:\/\/dorukkristalyasam.com\/index.php?rest_route=%2Fwp%2Fv2%2Fproduct_brand&post=2014"},{"taxonomy":"product_cat","embeddable":true,"href":"https:\/\/dorukkristalyasam.com\/index.php?rest_route=%2Fwp%2Fv2%2Fproduct_cat&post=2014"},{"taxonomy":"product_tag","embeddable":true,"href":"https:\/\/dorukkristalyasam.com\/index.php?rest_route=%2Fwp%2Fv2%2Fproduct_tag&post=2014"}],"curies":[{"name":"wp","href":"https:\/\/api.w.org\/{rel}","templated":true}]}}