{"id":2013,"date":"2025-05-28T06:16:38","date_gmt":"2025-05-28T06:16:38","guid":{"rendered":"https:\/\/dorukkristalyasam.com\/?post_type=product&#038;p=2013"},"modified":"2025-06-17T15:12:12","modified_gmt":"2025-06-17T15:12:12","slug":"larimar-bileklik","status":"publish","type":"product","link":"https:\/\/dorukkristalyasam.com\/?product=larimar-bileklik","title":{"rendered":"LAR\u0130MAR B\u0130LEKL\u0130K"},"content":{"rendered":"<h3 data-start=\"99\" data-end=\"125\"><strong data-start=\"103\" data-end=\"123\">Larimar Bileklik<\/strong><\/h3>\n<p data-start=\"126\" data-end=\"173\"><strong data-start=\"126\" data-end=\"173\">Ruhun Derinliklerinden Gelen Mavi Sessizlik<\/strong><\/p>\n<p data-start=\"175\" data-end=\"414\">Karayiplerin kalbinden gelen bu e\u015fsiz ta\u015f, g\u00f6ky\u00fcz\u00fc ile okyanusun bulu\u015ftu\u011fu noktay\u0131 bile\u011finize ta\u015f\u0131yor.<br data-start=\"277\" data-end=\"280\" \/>Larimar ta\u015f\u0131yla haz\u0131rlanan bu \u00f6zel bileklik, 925 ayar g\u00fcm\u00fc\u015f detaylarla tamamland\u0131. Her dokunu\u015fu, i\u00e7sel huzura bir davet niteli\u011finde&#8230;<\/p>\n<p data-start=\"416\" data-end=\"570\">\ud83c\udf3f <strong data-start=\"419\" data-end=\"446\">Larimar\u2019\u0131n enerjisiyle:<\/strong><br data-start=\"446\" data-end=\"449\" \/>\u2022 Zihninizi sakinle\u015ftirir,<br data-start=\"475\" data-end=\"478\" \/>\u2022 Kalbinize \u015fefkat ve a\u00e7\u0131kl\u0131k getirir,<br data-start=\"516\" data-end=\"519\" \/>\u2022 Duygular\u0131n\u0131z\u0131 yumu\u015fatarak i\u00e7sel bar\u0131\u015f\u0131 destekler.<\/p>\n<p data-start=\"572\" data-end=\"802\">Bu ta\u015f; &#8220;Atlantis ta\u015f\u0131&#8221; olarak da bilinir ve kadim bilgelik, sezgisel g\u00fc\u00e7 ve ilahi di\u015fil enerjiyi sembolize eder.<br data-start=\"685\" data-end=\"688\" \/>Larimar bileklik, \u00f6zellikle ileti\u015fimi g\u00fc\u00e7lendirmek ve i\u00e7sel rehberli\u011fi duymak isteyenler i\u00e7in e\u015fsiz bir yolda\u015ft\u0131r.<\/p>\n<p data-start=\"804\" data-end=\"858\">\u2728 <strong data-start=\"806\" data-end=\"858\">Do\u011fan\u0131n nazik \u015fifas\u0131yla bile\u011finizde bir g\u00f6ky\u00fcz\u00fc\u2026<\/strong><\/p>\n<p data-start=\"860\" data-end=\"935\">Kendinize veya sevdiklerinize ruhsal bir hediye vermek i\u00e7in \u015fimdi ke\u015ffedin.<\/p>\n","protected":false},"excerpt":{"rendered":"<p>Larimar Bileklik Ruhun Derinliklerinden Gelen Mavi Sessizlik Karayiplerin kalbinden gelen bu e\u015fsiz ta\u015f, g\u00f6ky\u00fcz\u00fc ile okyanusun bulu\u015ftu\u011fu noktay\u0131 bile\u011finize ta\u015f\u0131yor.Larimar ta\u015f\u0131yla haz\u0131rlanan bu \u00f6zel bileklik, 925 ayar g\u00fcm\u00fc\u015f detaylarla tamamland\u0131. Her dokunu\u015fu, i\u00e7sel huzura bir davet niteli\u011finde&#8230; \ud83c\udf3f Larimar\u2019\u0131n enerjisiyle:\u2022 Zihninizi sakinle\u015ftirir,\u2022 Kalbinize \u015fefkat ve a\u00e7\u0131kl\u0131k getirir,\u2022 Duygular\u0131n\u0131z\u0131 yumu\u015fatarak i\u00e7sel bar\u0131\u015f\u0131 destekler. Bu ta\u015f; &#8220;Atlantis [&hellip;]<\/p>\n","protected":false},"featured_media":1922,"comment_status":"open","ping_status":"closed","template":"","meta":{"ocean_post_layout":"","ocean_both_sidebars_style":"","ocean_both_sidebars_content_width":0,"ocean_both_sidebars_sidebars_width":0,"ocean_sidebar":"0","ocean_second_sidebar":"0","ocean_disable_margins":"enable","ocean_add_body_class":"","ocean_shortcode_before_top_bar":"","ocean_shortcode_after_top_bar":"","ocean_shortcode_before_header":"","ocean_shortcode_after_header":"","ocean_has_shortcode":"","ocean_shortcode_after_title":"","ocean_shortcode_before_footer_widgets":"","ocean_shortcode_after_footer_widgets":"","ocean_shortcode_before_footer_bottom":"","ocean_shortcode_after_footer_bottom":"","ocean_display_top_bar":"default","ocean_display_header":"default","ocean_header_style":"","ocean_center_header_left_menu":"0","ocean_custom_header_template":"0","ocean_custom_logo":0,"ocean_custom_retina_logo":0,"ocean_custom_logo_max_width":0,"ocean_custom_logo_tablet_max_width":0,"ocean_custom_logo_mobile_max_width":0,"ocean_custom_logo_max_height":0,"ocean_custom_logo_tablet_max_height":0,"ocean_custom_logo_mobile_max_height":0,"ocean_header_custom_menu":"0","ocean_menu_typo_font_family":"0","ocean_menu_typo_font_subset":"","ocean_menu_typo_font_size":0,"ocean_menu_typo_font_size_tablet":0,"ocean_menu_typo_font_size_mobile":0,"ocean_menu_typo_font_size_unit":"px","ocean_menu_typo_font_weight":"","ocean_menu_typo_font_weight_tablet":"","ocean_menu_typo_font_weight_mobile":"","ocean_menu_typo_transform":"","ocean_menu_typo_transform_tablet":"","ocean_menu_typo_transform_mobile":"","ocean_menu_typo_line_height":0,"ocean_menu_typo_line_height_tablet":0,"ocean_menu_typo_line_height_mobile":0,"ocean_menu_typo_line_height_unit":"","ocean_menu_typo_spacing":0,"ocean_menu_typo_spacing_tablet":0,"ocean_menu_typo_spacing_mobile":0,"ocean_menu_typo_spacing_unit":"","ocean_menu_link_color":"","ocean_menu_link_color_hover":"","ocean_menu_link_color_active":"","ocean_menu_link_background":"","ocean_menu_link_hover_background":"","ocean_menu_link_active_background":"","ocean_menu_social_links_bg":"","ocean_menu_social_hover_links_bg":"","ocean_menu_social_links_color":"","ocean_menu_social_hover_links_color":"","ocean_disable_title":"default","ocean_disable_heading":"default","ocean_post_title":"","ocean_post_subheading":"","ocean_post_title_style":"","ocean_post_title_background_color":"","ocean_post_title_background":0,"ocean_post_title_bg_image_position":"","ocean_post_title_bg_image_attachment":"","ocean_post_title_bg_image_repeat":"","ocean_post_title_bg_image_size":"","ocean_post_title_height":0,"ocean_post_title_bg_overlay":0.5,"ocean_post_title_bg_overlay_color":"","ocean_disable_breadcrumbs":"default","ocean_breadcrumbs_color":"","ocean_breadcrumbs_separator_color":"","ocean_breadcrumbs_links_color":"","ocean_breadcrumbs_links_hover_color":"","ocean_display_footer_widgets":"default","ocean_display_footer_bottom":"default","ocean_custom_footer_template":"0","omw_enable_modal_window":"enable"},"product_brand":[],"product_cat":[30],"product_tag":[],"class_list":{"0":"post-2013","1":"product","2":"type-product","3":"status-publish","4":"has-post-thumbnail","6":"product_cat-bileklikler","8":"entry","9":"has-media","11":"first","12":"instock","13":"shipping-taxable","14":"purchasable","15":"product-type-simple","16":"col","17":"span_1_of_3","18":"owp-content-center","19":"owp-thumbs-layout-horizontal","20":"owp-btn-normal","21":"owp-tabs-layout-horizontal","22":"has-no-thumbnails"},"_links":{"self":[{"href":"https:\/\/dorukkristalyasam.com\/index.php?rest_route=\/wp\/v2\/product\/2013","targetHints":{"allow":["GET"]}}],"collection":[{"href":"https:\/\/dorukkristalyasam.com\/index.php?rest_route=\/wp\/v2\/product"}],"about":[{"href":"https:\/\/dorukkristalyasam.com\/index.php?rest_route=\/wp\/v2\/types\/product"}],"replies":[{"embeddable":true,"href":"https:\/\/dorukkristalyasam.com\/index.php?rest_route=%2Fwp%2Fv2%2Fcomments&post=2013"}],"wp:featuredmedia":[{"embeddable":true,"href":"https:\/\/dorukkristalyasam.com\/index.php?rest_route=\/wp\/v2\/media\/1922"}],"wp:attachment":[{"href":"https:\/\/dorukkristalyasam.com\/index.php?rest_route=%2Fwp%2Fv2%2Fmedia&parent=2013"}],"wp:term":[{"taxonomy":"product_brand","embeddable":true,"href":"https:\/\/dorukkristalyasam.com\/index.php?rest_route=%2Fwp%2Fv2%2Fproduct_brand&post=2013"},{"taxonomy":"product_cat","embeddable":true,"href":"https:\/\/dorukkristalyasam.com\/index.php?rest_route=%2Fwp%2Fv2%2Fproduct_cat&post=2013"},{"taxonomy":"product_tag","embeddable":true,"href":"https:\/\/dorukkristalyasam.com\/index.php?rest_route=%2Fwp%2Fv2%2Fproduct_tag&post=2013"}],"curies":[{"name":"wp","href":"https:\/\/api.w.org\/{rel}","templated":true}]}}