{"id":1878,"date":"2025-05-21T08:50:55","date_gmt":"2025-05-21T08:50:55","guid":{"rendered":"https:\/\/dorukkristalyasam.com\/?post_type=product&#038;p=1878"},"modified":"2025-05-27T07:01:48","modified_gmt":"2025-05-27T07:01:48","slug":"apatit-bileklik","status":"publish","type":"product","link":"https:\/\/dorukkristalyasam.com\/?product=apatit-bileklik","title":{"rendered":"Apatit Bileklik"},"content":{"rendered":"<p data-start=\"0\" data-end=\"39\"><strong data-start=\"0\" data-end=\"15\"><span class=\"_fadeIn_m1hgl_8\">Apatit <\/span><span class=\"_fadeIn_m1hgl_8\">Ta\u015f\u0131<\/span><\/strong><br data-start=\"15\" data-end=\"18\" \/><span class=\"_fadeIn_m1hgl_8\">\u2728 <\/span><span class=\"_fadeIn_m1hgl_8\">Ruhu <\/span><span class=\"_fadeIn_m1hgl_8\">besleyen <\/span><span class=\"_fadeIn_m1hgl_8\">ta\u015f \u2728<\/span><\/p>\n<p data-start=\"41\" data-end=\"247\"><span class=\"_fadeIn_m1hgl_8\">Apatit, <\/span><span class=\"_fadeIn_m1hgl_8\">i\u00e7sel <\/span><span class=\"_fadeIn_m1hgl_8\">bilgeli\u011fi <\/span><span class=\"_fadeIn_m1hgl_8\">uyand\u0131ran, <\/span><span class=\"_fadeIn_m1hgl_8\">sezgileri <\/span><span class=\"_fadeIn_m1hgl_8\">g\u00fc\u00e7lendiren <\/span><span class=\"_fadeIn_m1hgl_8\">ve <\/span><span class=\"_fadeIn_m1hgl_8\">\u00f6zellikle <\/span><span class=\"_fadeIn_m1hgl_8\">ilham <\/span><span class=\"_fadeIn_m1hgl_8\">arayanlar <\/span><span class=\"_fadeIn_m1hgl_8\">i\u00e7in <\/span><span class=\"_fadeIn_m1hgl_8\">adeta <\/span><span class=\"_fadeIn_m1hgl_8\">bir &#8220;<\/span><span class=\"_fadeIn_m1hgl_8\">zihin <\/span><span class=\"_fadeIn_m1hgl_8\">a\u00e7\u0131c\u0131&#8221; <\/span><span class=\"_fadeIn_m1hgl_8\">ta\u015ft\u0131r. <\/span><span class=\"_fadeIn_m1hgl_8\">Rengi <\/span><span class=\"_fadeIn_m1hgl_8\">genellikle <\/span><span class=\"_fadeIn_m1hgl_8\">mavi <\/span><span class=\"_fadeIn_m1hgl_8\">tonlar\u0131nda <\/span><span class=\"_fadeIn_m1hgl_8\">olsa <\/span><span class=\"_fadeIn_m1hgl_8\">da <\/span><span class=\"_fadeIn_m1hgl_8\">ye\u015fil, <\/span><span class=\"_fadeIn_m1hgl_8\">sar\u0131 <\/span><span class=\"_fadeIn_m1hgl_8\">ve <\/span><span class=\"_fadeIn_m1hgl_8\">menek\u015fe <\/span><span class=\"_fadeIn_m1hgl_8\">tonlar\u0131 <\/span><span class=\"_fadeIn_m1hgl_8\">da <\/span><span class=\"_fadeIn_m1hgl_8\">bulunur.<\/span><\/p>\n<hr data-start=\"249\" data-end=\"252\" \/>\n<h3 data-start=\"254\" data-end=\"287\"><span class=\"_fadeIn_m1hgl_8\">\ud83c\udf3f <\/span><strong data-start=\"261\" data-end=\"287\"><span class=\"_fadeIn_m1hgl_8\">Enerjisel <\/span><span class=\"_fadeIn_m1hgl_8\">\u00d6zellikleri:<\/span><\/strong><\/h3>\n<ul data-start=\"288\" data-end=\"712\">\n<li data-start=\"288\" data-end=\"359\">\n<p data-start=\"290\" data-end=\"359\"><strong data-start=\"290\" data-end=\"306\"><span class=\"_fadeIn_m1hgl_8\">\u0130lham <\/span><span class=\"_fadeIn_m1hgl_8\">verir:<\/span><\/strong> <span class=\"_fadeIn_m1hgl_8\">Sanatsal <\/span><span class=\"_fadeIn_m1hgl_8\">yarat\u0131c\u0131l\u0131\u011f\u0131 <\/span><span class=\"_fadeIn_m1hgl_8\">ve <\/span><span class=\"_fadeIn_m1hgl_8\">ruhsal <\/span><span class=\"_fadeIn_m1hgl_8\">uyan\u0131\u015f\u0131 <\/span><span class=\"_fadeIn_m1hgl_8\">destekler.<\/span><\/p>\n<\/li>\n<li data-start=\"360\" data-end=\"426\">\n<p data-start=\"362\" data-end=\"426\"><strong data-start=\"362\" data-end=\"387\"><span class=\"_fadeIn_m1hgl_8\">Zihni <\/span><span class=\"_fadeIn_m1hgl_8\">berrakla\u015ft\u0131r\u0131r:<\/span><\/strong> <span class=\"_fadeIn_m1hgl_8\">Odaklanmay\u0131, <\/span><span class=\"_fadeIn_m1hgl_8\">konsantrasyonu <\/span><span class=\"_fadeIn_m1hgl_8\">art\u0131r\u0131r.<\/span><\/p>\n<\/li>\n<li data-start=\"427\" data-end=\"542\">\n<p data-start=\"429\" data-end=\"542\"><strong data-start=\"429\" data-end=\"455\"><span class=\"_fadeIn_m1hgl_8\">\u0130fade <\/span><span class=\"_fadeIn_m1hgl_8\">g\u00fcc\u00fc <\/span><span class=\"_fadeIn_m1hgl_8\">kazand\u0131r\u0131r:<\/span><\/strong> <span class=\"_fadeIn_m1hgl_8\">D\u00fc\u015f\u00fcnceleri <\/span><span class=\"_fadeIn_m1hgl_8\">a\u00e7\u0131k\u00e7a <\/span><span class=\"_fadeIn_m1hgl_8\">dile <\/span><span class=\"_fadeIn_m1hgl_8\">getirmeyi <\/span><span class=\"_fadeIn_m1hgl_8\">kolayla\u015ft\u0131r\u0131r, <\/span><span class=\"_fadeIn_m1hgl_8\">\u00f6zellikle <\/span><span class=\"_fadeIn_m1hgl_8\">bo\u011faz <\/span><span class=\"_fadeIn_m1hgl_8\">\u00e7akras\u0131yla <\/span><span class=\"_fadeIn_m1hgl_8\">\u00e7al\u0131\u015f\u0131r.<\/span><\/p>\n<\/li>\n<li data-start=\"543\" data-end=\"635\">\n<p data-start=\"545\" data-end=\"635\"><strong data-start=\"545\" data-end=\"572\"><span class=\"_fadeIn_m1hgl_8\">\u0130\u00e7sel <\/span><span class=\"_fadeIn_m1hgl_8\">\u015fifaya <\/span><span class=\"_fadeIn_m1hgl_8\">alan <\/span><span class=\"_fadeIn_m1hgl_8\">a\u00e7ar:<\/span><\/strong> <span class=\"_fadeIn_m1hgl_8\">Bast\u0131r\u0131lm\u0131\u015f <\/span><span class=\"_fadeIn_m1hgl_8\">duygular\u0131 <\/span><span class=\"_fadeIn_m1hgl_8\">ortaya <\/span><span class=\"_fadeIn_m1hgl_8\">\u00e7\u0131kararak <\/span><span class=\"_fadeIn_m1hgl_8\">\u015fifalanmas\u0131n\u0131 <\/span><span class=\"_fadeIn_m1hgl_8\">sa\u011flar.<\/span><\/p>\n<\/li>\n<li data-start=\"636\" data-end=\"712\">\n<p data-start=\"638\" data-end=\"712\"><strong data-start=\"638\" data-end=\"668\"><span class=\"_fadeIn_m1hgl_8\">Meditasyonu <\/span><span class=\"_fadeIn_m1hgl_8\">derinle\u015ftirir:<\/span><\/strong> <span class=\"_fadeIn_m1hgl_8\">Ruhsal <\/span><span class=\"_fadeIn_m1hgl_8\">rehberli\u011fe <\/span><span class=\"_fadeIn_m1hgl_8\">ba\u011flanmay\u0131 <\/span><span class=\"_fadeIn_m1hgl_8\">kolayla\u015ft\u0131r\u0131r.<\/span><\/p>\n<\/li>\n<\/ul>\n<hr data-start=\"714\" data-end=\"717\" \/>\n<h3 data-start=\"719\" data-end=\"757\"><span class=\"_fadeIn_m1hgl_8\">\ud83d\udd2e <\/span><strong data-start=\"726\" data-end=\"757\"><span class=\"_fadeIn_m1hgl_8\">Hangi <\/span><span class=\"_fadeIn_m1hgl_8\">Alanlarda <\/span><span class=\"_fadeIn_m1hgl_8\">Kullan\u0131l\u0131r?<\/span><\/strong><\/h3>\n<ul data-start=\"758\" data-end=\"937\">\n<li data-start=\"758\" data-end=\"793\">\n<p data-start=\"760\" data-end=\"793\"><span class=\"_fadeIn_m1hgl_8\">Meditasyon <\/span><span class=\"_fadeIn_m1hgl_8\">ve <\/span><span class=\"_fadeIn_m1hgl_8\">sezgisel <\/span><span class=\"_fadeIn_m1hgl_8\">\u00e7al\u0131\u015fmalar<\/span><\/p>\n<\/li>\n<li data-start=\"794\" data-end=\"851\">\n<p data-start=\"796\" data-end=\"851\"><span class=\"_fadeIn_m1hgl_8\">S\u0131navlara <\/span><span class=\"_fadeIn_m1hgl_8\">veya <\/span><span class=\"_fadeIn_m1hgl_8\">zihinsel <\/span><span class=\"_fadeIn_m1hgl_8\">yo\u011funlu\u011fa <\/span><span class=\"_fadeIn_m1hgl_8\">haz\u0131rl\u0131k <\/span><span class=\"_fadeIn_m1hgl_8\">d\u00f6nemlerinde<\/span><\/p>\n<\/li>\n<li data-start=\"852\" data-end=\"896\">\n<p data-start=\"854\" data-end=\"896\"><span class=\"_fadeIn_m1hgl_8\">Sanatsal <\/span><span class=\"_fadeIn_m1hgl_8\">\u00fcretim <\/span><span class=\"_fadeIn_m1hgl_8\">ve <\/span><span class=\"_fadeIn_m1hgl_8\">ilham <\/span><span class=\"_fadeIn_m1hgl_8\">t\u0131kan\u0131kl\u0131klar\u0131nda<\/span><\/p>\n<\/li>\n<li data-start=\"897\" data-end=\"937\">\n<p data-start=\"899\" data-end=\"937\"><span class=\"_fadeIn_m1hgl_8\">Kendi <\/span><span class=\"_fadeIn_m1hgl_8\">ger\u00e7e\u011fini <\/span><span class=\"_fadeIn_m1hgl_8\">dile <\/span><span class=\"_fadeIn_m1hgl_8\">getirme <\/span><span class=\"_fadeIn_m1hgl_8\">s\u00fcrecinde<\/span><\/p>\n<\/li>\n<\/ul>\n<hr data-start=\"939\" data-end=\"942\" \/>\n<h3 data-start=\"944\" data-end=\"977\"><span class=\"_fadeIn_m1hgl_8\">\ud83d\udc8e <\/span><strong data-start=\"951\" data-end=\"977\"><span class=\"_fadeIn_m1hgl_8\">Apatit <\/span><span class=\"_fadeIn_m1hgl_8\">Ta\u015f\u0131n\u0131n <\/span><span class=\"_fadeIn_m1hgl_8\">Bak\u0131m\u0131:<\/span><\/strong><\/h3>\n<ul data-start=\"978\" data-end=\"1099\">\n<li data-start=\"978\" data-end=\"1012\">\n<p data-start=\"980\" data-end=\"1012\"><span class=\"_fadeIn_m1hgl_8\">Ay <\/span><span class=\"_fadeIn_m1hgl_8\">\u0131\u015f\u0131\u011f\u0131nda <\/span><span class=\"_fadeIn_m1hgl_8\">ar\u0131nd\u0131r\u0131labilir \ud83c\udf15<\/span><\/p>\n<\/li>\n<li data-start=\"1013\" data-end=\"1058\">\n<p data-start=\"1015\" data-end=\"1058\"><span class=\"_fadeIn_m1hgl_8\">Selenit <\/span><span class=\"_fadeIn_m1hgl_8\">\u00fczerinde <\/span><span class=\"_fadeIn_m1hgl_8\">dinlendirmek <\/span><span class=\"_fadeIn_m1hgl_8\">etkili <\/span><span class=\"_fadeIn_m1hgl_8\">olur<\/span><\/p>\n<\/li>\n<li data-start=\"1059\" data-end=\"1099\">\n<p data-start=\"1061\" data-end=\"1099\"><span class=\"_fadeIn_m1hgl_8\">Akan <\/span><span class=\"_fadeIn_m1hgl_8\">suyla <\/span><span class=\"_fadeIn_m1hgl_8\">nazik\u00e7e <\/span><span class=\"_fadeIn_m1hgl_8\">temizlenebilir \ud83d\udca7<\/span><\/p>\n<\/li>\n<\/ul>\n<hr data-start=\"1101\" data-end=\"1104\" \/>\n<h3 data-start=\"1106\" data-end=\"1135\"><span class=\"_fadeIn_m1hgl_8\">\ud83d\udcff <\/span><span class=\"_fadeIn_m1hgl_8\">Uyumlu <\/span><span class=\"_fadeIn_m1hgl_8\">Oldu\u011fu <\/span><span class=\"_fadeIn_m1hgl_8\">\u00c7akra:<\/span><\/h3>\n<ul data-start=\"1136\" data-end=\"1236\">\n<li data-start=\"1136\" data-end=\"1194\">\n<p data-start=\"1138\" data-end=\"1194\"><strong data-start=\"1138\" data-end=\"1167\"><span class=\"_fadeIn_m1hgl_8\">Bo\u011faz <\/span><span class=\"_fadeIn_m1hgl_8\">\u00c7akras\u0131 (<\/span><span class=\"_fadeIn_m1hgl_8\">Vishuddha)<\/span><\/strong><span class=\"_fadeIn_m1hgl_8\"> \u2013 <\/span><span class=\"_fadeIn_m1hgl_8\">\u0130fade <\/span><span class=\"_fadeIn_m1hgl_8\">ve <\/span><span class=\"_fadeIn_m1hgl_8\">ileti\u015fim <\/span><span class=\"_fadeIn_m1hgl_8\">g\u00fcc\u00fc<\/span><\/p>\n<\/li>\n<li data-start=\"1195\" data-end=\"1236\">\n<p data-start=\"1197\" data-end=\"1236\"><strong data-start=\"1197\" data-end=\"1218\"><span class=\"_fadeIn_m1hgl_8\">\u00dc\u00e7\u00fcnc\u00fc <\/span><span class=\"_fadeIn_m1hgl_8\">G\u00f6z (<\/span><span class=\"_fadeIn_m1hgl_8\">Ajna)<\/span><\/strong><span class=\"_fadeIn_m1hgl_8\"> \u2013 <\/span><span class=\"_fadeIn_m1hgl_8\">Sezgi <\/span><span class=\"_fadeIn_m1hgl_8\">ve <\/span><span class=\"_fadeIn_m1hgl_8\">i\u00e7g\u00f6r\u00fc<\/span><\/p>\n<\/li>\n<\/ul>\n","protected":false},"excerpt":{"rendered":"<p>Apatit Ta\u015f\u0131\u2728 Ruhu besleyen ta\u015f \u2728 Apatit, i\u00e7sel bilgeli\u011fi uyand\u0131ran, sezgileri g\u00fc\u00e7lendiren ve \u00f6zellikle ilham arayanlar i\u00e7in adeta bir &#8220;zihin a\u00e7\u0131c\u0131&#8221; ta\u015ft\u0131r. Rengi genellikle mavi tonlar\u0131nda olsa da ye\u015fil, sar\u0131 ve menek\u015fe tonlar\u0131 da bulunur. \ud83c\udf3f Enerjisel \u00d6zellikleri: \u0130lham verir: Sanatsal yarat\u0131c\u0131l\u0131\u011f\u0131 ve ruhsal uyan\u0131\u015f\u0131 destekler. Zihni berrakla\u015ft\u0131r\u0131r: Odaklanmay\u0131, konsantrasyonu art\u0131r\u0131r. \u0130fade g\u00fcc\u00fc kazand\u0131r\u0131r: D\u00fc\u015f\u00fcnceleri [&hellip;]<\/p>\n","protected":false},"featured_media":1892,"comment_status":"open","ping_status":"closed","template":"","meta":{"ocean_post_layout":"","ocean_both_sidebars_style":"","ocean_both_sidebars_content_width":0,"ocean_both_sidebars_sidebars_width":0,"ocean_sidebar":"0","ocean_second_sidebar":"0","ocean_disable_margins":"enable","ocean_add_body_class":"","ocean_shortcode_before_top_bar":"","ocean_shortcode_after_top_bar":"","ocean_shortcode_before_header":"","ocean_shortcode_after_header":"","ocean_has_shortcode":"","ocean_shortcode_after_title":"","ocean_shortcode_before_footer_widgets":"","ocean_shortcode_after_footer_widgets":"","ocean_shortcode_before_footer_bottom":"","ocean_shortcode_after_footer_bottom":"","ocean_display_top_bar":"default","ocean_display_header":"default","ocean_header_style":"","ocean_center_header_left_menu":"0","ocean_custom_header_template":"0","ocean_custom_logo":0,"ocean_custom_retina_logo":0,"ocean_custom_logo_max_width":0,"ocean_custom_logo_tablet_max_width":0,"ocean_custom_logo_mobile_max_width":0,"ocean_custom_logo_max_height":0,"ocean_custom_logo_tablet_max_height":0,"ocean_custom_logo_mobile_max_height":0,"ocean_header_custom_menu":"0","ocean_menu_typo_font_family":"0","ocean_menu_typo_font_subset":"","ocean_menu_typo_font_size":0,"ocean_menu_typo_font_size_tablet":0,"ocean_menu_typo_font_size_mobile":0,"ocean_menu_typo_font_size_unit":"px","ocean_menu_typo_font_weight":"","ocean_menu_typo_font_weight_tablet":"","ocean_menu_typo_font_weight_mobile":"","ocean_menu_typo_transform":"","ocean_menu_typo_transform_tablet":"","ocean_menu_typo_transform_mobile":"","ocean_menu_typo_line_height":0,"ocean_menu_typo_line_height_tablet":0,"ocean_menu_typo_line_height_mobile":0,"ocean_menu_typo_line_height_unit":"","ocean_menu_typo_spacing":0,"ocean_menu_typo_spacing_tablet":0,"ocean_menu_typo_spacing_mobile":0,"ocean_menu_typo_spacing_unit":"","ocean_menu_link_color":"","ocean_menu_link_color_hover":"","ocean_menu_link_color_active":"","ocean_menu_link_background":"","ocean_menu_link_hover_background":"","ocean_menu_link_active_background":"","ocean_menu_social_links_bg":"","ocean_menu_social_hover_links_bg":"","ocean_menu_social_links_color":"","ocean_menu_social_hover_links_color":"","ocean_disable_title":"default","ocean_disable_heading":"default","ocean_post_title":"","ocean_post_subheading":"","ocean_post_title_style":"","ocean_post_title_background_color":"","ocean_post_title_background":0,"ocean_post_title_bg_image_position":"","ocean_post_title_bg_image_attachment":"","ocean_post_title_bg_image_repeat":"","ocean_post_title_bg_image_size":"","ocean_post_title_height":0,"ocean_post_title_bg_overlay":0.5,"ocean_post_title_bg_overlay_color":"","ocean_disable_breadcrumbs":"default","ocean_breadcrumbs_color":"","ocean_breadcrumbs_separator_color":"","ocean_breadcrumbs_links_color":"","ocean_breadcrumbs_links_hover_color":"","ocean_display_footer_widgets":"default","ocean_display_footer_bottom":"default","ocean_custom_footer_template":"0","omw_enable_modal_window":"enable"},"product_brand":[],"product_cat":[30],"product_tag":[],"class_list":{"0":"post-1878","1":"product","2":"type-product","3":"status-publish","4":"has-post-thumbnail","6":"product_cat-bileklikler","8":"entry","9":"has-media","11":"first","12":"instock","13":"shipping-taxable","14":"purchasable","15":"product-type-simple","16":"col","17":"span_1_of_3","18":"owp-content-center","19":"owp-thumbs-layout-horizontal","20":"owp-btn-normal","21":"owp-tabs-layout-horizontal","22":"has-no-thumbnails"},"_links":{"self":[{"href":"https:\/\/dorukkristalyasam.com\/index.php?rest_route=\/wp\/v2\/product\/1878","targetHints":{"allow":["GET"]}}],"collection":[{"href":"https:\/\/dorukkristalyasam.com\/index.php?rest_route=\/wp\/v2\/product"}],"about":[{"href":"https:\/\/dorukkristalyasam.com\/index.php?rest_route=\/wp\/v2\/types\/product"}],"replies":[{"embeddable":true,"href":"https:\/\/dorukkristalyasam.com\/index.php?rest_route=%2Fwp%2Fv2%2Fcomments&post=1878"}],"wp:featuredmedia":[{"embeddable":true,"href":"https:\/\/dorukkristalyasam.com\/index.php?rest_route=\/wp\/v2\/media\/1892"}],"wp:attachment":[{"href":"https:\/\/dorukkristalyasam.com\/index.php?rest_route=%2Fwp%2Fv2%2Fmedia&parent=1878"}],"wp:term":[{"taxonomy":"product_brand","embeddable":true,"href":"https:\/\/dorukkristalyasam.com\/index.php?rest_route=%2Fwp%2Fv2%2Fproduct_brand&post=1878"},{"taxonomy":"product_cat","embeddable":true,"href":"https:\/\/dorukkristalyasam.com\/index.php?rest_route=%2Fwp%2Fv2%2Fproduct_cat&post=1878"},{"taxonomy":"product_tag","embeddable":true,"href":"https:\/\/dorukkristalyasam.com\/index.php?rest_route=%2Fwp%2Fv2%2Fproduct_tag&post=1878"}],"curies":[{"name":"wp","href":"https:\/\/api.w.org\/{rel}","templated":true}]}}