{"id":1465,"date":"2024-08-23T11:53:46","date_gmt":"2024-08-23T11:53:46","guid":{"rendered":"https:\/\/dorukkristalyasam.com\/?post_type=product&#038;p=1465"},"modified":"2026-01-13T21:03:51","modified_gmt":"2026-01-13T21:03:51","slug":"regresyon-seansi","status":"publish","type":"product","link":"https:\/\/dorukkristalyasam.com\/?product=regresyon-seansi","title":{"rendered":"Regresyon Seans\u0131"},"content":{"rendered":"<p>Regresyon Seans\u0131 | Ruhunun Derinliklerine Yolculuk<\/p>\n<p>Baz\u0131 duygular\u0131n, korkular\u0131n, tekrar eden d\u00f6ng\u00fclerin kayna\u011f\u0131n\u0131 a\u00e7\u0131klamakta zorlan\u0131yor musun?<\/p>\n<p>Ruhunun zaman \u00f6tesi hik\u00e2yelerine inmeye, bilin\u00e7alt\u0131n\u0131n kap\u0131lar\u0131n\u0131 aralamaya ne dersin?<\/p>\n<p>Regresyon seans\u0131, seni bug\u00fcn\u00fc etkileyen ge\u00e7mi\u015f ya\u015famlara, \u00e7ocukluk an\u0131lar\u0131na ya da bilin\u00e7alt\u0131ndaki unutulmu\u015f k\u0131r\u0131lma noktalar\u0131na g\u00f6t\u00fcr\u00fcr.<br \/>\nBu yolculukta;<\/p>\n<p>K\u00f6k inan\u00e7lar\u0131n\u0131 ke\u015ffeder,<\/p>\n<p>Sebepsiz san\u0131lan s\u0131k\u0131\u015fmalar\u0131 anlars\u0131n,<\/p>\n<p>Ruhsal fark\u0131ndal\u0131kla \u00f6zg\u00fcrle\u015fmeye ba\u015flars\u0131n.<\/p>\n<p>Her seans bir hat\u0131rlay\u0131\u015f\u2026<br \/>\nHer fark\u0131ndal\u0131k bir d\u00f6n\u00fc\u015f\u00fcm\u2026<\/p>\n<p>Haz\u0131rsan, bilin\u00e7alt\u0131n\u0131n sana f\u0131s\u0131ldad\u0131klar\u0131n\u0131 birlikte dinleyelim.<\/p>\n","protected":false},"excerpt":{"rendered":"<p>\u00d6deme yap\u0131ld\u0131ktan sonra taraf\u0131n\u0131za g\u00f6nderilecek olan \u015fifre ile seansa kat\u0131labilirsiniz.<\/p>\n","protected":false},"featured_media":1452,"comment_status":"open","ping_status":"closed","template":"","meta":{"ocean_post_layout":"","ocean_both_sidebars_style":"","ocean_both_sidebars_content_width":0,"ocean_both_sidebars_sidebars_width":0,"ocean_sidebar":"0","ocean_second_sidebar":"0","ocean_disable_margins":"enable","ocean_add_body_class":"","ocean_shortcode_before_top_bar":"","ocean_shortcode_after_top_bar":"","ocean_shortcode_before_header":"","ocean_shortcode_after_header":"","ocean_has_shortcode":"","ocean_shortcode_after_title":"","ocean_shortcode_before_footer_widgets":"","ocean_shortcode_after_footer_widgets":"","ocean_shortcode_before_footer_bottom":"","ocean_shortcode_after_footer_bottom":"","ocean_display_top_bar":"default","ocean_display_header":"default","ocean_header_style":"","ocean_center_header_left_menu":"0","ocean_custom_header_template":"0","ocean_custom_logo":0,"ocean_custom_retina_logo":0,"ocean_custom_logo_max_width":0,"ocean_custom_logo_tablet_max_width":0,"ocean_custom_logo_mobile_max_width":0,"ocean_custom_logo_max_height":0,"ocean_custom_logo_tablet_max_height":0,"ocean_custom_logo_mobile_max_height":0,"ocean_header_custom_menu":"0","ocean_menu_typo_font_family":"0","ocean_menu_typo_font_subset":"","ocean_menu_typo_font_size":0,"ocean_menu_typo_font_size_tablet":0,"ocean_menu_typo_font_size_mobile":0,"ocean_menu_typo_font_size_unit":"px","ocean_menu_typo_font_weight":"","ocean_menu_typo_font_weight_tablet":"","ocean_menu_typo_font_weight_mobile":"","ocean_menu_typo_transform":"","ocean_menu_typo_transform_tablet":"","ocean_menu_typo_transform_mobile":"","ocean_menu_typo_line_height":0,"ocean_menu_typo_line_height_tablet":0,"ocean_menu_typo_line_height_mobile":0,"ocean_menu_typo_line_height_unit":"","ocean_menu_typo_spacing":0,"ocean_menu_typo_spacing_tablet":0,"ocean_menu_typo_spacing_mobile":0,"ocean_menu_typo_spacing_unit":"","ocean_menu_link_color":"","ocean_menu_link_color_hover":"","ocean_menu_link_color_active":"","ocean_menu_link_background":"","ocean_menu_link_hover_background":"","ocean_menu_link_active_background":"","ocean_menu_social_links_bg":"","ocean_menu_social_hover_links_bg":"","ocean_menu_social_links_color":"","ocean_menu_social_hover_links_color":"","ocean_disable_title":"default","ocean_disable_heading":"default","ocean_post_title":"","ocean_post_subheading":"","ocean_post_title_style":"","ocean_post_title_background_color":"","ocean_post_title_background":0,"ocean_post_title_bg_image_position":"","ocean_post_title_bg_image_attachment":"","ocean_post_title_bg_image_repeat":"","ocean_post_title_bg_image_size":"","ocean_post_title_height":0,"ocean_post_title_bg_overlay":0.5,"ocean_post_title_bg_overlay_color":"","ocean_disable_breadcrumbs":"default","ocean_breadcrumbs_color":"","ocean_breadcrumbs_separator_color":"","ocean_breadcrumbs_links_color":"","ocean_breadcrumbs_links_hover_color":"","ocean_display_footer_widgets":"default","ocean_display_footer_bottom":"default","ocean_custom_footer_template":"0","omw_enable_modal_window":"enable"},"product_brand":[],"product_cat":[38],"product_tag":[],"class_list":{"0":"post-1465","1":"product","2":"type-product","3":"status-publish","4":"has-post-thumbnail","6":"product_cat-seans","8":"entry","9":"has-media","11":"first","12":"instock","13":"shipping-taxable","14":"purchasable","15":"product-type-simple","16":"col","17":"span_1_of_3","18":"owp-content-center","19":"owp-thumbs-layout-horizontal","20":"owp-btn-normal","21":"owp-tabs-layout-horizontal","22":"has-no-thumbnails"},"_links":{"self":[{"href":"https:\/\/dorukkristalyasam.com\/index.php?rest_route=\/wp\/v2\/product\/1465","targetHints":{"allow":["GET"]}}],"collection":[{"href":"https:\/\/dorukkristalyasam.com\/index.php?rest_route=\/wp\/v2\/product"}],"about":[{"href":"https:\/\/dorukkristalyasam.com\/index.php?rest_route=\/wp\/v2\/types\/product"}],"replies":[{"embeddable":true,"href":"https:\/\/dorukkristalyasam.com\/index.php?rest_route=%2Fwp%2Fv2%2Fcomments&post=1465"}],"wp:featuredmedia":[{"embeddable":true,"href":"https:\/\/dorukkristalyasam.com\/index.php?rest_route=\/wp\/v2\/media\/1452"}],"wp:attachment":[{"href":"https:\/\/dorukkristalyasam.com\/index.php?rest_route=%2Fwp%2Fv2%2Fmedia&parent=1465"}],"wp:term":[{"taxonomy":"product_brand","embeddable":true,"href":"https:\/\/dorukkristalyasam.com\/index.php?rest_route=%2Fwp%2Fv2%2Fproduct_brand&post=1465"},{"taxonomy":"product_cat","embeddable":true,"href":"https:\/\/dorukkristalyasam.com\/index.php?rest_route=%2Fwp%2Fv2%2Fproduct_cat&post=1465"},{"taxonomy":"product_tag","embeddable":true,"href":"https:\/\/dorukkristalyasam.com\/index.php?rest_route=%2Fwp%2Fv2%2Fproduct_tag&post=1465"}],"curies":[{"name":"wp","href":"https:\/\/api.w.org\/{rel}","templated":true}]}}