{"id":1464,"date":"2024-08-23T11:52:36","date_gmt":"2024-08-23T11:52:36","guid":{"rendered":"https:\/\/dorukkristalyasam.com\/?post_type=product&#038;p=1464"},"modified":"2026-01-13T21:04:04","modified_gmt":"2026-01-13T21:04:04","slug":"nefes-terapisi-seansi","status":"publish","type":"product","link":"https:\/\/dorukkristalyasam.com\/?product=nefes-terapisi-seansi","title":{"rendered":"Nefes Terapisi Seans\u0131"},"content":{"rendered":"<h3><em><strong>Nefesini De\u011fi\u015ftir, D\u00fcnyan De\u011fi\u015fsin\u201d<\/strong><\/em><\/h3>\n<p><strong>Nefes Al\u0131\u015fkanl\u0131klar\u0131:<\/strong><\/p>\n<p>\u0130nsanlar\u0131n tamam\u0131na yak\u0131n\u0131 nefes kapasitelerinin sadece\u00a0<strong>% 30\u2032<\/strong>unu kullan\u0131yor. \u0130\u015fte bu nedenledir ki<\/p>\n<p>%\u201930 sa\u011fl\u0131kl\u0131<\/p>\n<p>%\u201930 mutlu<\/p>\n<p>%\u201930 huzurlu<\/p>\n<p>%\u201930 ne\u015feliyiz. \u00c7\u00fcnk\u00fc\u00a0<strong><em>NASIL NEFES ALIYORSAK \u00d6YLE YA\u015eIYORUZ\u2026<\/em><\/strong><\/p>\n<p>Bu y\u00fczden sabahlar\u0131 yataktan yorgun kalk\u0131yor, \u00e7abuk hastalan\u0131yor, ya\u015flan\u0131yor ve g\u00fcn ge\u00e7tik\u00e7e mutsuzla\u015f\u0131yoruz.<\/p>\n<p>Nefes ya\u015fam demek. Nefes yoksa ya\u015famda yok. Yemeksiz 30 g\u00fcn, susuz 3 g\u00fcn, nefessiz yaln\u0131zca 3 dakika ya\u015fayabiliyoruz. \u0130nsanlar\u0131n \u00e7o\u011fu, do\u011fru, tam, ba\u011flant\u0131l\u0131 diyafram nefesini kullanamad\u0131klar\u0131ndan ya\u015famlar\u0131nda huzursuz, sa\u011fl\u0131ks\u0131z, mutsuz, yorgun ve ne\u015fesizler.<\/p>\n<p>Derin bir nefesle ba\u015fla\u2026<br \/>\nHer \u015feyin de\u011fi\u015fti\u011fi o ana, kendine d\u00f6nd\u00fc\u011f\u00fcn o e\u015fsiz ana\u2026<\/p>\n<p>Nefes Terapisi, yaln\u0131zca nefes al\u0131p vermek de\u011fil;<br \/>\nduygular\u0131n\u0131 \u015fefkatle g\u00f6rmek, bedeninde biriken y\u00fckleri b\u0131rakmak,<br \/>\nve zihninin \u00f6tesine ge\u00e7ip \u00f6z\u00fcnle yeniden bulu\u015fmakt\u0131r.<\/p>\n<p>Bu \u00f6zel seanslarda:<br \/>\n\u2022 Bast\u0131r\u0131lm\u0131\u015f duygular\u0131n izini s\u00fcr\u00fcyoruz<br \/>\n\u2022 Bedendeki blokajlar\u0131 fark ediyoruz<br \/>\n\u2022 Nefesin mucizesiyle \u00f6zg\u00fcrle\u015fmeye niyet ediyoruz<\/p>\n<p>Birlikte\u2026<br \/>\nGe\u00e7mi\u015fin zincirlerini k\u0131r\u0131yor, bug\u00fcnde k\u00f6kleniyoruz.<br \/>\nNefesin \u0131\u015f\u0131\u011f\u0131yla, i\u00e7indeki \u015fifay\u0131 hat\u0131rl\u0131yorsun.<\/p>\n<p>Haz\u0131rsan, bir nefes uzakl\u0131ktay\u0131z.<br \/>\nKendine do\u011fru \u00e7\u0131kaca\u011f\u0131n bu yolculukta seni bekliyorum.<\/p>\n<p>Seans s\u00fcresi: [Belirtmek istersen s\u00fcre ve detay ekleyebilirim]<\/p>\n","protected":false},"excerpt":{"rendered":"<p>\u00d6deme yap\u0131ld\u0131ktan sonra taraf\u0131n\u0131za d\u00f6n\u00fc\u015f yap\u0131larak Randevu olusturulabilecektir.<\/p>\n<p>tek ders fiyat\u0131d\u0131r 8 haftal\u0131k paket se\u00e7enekleri i\u00e7in ileti\u015fime ge\u00e7iniz.<\/p>\n<p>0534 314 8988<\/p>\n<p>Online \/ Y\u00fcz y\u00fcze se\u00e7eneklidir<\/p>\n","protected":false},"featured_media":1453,"comment_status":"open","ping_status":"closed","template":"","meta":{"ocean_post_layout":"","ocean_both_sidebars_style":"","ocean_both_sidebars_content_width":0,"ocean_both_sidebars_sidebars_width":0,"ocean_sidebar":"0","ocean_second_sidebar":"0","ocean_disable_margins":"enable","ocean_add_body_class":"","ocean_shortcode_before_top_bar":"","ocean_shortcode_after_top_bar":"","ocean_shortcode_before_header":"","ocean_shortcode_after_header":"","ocean_has_shortcode":"","ocean_shortcode_after_title":"","ocean_shortcode_before_footer_widgets":"","ocean_shortcode_after_footer_widgets":"","ocean_shortcode_before_footer_bottom":"","ocean_shortcode_after_footer_bottom":"","ocean_display_top_bar":"default","ocean_display_header":"default","ocean_header_style":"","ocean_center_header_left_menu":"0","ocean_custom_header_template":"0","ocean_custom_logo":0,"ocean_custom_retina_logo":0,"ocean_custom_logo_max_width":0,"ocean_custom_logo_tablet_max_width":0,"ocean_custom_logo_mobile_max_width":0,"ocean_custom_logo_max_height":0,"ocean_custom_logo_tablet_max_height":0,"ocean_custom_logo_mobile_max_height":0,"ocean_header_custom_menu":"0","ocean_menu_typo_font_family":"0","ocean_menu_typo_font_subset":"","ocean_menu_typo_font_size":0,"ocean_menu_typo_font_size_tablet":0,"ocean_menu_typo_font_size_mobile":0,"ocean_menu_typo_font_size_unit":"px","ocean_menu_typo_font_weight":"","ocean_menu_typo_font_weight_tablet":"","ocean_menu_typo_font_weight_mobile":"","ocean_menu_typo_transform":"","ocean_menu_typo_transform_tablet":"","ocean_menu_typo_transform_mobile":"","ocean_menu_typo_line_height":0,"ocean_menu_typo_line_height_tablet":0,"ocean_menu_typo_line_height_mobile":0,"ocean_menu_typo_line_height_unit":"","ocean_menu_typo_spacing":0,"ocean_menu_typo_spacing_tablet":0,"ocean_menu_typo_spacing_mobile":0,"ocean_menu_typo_spacing_unit":"","ocean_menu_link_color":"","ocean_menu_link_color_hover":"","ocean_menu_link_color_active":"","ocean_menu_link_background":"","ocean_menu_link_hover_background":"","ocean_menu_link_active_background":"","ocean_menu_social_links_bg":"","ocean_menu_social_hover_links_bg":"","ocean_menu_social_links_color":"","ocean_menu_social_hover_links_color":"","ocean_disable_title":"default","ocean_disable_heading":"default","ocean_post_title":"","ocean_post_subheading":"","ocean_post_title_style":"","ocean_post_title_background_color":"","ocean_post_title_background":0,"ocean_post_title_bg_image_position":"","ocean_post_title_bg_image_attachment":"","ocean_post_title_bg_image_repeat":"","ocean_post_title_bg_image_size":"","ocean_post_title_height":0,"ocean_post_title_bg_overlay":0.5,"ocean_post_title_bg_overlay_color":"","ocean_disable_breadcrumbs":"default","ocean_breadcrumbs_color":"","ocean_breadcrumbs_separator_color":"","ocean_breadcrumbs_links_color":"","ocean_breadcrumbs_links_hover_color":"","ocean_display_footer_widgets":"default","ocean_display_footer_bottom":"default","ocean_custom_footer_template":"0","omw_enable_modal_window":"enable"},"product_brand":[],"product_cat":[38],"product_tag":[],"class_list":{"0":"post-1464","1":"product","2":"type-product","3":"status-publish","4":"has-post-thumbnail","6":"product_cat-seans","8":"entry","9":"has-media","11":"first","12":"instock","13":"shipping-taxable","14":"purchasable","15":"product-type-simple","16":"col","17":"span_1_of_3","18":"owp-content-center","19":"owp-thumbs-layout-horizontal","20":"owp-btn-normal","21":"owp-tabs-layout-horizontal","22":"has-no-thumbnails"},"_links":{"self":[{"href":"https:\/\/dorukkristalyasam.com\/index.php?rest_route=\/wp\/v2\/product\/1464","targetHints":{"allow":["GET"]}}],"collection":[{"href":"https:\/\/dorukkristalyasam.com\/index.php?rest_route=\/wp\/v2\/product"}],"about":[{"href":"https:\/\/dorukkristalyasam.com\/index.php?rest_route=\/wp\/v2\/types\/product"}],"replies":[{"embeddable":true,"href":"https:\/\/dorukkristalyasam.com\/index.php?rest_route=%2Fwp%2Fv2%2Fcomments&post=1464"}],"wp:featuredmedia":[{"embeddable":true,"href":"https:\/\/dorukkristalyasam.com\/index.php?rest_route=\/wp\/v2\/media\/1453"}],"wp:attachment":[{"href":"https:\/\/dorukkristalyasam.com\/index.php?rest_route=%2Fwp%2Fv2%2Fmedia&parent=1464"}],"wp:term":[{"taxonomy":"product_brand","embeddable":true,"href":"https:\/\/dorukkristalyasam.com\/index.php?rest_route=%2Fwp%2Fv2%2Fproduct_brand&post=1464"},{"taxonomy":"product_cat","embeddable":true,"href":"https:\/\/dorukkristalyasam.com\/index.php?rest_route=%2Fwp%2Fv2%2Fproduct_cat&post=1464"},{"taxonomy":"product_tag","embeddable":true,"href":"https:\/\/dorukkristalyasam.com\/index.php?rest_route=%2Fwp%2Fv2%2Fproduct_tag&post=1464"}],"curies":[{"name":"wp","href":"https:\/\/api.w.org\/{rel}","templated":true}]}}