{"id":1451,"date":"2024-08-23T11:41:46","date_gmt":"2024-08-23T11:41:46","guid":{"rendered":"https:\/\/dorukkristalyasam.com\/?post_type=product&#038;p=1451"},"modified":"2026-01-13T21:06:39","modified_gmt":"2026-01-13T21:06:39","slug":"sifali-taslar-litoterapi-egitimi","status":"publish","type":"product","link":"https:\/\/dorukkristalyasam.com\/?product=sifali-taslar-litoterapi-egitimi","title":{"rendered":"\u015eifal\u0131 Ta\u015flar &#8211; Litoterapi E\u011fitimi-10 Hafta"},"content":{"rendered":"<p>L\u0130TOTERAP\u0130 &amp; \u015e\u0130FALI TA\u015eLAR E\u011e\u0130T\u0130M\u0130<br \/>\n10 Hafta \u2013 2,5 Ayl\u0131k Muhte\u015fem Bir Yolculu\u011fa Haz\u0131r m\u0131s\u0131n?<\/p>\n<p>Kristallerin haf\u0131zas\u0131, do\u011fan\u0131n bilgeli\u011fi ve ruhunun sezgileriyle birle\u015fiyor\u2026<br \/>\nBu e\u011fitim sadece ta\u015flar\u0131 \u00f6\u011frenmek de\u011fil; ya\u015famla, frekansla, \u015fifayla yeniden bulu\u015fmakt\u0131r.<br \/>\nHer ta\u015f bir anahtar\u2026 Her bilgi, i\u00e7indeki \u015fifac\u0131ya a\u00e7\u0131lan bir kap\u0131\u2026<\/p>\n<p>Bu yolculukta:<\/p>\n<p>\ud83d\udd39 Varolu\u015fun kayna\u011f\u0131na iniyor, tasavvufi bir derinlikle bilin\u00e7 katmanlar\u0131n\u0131 ke\u015ffediyoruz.<br \/>\n\ud83d\udd39 Kristallerin enerjisiyle bedenin, zihnin ve ruhun dili aras\u0131nda ba\u011f kurmay\u0131 \u00f6\u011freniyoruz.<br \/>\n\ud83d\udd39 Holistik \u015fifaya, kuantum yasalar\u0131na ve sezgisel bilgeli\u011fe ad\u0131m at\u0131yoruz.<\/p>\n<p>Bu e\u011fitimde seni neler bekliyor?<\/p>\n<p>\u2728 Kristal ta\u015flar\u0131n se\u00e7imi, bak\u0131m\u0131 ve etkileri<br \/>\n\u2728 \u00c7akralar, fiziksel beden ve enerji alanlar\u0131yla ta\u015flar\u0131n ili\u015fkisi<br \/>\n\u2728 Pand\u00fcl &amp; Bovismetre kullan\u0131m\u0131<br \/>\n\u2728 Numeroloji ve semboller<br \/>\n\u2728 Renklerin \u015fifas\u0131 ve kutsal geometri<br \/>\n\u2728 Kristal \u0131zgaralar ile niyet olu\u015fturma<br \/>\n\u2728 Hastal\u0131klar ve kristal terapisi<br \/>\n\u2728 Karma, alt\u0131n oran, ve \u00e7ok daha fazlas\u0131\u2026<\/p>\n<p>Ve en \u00f6nemlisi:<br \/>\nDo\u011fal ta\u015flarla sezgisel ba\u011f kurmay\u0131, kristallerle terapi uygulamay\u0131 ve bilgiyi d\u00f6n\u00fc\u015ft\u00fcrerek aktarmay\u0131 \u00f6\u011freniyoruz.<\/p>\n<p>Ruhun bu \u00e7a\u011fr\u0131y\u0131 hissediyorsa,<br \/>\nSen de bu b\u00fcy\u00fcl\u00fc yolculukta yerini al\u2026<\/p>\n<p>Son olarak yap\u0131lan s\u0131nav sonras\u0131\u00a0 \u00a0E devlet te g\u00f6r\u00fcnt\u00fclenebilir Uluslar aras\u0131 ge\u00e7erlili\u011fe sahip sertfika al\u0131yorsunuz.<\/p>\n","protected":false},"excerpt":{"rendered":"<p>E\u011fitim s\u00fcresi 10 haftad\u0131r.Her hafta bir e\u011fitim videosu yay\u0131nlan\u0131r. \u00d6deme yap\u0131ld\u0131ktan sonra taraf\u0131n\u0131za g\u00f6nderilecek olan \u015fifre ile e\u011fitime kat\u0131labilirsiniz.<\/p>\n","protected":false},"featured_media":1457,"comment_status":"open","ping_status":"closed","template":"","meta":{"ocean_post_layout":"","ocean_both_sidebars_style":"","ocean_both_sidebars_content_width":0,"ocean_both_sidebars_sidebars_width":0,"ocean_sidebar":"0","ocean_second_sidebar":"0","ocean_disable_margins":"enable","ocean_add_body_class":"","ocean_shortcode_before_top_bar":"","ocean_shortcode_after_top_bar":"","ocean_shortcode_before_header":"","ocean_shortcode_after_header":"","ocean_has_shortcode":"","ocean_shortcode_after_title":"","ocean_shortcode_before_footer_widgets":"","ocean_shortcode_after_footer_widgets":"","ocean_shortcode_before_footer_bottom":"","ocean_shortcode_after_footer_bottom":"","ocean_display_top_bar":"default","ocean_display_header":"default","ocean_header_style":"","ocean_center_header_left_menu":"0","ocean_custom_header_template":"0","ocean_custom_logo":0,"ocean_custom_retina_logo":0,"ocean_custom_logo_max_width":0,"ocean_custom_logo_tablet_max_width":0,"ocean_custom_logo_mobile_max_width":0,"ocean_custom_logo_max_height":0,"ocean_custom_logo_tablet_max_height":0,"ocean_custom_logo_mobile_max_height":0,"ocean_header_custom_menu":"0","ocean_menu_typo_font_family":"0","ocean_menu_typo_font_subset":"","ocean_menu_typo_font_size":0,"ocean_menu_typo_font_size_tablet":0,"ocean_menu_typo_font_size_mobile":0,"ocean_menu_typo_font_size_unit":"px","ocean_menu_typo_font_weight":"","ocean_menu_typo_font_weight_tablet":"","ocean_menu_typo_font_weight_mobile":"","ocean_menu_typo_transform":"","ocean_menu_typo_transform_tablet":"","ocean_menu_typo_transform_mobile":"","ocean_menu_typo_line_height":0,"ocean_menu_typo_line_height_tablet":0,"ocean_menu_typo_line_height_mobile":0,"ocean_menu_typo_line_height_unit":"","ocean_menu_typo_spacing":0,"ocean_menu_typo_spacing_tablet":0,"ocean_menu_typo_spacing_mobile":0,"ocean_menu_typo_spacing_unit":"","ocean_menu_link_color":"","ocean_menu_link_color_hover":"","ocean_menu_link_color_active":"","ocean_menu_link_background":"","ocean_menu_link_hover_background":"","ocean_menu_link_active_background":"","ocean_menu_social_links_bg":"","ocean_menu_social_hover_links_bg":"","ocean_menu_social_links_color":"","ocean_menu_social_hover_links_color":"","ocean_disable_title":"default","ocean_disable_heading":"default","ocean_post_title":"","ocean_post_subheading":"","ocean_post_title_style":"","ocean_post_title_background_color":"","ocean_post_title_background":0,"ocean_post_title_bg_image_position":"","ocean_post_title_bg_image_attachment":"","ocean_post_title_bg_image_repeat":"","ocean_post_title_bg_image_size":"","ocean_post_title_height":0,"ocean_post_title_bg_overlay":0.5,"ocean_post_title_bg_overlay_color":"","ocean_disable_breadcrumbs":"default","ocean_breadcrumbs_color":"","ocean_breadcrumbs_separator_color":"","ocean_breadcrumbs_links_color":"","ocean_breadcrumbs_links_hover_color":"","ocean_display_footer_widgets":"default","ocean_display_footer_bottom":"default","ocean_custom_footer_template":"0","omw_enable_modal_window":"enable"},"product_brand":[],"product_cat":[37],"product_tag":[],"class_list":{"0":"post-1451","1":"product","2":"type-product","3":"status-publish","4":"has-post-thumbnail","6":"product_cat-egitim","8":"entry","9":"has-media","11":"first","12":"instock","13":"shipping-taxable","14":"purchasable","15":"product-type-simple","16":"col","17":"span_1_of_3","18":"owp-content-center","19":"owp-thumbs-layout-horizontal","20":"owp-btn-normal","21":"owp-tabs-layout-horizontal","22":"has-no-thumbnails"},"_links":{"self":[{"href":"https:\/\/dorukkristalyasam.com\/index.php?rest_route=\/wp\/v2\/product\/1451","targetHints":{"allow":["GET"]}}],"collection":[{"href":"https:\/\/dorukkristalyasam.com\/index.php?rest_route=\/wp\/v2\/product"}],"about":[{"href":"https:\/\/dorukkristalyasam.com\/index.php?rest_route=\/wp\/v2\/types\/product"}],"replies":[{"embeddable":true,"href":"https:\/\/dorukkristalyasam.com\/index.php?rest_route=%2Fwp%2Fv2%2Fcomments&post=1451"}],"wp:featuredmedia":[{"embeddable":true,"href":"https:\/\/dorukkristalyasam.com\/index.php?rest_route=\/wp\/v2\/media\/1457"}],"wp:attachment":[{"href":"https:\/\/dorukkristalyasam.com\/index.php?rest_route=%2Fwp%2Fv2%2Fmedia&parent=1451"}],"wp:term":[{"taxonomy":"product_brand","embeddable":true,"href":"https:\/\/dorukkristalyasam.com\/index.php?rest_route=%2Fwp%2Fv2%2Fproduct_brand&post=1451"},{"taxonomy":"product_cat","embeddable":true,"href":"https:\/\/dorukkristalyasam.com\/index.php?rest_route=%2Fwp%2Fv2%2Fproduct_cat&post=1451"},{"taxonomy":"product_tag","embeddable":true,"href":"https:\/\/dorukkristalyasam.com\/index.php?rest_route=%2Fwp%2Fv2%2Fproduct_tag&post=1451"}],"curies":[{"name":"wp","href":"https:\/\/api.w.org\/{rel}","templated":true}]}}