{"id":385,"date":"2020-12-12T21:43:58","date_gmt":"2020-12-12T21:43:58","guid":{"rendered":"https:\/\/dorukkristalyasam.com\/?page_id=385"},"modified":"2026-01-07T15:41:29","modified_gmt":"2026-01-07T15:41:29","slug":"selma-doruk-cura","status":"publish","type":"page","link":"https:\/\/dorukkristalyasam.com\/?page_id=385","title":{"rendered":"SELMA DORUK CURA"},"content":{"rendered":"\t\t<div data-elementor-type=\"wp-page\" data-elementor-id=\"385\" class=\"elementor elementor-385\">\n\t\t\t\t\t\t<section class=\"elementor-section elementor-top-section elementor-element elementor-element-af998f5 elementor-section-boxed elementor-section-height-default elementor-section-height-default\" data-id=\"af998f5\" data-element_type=\"section\" data-e-type=\"section\">\n\t\t\t\t\t\t<div class=\"elementor-container elementor-column-gap-default\">\n\t\t\t\t\t<div class=\"elementor-column elementor-col-33 elementor-top-column elementor-element elementor-element-05cc9bd\" data-id=\"05cc9bd\" data-element_type=\"column\" data-e-type=\"column\">\n\t\t\t<div class=\"elementor-widget-wrap elementor-element-populated\">\n\t\t\t\t\t\t<div class=\"elementor-element elementor-element-e9dea6d elementor-widget elementor-widget-image\" data-id=\"e9dea6d\" data-element_type=\"widget\" data-e-type=\"widget\" data-widget_type=\"image.default\">\n\t\t\t\t<div class=\"elementor-widget-container\">\n\t\t\t\t\t\t\t\t\t\t\t\t\t\t\t<img fetchpriority=\"high\" decoding=\"async\" width=\"225\" height=\"300\" src=\"https:\/\/dorukkristalyasam.com\/wp-content\/uploads\/2024\/08\/FB_IMG_1724399423526-225x300.jpg\" class=\"attachment-medium size-medium wp-image-1395\" alt=\"\" srcset=\"https:\/\/dorukkristalyasam.com\/wp-content\/uploads\/2024\/08\/FB_IMG_1724399423526-225x300.jpg 225w, https:\/\/dorukkristalyasam.com\/wp-content\/uploads\/2024\/08\/FB_IMG_1724399423526-348x464.jpg 348w, https:\/\/dorukkristalyasam.com\/wp-content\/uploads\/2024\/08\/FB_IMG_1724399423526-454x605.jpg 454w, https:\/\/dorukkristalyasam.com\/wp-content\/uploads\/2024\/08\/FB_IMG_1724399423526.jpg 720w\" sizes=\"(max-width: 225px) 100vw, 225px\" \/>\t\t\t\t\t\t\t\t\t\t\t\t\t\t\t<\/div>\n\t\t\t\t<\/div>\n\t\t\t\t\t<\/div>\n\t\t<\/div>\n\t\t\t\t<div class=\"elementor-column elementor-col-66 elementor-top-column elementor-element elementor-element-8694aa5\" data-id=\"8694aa5\" data-element_type=\"column\" data-e-type=\"column\">\n\t\t\t<div class=\"elementor-widget-wrap elementor-element-populated\">\n\t\t\t\t\t\t<div class=\"elementor-element elementor-element-7f9ff5d elementor-widget elementor-widget-text-editor\" data-id=\"7f9ff5d\" data-element_type=\"widget\" data-e-type=\"widget\" data-widget_type=\"text-editor.default\">\n\t\t\t\t<div class=\"elementor-widget-container\">\n\t\t\t\t\t\t\t\t\t<p class=\"p1\">1974 Manisa Do\u011fumlu olan <strong>Selma Doruk Cura<\/strong>, ya\u015fam ve d\u00f6n\u00fc\u015f\u00fcm\u00fc asl\u0131nda fark\u0131nda olmadan kendi se\u00e7imleriyle ve o zamanki ko\u015fullar dahilinde bilmeyerek<span class=\"Apple-converted-space\">\u00a0 <\/span>ayakta kalma sava\u015f\u0131 verirken ke\u015ffetmeye ba\u015flam\u0131\u015ft\u0131r.<\/p><p class=\"p1\">\u00c7ocuklu\u011fundan itibaren bir dizi s\u0131navlar silsilesini ad\u0131m ad\u0131m a\u015farak bu g\u00fcnlere gelmi\u015ftir.<\/p><p class=\"p1\">1992 Y\u0131l\u0131nda Liseyi bitirmesi sonras\u0131 ani bir kararla \u00e7al\u0131\u015fma hayat\u0131na turizm otelcilikte devam etme karar\u0131 alm\u0131\u015f ve Antalya b\u00f6lgesinde Farkl\u0131 otellerde Yakla\u015f\u0131k 10 y\u0131l s\u00fcreyle g\u00f6rev yapm\u0131\u015ft\u0131r.<\/p><p class=\"p1\">1992 y\u0131l\u0131nda Kazand\u0131\u011f\u0131 \u00fcniversiteye gidemeyen ve sonras\u0131nda Anadolu \u00dcniversitesi Kamu y\u00f6netimi bol\u00fcm\u00fcn\u00fc 2. s\u0131n\u0131f sonras\u0131 yar\u0131m b\u0131rakan Cura,<span class=\"Apple-converted-space\">\u00a0 <\/span>2000 y\u0131l\u0131nda <strong>\u0130ktisadi idari Bilimler Fak\u00fcltesi<\/strong>&#8216;nden mezun olmu\u015ftur.<\/p>\t\t\t\t\t\t\t\t<\/div>\n\t\t\t\t<\/div>\n\t\t\t\t\t<\/div>\n\t\t<\/div>\n\t\t\t\t\t<\/div>\n\t\t<\/section>\n\t\t\t\t<section class=\"elementor-section elementor-top-section elementor-element elementor-element-8e32001 elementor-section-boxed elementor-section-height-default elementor-section-height-default\" data-id=\"8e32001\" data-element_type=\"section\" data-e-type=\"section\">\n\t\t\t\t\t\t<div class=\"elementor-container elementor-column-gap-default\">\n\t\t\t\t\t<div class=\"elementor-column elementor-col-100 elementor-top-column elementor-element elementor-element-2793ef5\" data-id=\"2793ef5\" data-element_type=\"column\" data-e-type=\"column\">\n\t\t\t<div class=\"elementor-widget-wrap elementor-element-populated\">\n\t\t\t\t\t\t<div class=\"elementor-element elementor-element-fbff7aa elementor-widget__width-initial elementor-widget elementor-widget-text-editor\" data-id=\"fbff7aa\" data-element_type=\"widget\" data-e-type=\"widget\" data-widget_type=\"text-editor.default\">\n\t\t\t\t<div class=\"elementor-widget-container\">\n\t\t\t\t\t\t\t\t\t<p>Ya\u015fam\u0131nda, hep sava\u015fman\u0131n ve tek ba\u015f\u0131na m\u00fccadelenin \u00e7ocuklu\u011fundan itibaren t\u00fcm zorluklar\u0131n\u0131 ya\u015fayan <strong>Cura<\/strong>, yo\u011fun s\u0131nav trafi\u011finden sonra <strong>2002<\/strong> Y\u0131l\u0131nda <strong>Bodrum<\/strong>&#8216;a gelme karar\u0131 alm\u0131\u015ft\u0131r.<\/p><p>Turizm otelcilik muhasebe alan\u0131nda \u00e7e\u015fitli i\u015fletmelerde g\u00f6rev yapm\u0131\u015f ve bu s\u00fcre zarf\u0131nda hayat\u0131nda hep ba\u015fa d\u00f6n\u00fc\u015flerin oldu\u011fu fark\u0131ndal\u0131\u011f\u0131n\u0131 ke\u015ffetmi\u015ftir. Kendini g\u00fc\u00e7l\u00fc k\u0131lmak ad\u0131na ya\u015fam\u0131n her t\u00fcrl\u00fc d\u00f6n\u00fc\u015f\u00fcm\u00fc ile kendini iyile\u015ftirmeye ve kendine ad\u0131m atmaya ba\u015flam\u0131\u015ft\u0131r.<\/p><p>\u00d6ncelikle ald\u0131\u011f\u0131 <strong>Latin Danslar\u0131<\/strong> e\u011fitimleri ile ya\u015famla dans etmeyi \u00f6\u011frenmi\u015f, do\u011fal ta\u015flara ve aksesuara olan ilgisi nedeniyle farkl\u0131 zamanlarda\u00a0 da tak\u0131 tasar\u0131mlar\u0131 yapmaya ve muhasebe i\u015fi d\u0131\u015f\u0131nda, kendini geli\u015ftirmek i\u00e7in yolculuklar\u0131 s\u00fcresince daima ke\u015fifler yapmaya ba\u015flam\u0131\u015ft\u0131r.<\/p><p>Kristallerin ya\u015fam\u0131ndaki d\u00f6n\u00fc\u015f\u00fcm\u00fc <strong>2003<\/strong> y\u0131l\u0131nda ba\u015flam\u0131\u015f ve kendisine yol g\u00f6sterici ve d\u00f6n\u00fc\u015ft\u00fcr\u00fcc\u00fc \u00f6zelli\u011fini ke\u015ffetmi\u015ftir.<\/p><p><strong>2017<\/strong>\u00a0y\u0131l\u0131nda kendi geli\u015fimi ad\u0131na\u00a0<b> Kuantum Ko\u00e7luk Merkezi <\/b>\u00a0,\u00a0<em><strong>2018\u00a0 y\u0131l\u0131nda ise Nefes Ve Ya\u015fam Akedemisi <\/strong><\/em>\u00a0\u00f6nderli\u011finde nefesle tan\u0131\u015fan <strong>Cura, <\/strong>bu alanda yol alamaya ve \u00e7evresindeki ki\u015filere de yol g\u00f6sterici olmaya devam etmi\u015ftir.<\/p><p>Ve <strong>2019<\/strong>\u00a0y\u0131l\u0131 itibar\u0131 ile <strong>Litoterapi &#8211; Nefes Terapisi &#8211;\u00a0 Quantum Ya\u015fam ve Kariyer Ko\u00e7lu\u011fu<\/strong> e\u011fitimlerini tamamlayarak, profesyonel olarak bu sekt\u00f6rde d\u00f6n\u00fc\u015f\u00fcmler \u0130\u00e7in ad\u0131m atm\u0131\u015ft\u0131r.<\/p><p><strong>Ald\u0131\u011f\u0131 E\u011fitimler;<\/strong><\/p><p><strong>2018<\/strong><\/p><p>\u0130nternational Quantum Coaching &#8211; Nilda Ferhan Efe\u00e7\u0131nar \/ <em><strong>Kuantum Ya\u015fam Ko\u00e7lu\u011fu E\u011fitimi<\/strong><\/em><\/p><p><strong>2019<\/strong><\/p><p>Lal Ya\u015fam &#8211; Tuna Kamhi \/ <em><strong>Kristal Bilin\u00e7 E\u011fitimi<\/strong><\/em><\/p><p>Lal Ya\u015fam &#8211; Tuna Kamhi \/ <em><strong>Sarka\u00e7, Bovismetre, Sembollerle \u015eifa, Say\u0131larla \u015eifa E\u011fitimi<\/strong><\/em><\/p><p>Nefes Ve Ya\u015fam Akademisi &#8211; Burcu Hatipo\u011flu \/ <em><strong>Nefes Ko\u00e7lu\u011fu Ve E\u011fitmenli\u011fi E\u011fitimi<\/strong><\/em><\/p><p><strong>2020 Akredite Uzmanl\u0131k E\u011fitimleri;<\/strong><\/p><p><span style=\"font-size: 14px;\">Nac-Educert &#8211; Sem Akademi \/ <\/span><em style=\"font-size: 14px;\"><strong>Temel seviye ve \u0130leri seviye Astroloji E\u011fitimi<\/strong><\/em><\/p><p>Alt\u0131nba\u015f \u00dcniversitesi &#8211; Nac-Educert &#8211; Sem Akademi \/ <em><strong>E\u011fiticinin E\u011fitimi E\u011fitimi<\/strong><\/em><\/p><p>Alt\u0131nba\u015f \u00dcniversitesi &#8211; Nac-Educert &#8211; Sem Akademi \/ <em><strong>Ya\u015fam Ko\u00e7lu\u011fu E\u011fitimi<\/strong><\/em><\/p><p>Alt\u0131nba\u015f \u00dcniversitesi &#8211; Nac-Educert &#8211; Sem Akademi \/ <em><strong>Kariyer Ko\u00e7lu\u011fu E\u011fitimi<\/strong><\/em><\/p><p>Alt\u0131nba\u015f \u00dcniversitesi &#8211; Nac-Educert &#8211; Sem Akademi \/ <em><strong>Nefes Ko\u00e7lu\u011fu E\u011fitimi<\/strong><\/em><\/p><p>Alt\u0131nba\u015f \u00dcniversitesi &#8211; Nac-Educert &#8211; Sem Akademi \/ <em><strong>NLP Temel ve \u0130leri Seviye\u00a0 E\u011fitim<span style=\"color: #444444; font-family: Roboto, Arial, Helvetica, Verdana, sans-serif;\"><span style=\"font-size: 13px;\">i<\/span><\/span><\/strong><\/em><\/p><p><span style=\"color: #444444; font-family: Roboto, Arial, Helvetica, Verdana, sans-serif;\"><span style=\"font-size: 13px;\"><i>Ba\u015fkent \u00dcn\u00fcversitesi\u00a0 &#8211; R\u0130CCON AKADEM\u0130 -Adamer e\u011fitim merkezi<\/i><i> \/ <\/i><b style=\"font-style: italic;\">\u015eifal\u0131 Ta\u015flar E\u011fitimi<\/b><\/span><\/span><\/p><p><span style=\"color: #444444; font-family: Roboto, Arial, Helvetica, Verdana, sans-serif;\"><span style=\"font-size: 13px;\">B<span style=\"font-style: italic;\">a\u015fkent \u00dcn\u00fcversitesi -R\u0130CCON AKADEM\u0130 &#8211; Adamer E\u011fitim Merkezi<\/span><b style=\"font-style: italic;\"> \/ Mineral terapi<\/b><\/span><\/span><\/p><p>\u0130stanbul Arel \u00dcn\u00fcversitesi -Arelsem \/ <strong>Dikkat Eksikli\u011fi ve hiperaktivite Bozuklu\u011fu<\/strong><\/p><p>\u0130stanbul Arel \u00dcn\u00fcversitesi -Arelsem \/ <strong>Davran\u0131\u015fsal ve Maddesel Ba\u011f\u0131ml\u0131l\u0131k<\/strong><\/p><p>\u0130stanbul Arel \u00dcn\u00fcversitesi -Arelsem \/<strong> Kriz ve Ya\u015f D\u00f6nemlerinde Yard\u0131m<\/strong><\/p><p>\u0130stanbul Arel \u00dcn\u00fcversitesi -Arelsem \/<strong> \u0130li\u015fkilerde Belirleyici Unsur -Nesne \u0130li\u015fkileri<\/strong><\/p><p>\u0130stanbul Arel \u00dcn\u00fcversitesi &#8211; Arelsem \/ B<strong>eyinde Cinsel Geli\u015fim ve Y\u00f6nelim<\/strong><\/p><p>\u0130stanbul Arel \u00dcn\u00fcversitesi &#8211; Arelsem \/ <strong>Pisikopatojide Ne Nas\u0131l S\u00f6ylenir<\/strong><\/p><p>\u0130stanbul Arel \u00dcn\u00fcversitesi &#8211; Arelsem \/ <strong>Pisikolojik Dan\u0131\u015fmanl\u0131k E\u011fitimi<\/strong><\/p><p>\u0130stanbul Arel \u00dcn\u00fcversitesi &#8211; Arelsem \/ <strong>Madde\u00a0 Ba\u011f\u0131ml\u0131l\u0131\u011f\u0131<\/strong><\/p><p>\u0130stanbul Arel \u00dcn\u00fcversitesi &#8211; Arelsem \/ <strong>\u0130li\u015fkilerde \u00c7ocuklu\u011fun \u0130zi -Ba\u011flanma<\/strong><\/p><p>\u0130stanbul Arel \u00dcn\u00fcversitesi &#8211; Arelsem \/<strong>\u0130li\u015fkilerde Belirleyici Unsur -Nesne \u0130li\u015fkileri<\/strong><\/p><p>\u0130stanbul Esenyurt \u00dcn\u00fcversitesi\u00a0 \/<strong>Kader Motifi<\/strong><\/p>\t\t\t\t\t\t\t\t<\/div>\n\t\t\t\t<\/div>\n\t\t\t\t\t<\/div>\n\t\t<\/div>\n\t\t\t\t\t<\/div>\n\t\t<\/section>\n\t\t\t\t<section class=\"elementor-section elementor-top-section elementor-element elementor-element-d4cf596 elementor-section-boxed elementor-section-height-default elementor-section-height-default\" data-id=\"d4cf596\" data-element_type=\"section\" data-e-type=\"section\">\n\t\t\t\t\t\t<div class=\"elementor-container elementor-column-gap-default\">\n\t\t\t\t\t<div class=\"elementor-column elementor-col-100 elementor-top-column elementor-element elementor-element-fc05615\" data-id=\"fc05615\" data-element_type=\"column\" data-e-type=\"column\">\n\t\t\t<div class=\"elementor-widget-wrap elementor-element-populated\">\n\t\t\t\t\t\t<div class=\"elementor-element elementor-element-0520e1b elementor-widget elementor-widget-heading\" data-id=\"0520e1b\" data-element_type=\"widget\" data-e-type=\"widget\" data-widget_type=\"heading.default\">\n\t\t\t\t<div class=\"elementor-widget-container\">\n\t\t\t\t\t<h2 class=\"elementor-heading-title elementor-size-default\">\u00d6NEML\u0130 NOT:<\/h2>\t\t\t\t<\/div>\n\t\t\t\t<\/div>\n\t\t\t\t<div class=\"elementor-element elementor-element-c24b51e elementor-widget elementor-widget-text-editor\" data-id=\"c24b51e\" data-element_type=\"widget\" data-e-type=\"widget\" data-widget_type=\"text-editor.default\">\n\t\t\t\t<div class=\"elementor-widget-container\">\n\t\t\t\t\t\t\t\t\t<p>Bu web sitesinde sunulan t\u00fcm i\u00e7erikler; bireyin kendini tan\u0131ma yolculu\u011funu desteklemek, fark\u0131ndal\u0131\u011f\u0131n\u0131 art\u0131rmak ve i\u00e7sel potansiyeline dair bilin\u00e7 geli\u015ftirmesine alan a\u00e7mak amac\u0131yla haz\u0131rlanm\u0131\u015ft\u0131r. Burada payla\u015f\u0131lan bilgiler; y\u00f6nlendirme, vaat ya da kesin sonu\u00e7 iddias\u0131 ta\u015f\u0131maz.<\/p><p><br \/><strong>Selma Doruk Cura<\/strong> taraf\u0131ndan y\u00fcr\u00fct\u00fclen hi\u00e7bir \u00e7al\u0131\u015fma; \u015fifac\u0131l\u0131k, tedavi, falc\u0131l\u0131k, b\u00fcy\u00fcc\u00fcl\u00fck veya herhangi bir dini ya da spirit\u00fcel inan\u00e7 sisteminin istismar\u0131 niteli\u011finde de\u011fildir. Sunulan t\u00fcm yakla\u015f\u0131mlar; etik sorumluluk, \u015feffafl\u0131k ve bireysel s\u0131n\u0131rlar\u0131n korunmas\u0131 ilkeleri do\u011frultusunda ger\u00e7ekle\u015ftirilir.<\/p><p><br \/>Web sitesinde yer alan enerji, bilin\u00e7, fark\u0131ndal\u0131k ve ki\u015fisel geli\u015fim temelli i\u00e7erikler; fiziksel, ruhsal veya psikolojik herhangi bir rahats\u0131zl\u0131\u011f\u0131n tan\u0131 ve tedavisi yerine ge\u00e7mez. Sa\u011fl\u0131kla ilgili t\u00fcm konular, yaln\u0131zca alan\u0131nda yetkin sa\u011fl\u0131k profesyonellerinin uzmanl\u0131k alan\u0131na girer. Ruhsal, zihinsel ya da bedensel bir rahats\u0131zl\u0131k \u015f\u00fcphesinde; bireylerin psikologlara, psikiyatrlara veya ilgili hekimlere ba\u015fvurmalar\u0131 gerekmektedir.<\/p><p><br \/>Bu \u00e7al\u0131\u015fmalar; iyile\u015ftirme vaadi sunmaz, ki\u015finin iradesi \u00fczerinde ba\u011flay\u0131c\u0131 bir etki olu\u015fturmaz. Ama\u00e7; bireyin kendi i\u00e7 fark\u0131ndal\u0131\u011f\u0131n\u0131 g\u00fc\u00e7lendirmesi, ya\u015famla kurdu\u011fu ba\u011f\u0131 bilin\u00e7le g\u00f6zlemlemesi ve iyi olma halini desteklemesidir.<\/p><p>Bu web sitesinde kullan\u0131lan \u201cenerji\u201d, \u201cbilin\u00e7\u201d, \u201car\u0131nma\u201d gibi kavramlar; umut suistimali yaratmak i\u00e7in de\u011fil, ki\u015fisel sorumluluk ve fark\u0131ndal\u0131k \u00e7a\u011fr\u0131s\u0131 yapmak amac\u0131yla kullan\u0131lmaktad\u0131r. Ziyaret\u00e7ilerin i\u00e7erikleri bilin\u00e7li, sorgulay\u0131c\u0131 ve kendi sorumluluklar\u0131 dahilinde de\u011ferlendirmeleri esast\u0131r.<\/p><p><strong>Bu etik bildirim<\/strong>; ziyaret\u00e7ilerin g\u00fcvenli\u011fini, psikolojik s\u0131n\u0131rlar\u0131n\u0131 ve ki\u015fisel haklar\u0131n\u0131 koruma sorumlulu\u011funun bir par\u00e7as\u0131 olarak sunulmaktad\u0131r. \u00c7\u00fcnk\u00fc ger\u00e7ek d\u00f6n\u00fc\u015f\u00fcm; d\u0131\u015fsal vaatlerle de\u011fil, bireyin kendi fark\u0131ndal\u0131\u011f\u0131yla ba\u015flar.<\/p>\t\t\t\t\t\t\t\t<\/div>\n\t\t\t\t<\/div>\n\t\t\t\t\t<\/div>\n\t\t<\/div>\n\t\t\t\t\t<\/div>\n\t\t<\/section>\n\t\t\t\t<\/div>\n\t\t","protected":false},"excerpt":{"rendered":"<p>1974 Manisa Do\u011fumlu olan Selma Doruk Cura, ya\u015fam ve d\u00f6n\u00fc\u015f\u00fcm\u00fc asl\u0131nda fark\u0131nda olmadan kendi se\u00e7imleriyle ve o zamanki ko\u015fullar dahilinde bilmeyerek\u00a0 ayakta kalma sava\u015f\u0131 verirken ke\u015ffetmeye ba\u015flam\u0131\u015ft\u0131r. \u00c7ocuklu\u011fundan itibaren bir dizi s\u0131navlar silsilesini ad\u0131m ad\u0131m a\u015farak bu g\u00fcnlere gelmi\u015ftir. 1992 Y\u0131l\u0131nda Liseyi bitirmesi sonras\u0131 ani bir kararla \u00e7al\u0131\u015fma hayat\u0131na turizm otelcilikte devam etme karar\u0131 alm\u0131\u015f [&hellip;]<\/p>\n","protected":false},"author":1,"featured_media":0,"parent":0,"menu_order":0,"comment_status":"closed","ping_status":"closed","template":"","meta":{"ocean_post_layout":"","ocean_both_sidebars_style":"","ocean_both_sidebars_content_width":0,"ocean_both_sidebars_sidebars_width":0,"ocean_sidebar":"0","ocean_second_sidebar":"0","ocean_disable_margins":"enable","ocean_add_body_class":"","ocean_shortcode_before_top_bar":"","ocean_shortcode_after_top_bar":"","ocean_shortcode_before_header":"","ocean_shortcode_after_header":"","ocean_has_shortcode":"","ocean_shortcode_after_title":"","ocean_shortcode_before_footer_widgets":"","ocean_shortcode_after_footer_widgets":"","ocean_shortcode_before_footer_bottom":"","ocean_shortcode_after_footer_bottom":"","ocean_display_top_bar":"default","ocean_display_header":"default","ocean_header_style":"","ocean_center_header_left_menu":"0","ocean_custom_header_template":"0","ocean_custom_logo":0,"ocean_custom_retina_logo":0,"ocean_custom_logo_max_width":0,"ocean_custom_logo_tablet_max_width":0,"ocean_custom_logo_mobile_max_width":0,"ocean_custom_logo_max_height":0,"ocean_custom_logo_tablet_max_height":0,"ocean_custom_logo_mobile_max_height":0,"ocean_header_custom_menu":"0","ocean_menu_typo_font_family":"0","ocean_menu_typo_font_subset":"","ocean_menu_typo_font_size":0,"ocean_menu_typo_font_size_tablet":0,"ocean_menu_typo_font_size_mobile":0,"ocean_menu_typo_font_size_unit":"px","ocean_menu_typo_font_weight":"","ocean_menu_typo_font_weight_tablet":"","ocean_menu_typo_font_weight_mobile":"","ocean_menu_typo_transform":"","ocean_menu_typo_transform_tablet":"","ocean_menu_typo_transform_mobile":"","ocean_menu_typo_line_height":0,"ocean_menu_typo_line_height_tablet":0,"ocean_menu_typo_line_height_mobile":0,"ocean_menu_typo_line_height_unit":"","ocean_menu_typo_spacing":0,"ocean_menu_typo_spacing_tablet":0,"ocean_menu_typo_spacing_mobile":0,"ocean_menu_typo_spacing_unit":"","ocean_menu_link_color":"","ocean_menu_link_color_hover":"","ocean_menu_link_color_active":"","ocean_menu_link_background":"","ocean_menu_link_hover_background":"","ocean_menu_link_active_background":"","ocean_menu_social_links_bg":"","ocean_menu_social_hover_links_bg":"","ocean_menu_social_links_color":"","ocean_menu_social_hover_links_color":"","ocean_disable_title":"default","ocean_disable_heading":"default","ocean_post_title":"","ocean_post_subheading":"","ocean_post_title_style":"","ocean_post_title_background_color":"","ocean_post_title_background":0,"ocean_post_title_bg_image_position":"","ocean_post_title_bg_image_attachment":"","ocean_post_title_bg_image_repeat":"","ocean_post_title_bg_image_size":"","ocean_post_title_height":0,"ocean_post_title_bg_overlay":0.5,"ocean_post_title_bg_overlay_color":"","ocean_disable_breadcrumbs":"default","ocean_breadcrumbs_color":"","ocean_breadcrumbs_separator_color":"","ocean_breadcrumbs_links_color":"","ocean_breadcrumbs_links_hover_color":"","ocean_display_footer_widgets":"default","ocean_display_footer_bottom":"default","ocean_custom_footer_template":"0","omw_enable_modal_window":"enable","footnotes":""},"class_list":["post-385","page","type-page","status-publish","hentry","entry","owp-thumbs-layout-horizontal","owp-btn-normal","owp-tabs-layout-horizontal","has-no-thumbnails"],"_links":{"self":[{"href":"https:\/\/dorukkristalyasam.com\/index.php?rest_route=\/wp\/v2\/pages\/385","targetHints":{"allow":["GET"]}}],"collection":[{"href":"https:\/\/dorukkristalyasam.com\/index.php?rest_route=\/wp\/v2\/pages"}],"about":[{"href":"https:\/\/dorukkristalyasam.com\/index.php?rest_route=\/wp\/v2\/types\/page"}],"author":[{"embeddable":true,"href":"https:\/\/dorukkristalyasam.com\/index.php?rest_route=\/wp\/v2\/users\/1"}],"replies":[{"embeddable":true,"href":"https:\/\/dorukkristalyasam.com\/index.php?rest_route=%2Fwp%2Fv2%2Fcomments&post=385"}],"version-history":[{"count":44,"href":"https:\/\/dorukkristalyasam.com\/index.php?rest_route=\/wp\/v2\/pages\/385\/revisions"}],"predecessor-version":[{"id":2459,"href":"https:\/\/dorukkristalyasam.com\/index.php?rest_route=\/wp\/v2\/pages\/385\/revisions\/2459"}],"wp:attachment":[{"href":"https:\/\/dorukkristalyasam.com\/index.php?rest_route=%2Fwp%2Fv2%2Fmedia&parent=385"}],"curies":[{"name":"wp","href":"https:\/\/api.w.org\/{rel}","templated":true}]}}