{"id":3,"date":"2020-12-12T10:09:48","date_gmt":"2020-12-12T10:09:48","guid":{"rendered":"https:\/\/dorukkristalyasam.com\/?page_id=3"},"modified":"2025-05-29T12:35:52","modified_gmt":"2025-05-29T12:35:52","slug":"privacy-policy","status":"publish","type":"page","link":"https:\/\/dorukkristalyasam.com\/?page_id=3","title":{"rendered":"Privacy Policy"},"content":{"rendered":"\t\t<div data-elementor-type=\"wp-page\" data-elementor-id=\"3\" class=\"elementor elementor-3\">\n\t\t\t\t\t\t<section class=\"elementor-section elementor-top-section elementor-element elementor-element-204ecf1d elementor-section-boxed elementor-section-height-default elementor-section-height-default\" data-id=\"204ecf1d\" data-element_type=\"section\" data-e-type=\"section\">\n\t\t\t\t\t\t<div class=\"elementor-container elementor-column-gap-default\">\n\t\t\t\t\t<div class=\"elementor-column elementor-col-100 elementor-top-column elementor-element elementor-element-726ea420\" data-id=\"726ea420\" data-element_type=\"column\" data-e-type=\"column\">\n\t\t\t<div class=\"elementor-widget-wrap elementor-element-populated\">\n\t\t\t\t\t\t<div class=\"elementor-element elementor-element-662b8286 elementor-widget elementor-widget-text-editor\" data-id=\"662b8286\" data-element_type=\"widget\" data-e-type=\"widget\" data-widget_type=\"text-editor.default\">\n\t\t\t\t<div class=\"elementor-widget-container\">\n\t\t\t\t\t\t\t\t\t\n<p><strong>Biz kimiz<\/strong><br \/>Web sitemizin adresi: https:\/\/dorukkristalyasam.com.<\/p>\n<p><strong>Hangi ki\u015fisel verileri topluyoruz ve neden topluyoruz<\/strong><br \/>Yorumlar<br \/>Ziyaret\u00e7iler sitede yorum b\u0131rakt\u0131\u011f\u0131nda yorum formunda g\u00f6sterilen verileri ve ayr\u0131ca spam tespitine yard\u0131mc\u0131 olmak i\u00e7in ziyaret\u00e7inin IP adresini ve taray\u0131c\u0131 kullan\u0131c\u0131 arac\u0131s\u0131 dizesini toplar\u0131z.<\/p>\n<p>E-posta adresinizden olu\u015fturulan anonimle\u015ftirilmi\u015f bir dize (karma olarak da adland\u0131r\u0131l\u0131r) Gravatar hizmetine kullan\u0131p kullanmad\u0131\u011f\u0131n\u0131z\u0131 g\u00f6rmek i\u00e7in sa\u011flanabilir. Gravatar hizmetinin gizlilik politikas\u0131 burada mevcuttur: https:\/\/automattic.com\/privacy\/. Yorumunuzun onaylanmas\u0131ndan sonra, profil resminiz yorumunuzun ba\u011flam\u0131nda herkese g\u00f6r\u00fcn\u00fcr.<\/p>\n\n<p><strong>Medya<\/strong><br \/>Web sitesine resim y\u00fcklerseniz, g\u00f6m\u00fcl\u00fc konum verileri (EXIF GPS) i\u00e7eren resimleri y\u00fcklemekten ka\u00e7\u0131nmal\u0131s\u0131n\u0131z. Web sitesini ziyaret edenler, web sitesindeki resimlerden herhangi bir konum verisini indirebilir ve \u00e7\u0131karabilir.<\/p>\n<p><strong>\u0130leti\u015fim formlar\u0131<\/strong><br \/><strong>\u00c7erezler<\/strong><br \/>Sitemizde bir yorum b\u0131rak\u0131rsan\u0131z, ad\u0131n\u0131z\u0131, e-posta adresinizi ve web sitenizi \u00e7erezlere kaydetmeyi se\u00e7ebilirsiniz. Bunlar, ba\u015fka bir yorum b\u0131rakt\u0131\u011f\u0131n\u0131zda bilgilerinizi tekrar girmenize gerek kalmamas\u0131 i\u00e7in sizin kolayl\u0131\u011f\u0131n\u0131z i\u00e7indir. Bu \u00e7erezler bir y\u0131l s\u00fcreyle ge\u00e7erli olacakt\u0131r.<\/p>\n<p>Giri\u015f sayfam\u0131z\u0131 ziyaret ederseniz, taray\u0131c\u0131n\u0131z\u0131n \u00e7erezleri kabul edip etmedi\u011fini belirlemek i\u00e7in ge\u00e7ici bir \u00e7erez ayarlayaca\u011f\u0131z. Bu \u00e7erez hi\u00e7bir ki\u015fisel veri i\u00e7ermez ve taray\u0131c\u0131n\u0131z\u0131 kapatt\u0131\u011f\u0131n\u0131zda at\u0131l\u0131r.<\/p>\n<p>Giri\u015f yapt\u0131\u011f\u0131n\u0131zda, giri\u015f bilgilerinizi ve ekran g\u00f6r\u00fcnt\u00fcleme tercihlerinizi kaydetmek i\u00e7in birka\u00e7 \u00e7erez de ayarlayaca\u011f\u0131z. Giri\u015f \u00e7erezleri iki g\u00fcn, ekran se\u00e7enekleri \u00e7erezleri ise bir y\u0131l s\u00fcreyle ge\u00e7erli olacakt\u0131r. &#8220;Beni Hat\u0131rla&#8221;y\u0131 se\u00e7erseniz, giri\u015finiz iki hafta boyunca ge\u00e7erli olacakt\u0131r. Hesab\u0131n\u0131zdan \u00e7\u0131k\u0131\u015f yaparsan\u0131z, giri\u015f \u00e7erezleri kald\u0131r\u0131lacakt\u0131r.<\/p>\n<p>Bir makaleyi d\u00fczenler veya yay\u0131nlarsan\u0131z, taray\u0131c\u0131n\u0131za ek bir \u00e7erez kaydedilir. Bu \u00e7erez hi\u00e7bir ki\u015fisel veri i\u00e7ermez ve yaln\u0131zca d\u00fczenledi\u011finiz makalenin g\u00f6nderi kimli\u011fini belirtir. 1 g\u00fcn sonra sona erer.<\/p>\n<p><strong>Di\u011fer web sitelerinden g\u00f6m\u00fcl\u00fc i\u00e7erik<\/strong><br \/>Bu sitedeki makaleler g\u00f6m\u00fcl\u00fc i\u00e7erik (\u00f6r. videolar, resimler, makaleler vb.) i\u00e7erebilir. Di\u011fer web sitelerinden g\u00f6m\u00fcl\u00fc i\u00e7erik, ziyaret\u00e7inin di\u011fer web sitesini ziyaret etmi\u015f gibi davran\u0131r.<\/p>\n<p>Bu web siteleri sizin hakk\u0131n\u0131zda veri toplayabilir, \u00e7erez kullanabilir, ek \u00fc\u00e7\u00fcnc\u00fc taraf izlemeleri yerle\u015ftirebilir ve g\u00f6m\u00fcl\u00fc i\u00e7erikle etkile\u015fiminizi izleyebilir, bir hesab\u0131n\u0131z varsa ve bu web sitesinde oturum a\u00e7t\u0131ysan\u0131z g\u00f6m\u00fcl\u00fc i\u00e7erikle etkile\u015fiminizi izleme dahil.<\/p>\n<p><strong>Analizler<\/strong><br \/><strong>Verilerinizi kimlerle payla\u015f\u0131yoruz<\/strong><br \/>Parola s\u0131f\u0131rlama talebinde bulunursan\u0131z, IP adresiniz s\u0131f\u0131rlama e-postas\u0131na eklenecektir.<\/p>\n<p><strong>Verilerinizi ne kadar s\u00fcreyle sakl\u0131yoruz<\/strong><br \/>Bir yorum b\u0131rak\u0131rsan\u0131z, yorum ve meta verileri s\u00fcresiz olarak saklan\u0131r. Bu, herhangi bir takip yorumunu bir denetim kuyru\u011funda tutmak yerine otomatik olarak tan\u0131y\u0131p onaylayabilmemiz i\u00e7indir.<\/p>\n<p>Web sitemize kay\u0131t yapt\u0131ran kullan\u0131c\u0131lar i\u00e7in (varsa), kullan\u0131c\u0131 profillerinde sa\u011flad\u0131klar\u0131 ki\u015fisel bilgileri de saklar\u0131z. T\u00fcm kullan\u0131c\u0131lar ki\u015fisel bilgilerini istedikleri zaman g\u00f6rebilir, d\u00fczenleyebilir veya silebilir (kullan\u0131c\u0131 adlar\u0131n\u0131 de\u011fi\u015ftiremezler). Web sitesi y\u00f6neticileri de bu bilgileri g\u00f6rebilir ve d\u00fczenleyebilir.<\/p>\n<p><strong>Verileriniz \u00fczerinde hangi haklara sahipsiniz<\/strong><br \/>Bu sitede bir hesab\u0131n\u0131z varsa veya yorum b\u0131rakt\u0131ysan\u0131z, bize sa\u011flad\u0131\u011f\u0131n\u0131z veriler dahil olmak \u00fczere, hakk\u0131n\u0131zda tuttu\u011fumuz ki\u015fisel verilerin d\u0131\u015fa aktar\u0131lm\u0131\u015f bir dosyas\u0131n\u0131 almay\u0131 talep edebilirsiniz. Ayr\u0131ca hakk\u0131n\u0131zda tuttu\u011fumuz ki\u015fisel verileri silmemizi de talep edebilirsiniz. Bu, idari, yasal veya g\u00fcvenlik ama\u00e7lar\u0131yla saklamak zorunda oldu\u011fumuz hi\u00e7bir veriyi i\u00e7ermez.<\/p>\n<p><strong>Verilerinizi nereye g\u00f6nderiyoruz<\/strong><br \/>Ziyaret\u00e7i yorumlar\u0131 otomatik bir spam alg\u0131lama hizmeti arac\u0131l\u0131\u011f\u0131yla kontrol edilebilir.<\/p>\n<p><br \/><br \/><\/p>\n\t\t\t\t\t\t\t\t<\/div>\n\t\t\t\t<\/div>\n\t\t\t\t\t<\/div>\n\t\t<\/div>\n\t\t\t\t\t<\/div>\n\t\t<\/section>\n\t\t\t\t<\/div>\n\t\t","protected":false},"excerpt":{"rendered":"<p>Biz kimizWeb sitemizin adresi: https:\/\/dorukkristalyasam.com. Hangi ki\u015fisel verileri topluyoruz ve neden topluyoruzYorumlarZiyaret\u00e7iler sitede yorum b\u0131rakt\u0131\u011f\u0131nda yorum formunda g\u00f6sterilen verileri ve ayr\u0131ca spam tespitine yard\u0131mc\u0131 olmak i\u00e7in ziyaret\u00e7inin IP adresini ve taray\u0131c\u0131 kullan\u0131c\u0131 arac\u0131s\u0131 dizesini toplar\u0131z. E-posta adresinizden olu\u015fturulan anonimle\u015ftirilmi\u015f bir dize (karma olarak da adland\u0131r\u0131l\u0131r) Gravatar hizmetine kullan\u0131p kullanmad\u0131\u011f\u0131n\u0131z\u0131 g\u00f6rmek i\u00e7in sa\u011flanabilir. Gravatar hizmetinin gizlilik [&hellip;]<\/p>\n","protected":false},"author":1,"featured_media":0,"parent":0,"menu_order":0,"comment_status":"closed","ping_status":"closed","template":"","meta":{"ocean_post_layout":"","ocean_both_sidebars_style":"","ocean_both_sidebars_content_width":0,"ocean_both_sidebars_sidebars_width":0,"ocean_sidebar":"","ocean_second_sidebar":"","ocean_disable_margins":"enable","ocean_add_body_class":"","ocean_shortcode_before_top_bar":"","ocean_shortcode_after_top_bar":"","ocean_shortcode_before_header":"","ocean_shortcode_after_header":"","ocean_has_shortcode":"","ocean_shortcode_after_title":"","ocean_shortcode_before_footer_widgets":"","ocean_shortcode_after_footer_widgets":"","ocean_shortcode_before_footer_bottom":"","ocean_shortcode_after_footer_bottom":"","ocean_display_top_bar":"default","ocean_display_header":"default","ocean_header_style":"","ocean_center_header_left_menu":"","ocean_custom_header_template":"","ocean_custom_logo":0,"ocean_custom_retina_logo":0,"ocean_custom_logo_max_width":0,"ocean_custom_logo_tablet_max_width":0,"ocean_custom_logo_mobile_max_width":0,"ocean_custom_logo_max_height":0,"ocean_custom_logo_tablet_max_height":0,"ocean_custom_logo_mobile_max_height":0,"ocean_header_custom_menu":"","ocean_menu_typo_font_family":"","ocean_menu_typo_font_subset":"","ocean_menu_typo_font_size":0,"ocean_menu_typo_font_size_tablet":0,"ocean_menu_typo_font_size_mobile":0,"ocean_menu_typo_font_size_unit":"px","ocean_menu_typo_font_weight":"","ocean_menu_typo_font_weight_tablet":"","ocean_menu_typo_font_weight_mobile":"","ocean_menu_typo_transform":"","ocean_menu_typo_transform_tablet":"","ocean_menu_typo_transform_mobile":"","ocean_menu_typo_line_height":0,"ocean_menu_typo_line_height_tablet":0,"ocean_menu_typo_line_height_mobile":0,"ocean_menu_typo_line_height_unit":"","ocean_menu_typo_spacing":0,"ocean_menu_typo_spacing_tablet":0,"ocean_menu_typo_spacing_mobile":0,"ocean_menu_typo_spacing_unit":"","ocean_menu_link_color":"","ocean_menu_link_color_hover":"","ocean_menu_link_color_active":"","ocean_menu_link_background":"","ocean_menu_link_hover_background":"","ocean_menu_link_active_background":"","ocean_menu_social_links_bg":"","ocean_menu_social_hover_links_bg":"","ocean_menu_social_links_color":"","ocean_menu_social_hover_links_color":"","ocean_disable_title":"default","ocean_disable_heading":"default","ocean_post_title":"","ocean_post_subheading":"","ocean_post_title_style":"","ocean_post_title_background_color":"","ocean_post_title_background":0,"ocean_post_title_bg_image_position":"","ocean_post_title_bg_image_attachment":"","ocean_post_title_bg_image_repeat":"","ocean_post_title_bg_image_size":"","ocean_post_title_height":0,"ocean_post_title_bg_overlay":0.5,"ocean_post_title_bg_overlay_color":"","ocean_disable_breadcrumbs":"default","ocean_breadcrumbs_color":"","ocean_breadcrumbs_separator_color":"","ocean_breadcrumbs_links_color":"","ocean_breadcrumbs_links_hover_color":"","ocean_display_footer_widgets":"default","ocean_display_footer_bottom":"default","ocean_custom_footer_template":"","omw_enable_modal_window":"enable","footnotes":""},"class_list":["post-3","page","type-page","status-publish","hentry","entry","owp-thumbs-layout-horizontal","owp-btn-normal","owp-tabs-layout-horizontal","has-no-thumbnails"],"_links":{"self":[{"href":"https:\/\/dorukkristalyasam.com\/index.php?rest_route=\/wp\/v2\/pages\/3","targetHints":{"allow":["GET"]}}],"collection":[{"href":"https:\/\/dorukkristalyasam.com\/index.php?rest_route=\/wp\/v2\/pages"}],"about":[{"href":"https:\/\/dorukkristalyasam.com\/index.php?rest_route=\/wp\/v2\/types\/page"}],"author":[{"embeddable":true,"href":"https:\/\/dorukkristalyasam.com\/index.php?rest_route=\/wp\/v2\/users\/1"}],"replies":[{"embeddable":true,"href":"https:\/\/dorukkristalyasam.com\/index.php?rest_route=%2Fwp%2Fv2%2Fcomments&post=3"}],"version-history":[{"count":3,"href":"https:\/\/dorukkristalyasam.com\/index.php?rest_route=\/wp\/v2\/pages\/3\/revisions"}],"predecessor-version":[{"id":2170,"href":"https:\/\/dorukkristalyasam.com\/index.php?rest_route=\/wp\/v2\/pages\/3\/revisions\/2170"}],"wp:attachment":[{"href":"https:\/\/dorukkristalyasam.com\/index.php?rest_route=%2Fwp%2Fv2%2Fmedia&parent=3"}],"curies":[{"name":"wp","href":"https:\/\/api.w.org\/{rel}","templated":true}]}}