{"id":1475,"date":"2024-08-23T12:10:16","date_gmt":"2024-08-23T12:10:16","guid":{"rendered":"https:\/\/dorukkristalyasam.com\/?page_id=1475"},"modified":"2024-08-31T10:02:46","modified_gmt":"2024-08-31T10:02:46","slug":"seanslar","status":"publish","type":"page","link":"https:\/\/dorukkristalyasam.com\/?page_id=1475","title":{"rendered":"SEANSLAR"},"content":{"rendered":"\t\t<div data-elementor-type=\"wp-page\" data-elementor-id=\"1475\" class=\"elementor elementor-1475\">\n\t\t\t\t\t\t<section class=\"elementor-section elementor-top-section elementor-element elementor-element-e0a98ce egitim elementor-section-boxed elementor-section-height-default elementor-section-height-default\" data-id=\"e0a98ce\" data-element_type=\"section\" data-e-type=\"section\">\n\t\t\t\t\t\t\t<div class=\"elementor-background-overlay\"><\/div>\n\t\t\t\t\t\t\t<div class=\"elementor-container elementor-column-gap-default\">\n\t\t\t\t\t<div class=\"elementor-column elementor-col-100 elementor-top-column elementor-element elementor-element-e380c7d\" data-id=\"e380c7d\" data-element_type=\"column\" data-e-type=\"column\" data-settings=\"{&quot;background_background&quot;:&quot;classic&quot;}\">\n\t\t\t<div class=\"elementor-widget-wrap elementor-element-populated\">\n\t\t\t\t\t<div class=\"elementor-background-overlay\"><\/div>\n\t\t\t\t\t\t<div class=\"elementor-element elementor-element-d992e9b elementor-widget elementor-widget-heading\" data-id=\"d992e9b\" data-element_type=\"widget\" data-e-type=\"widget\" data-widget_type=\"heading.default\">\n\t\t\t\t<div class=\"elementor-widget-container\">\n\t\t\t\t\t<h2 class=\"elementor-heading-title elementor-size-default\">Seanslar<\/h2>\t\t\t\t<\/div>\n\t\t\t\t<\/div>\n\t\t\t\t\t<\/div>\n\t\t<\/div>\n\t\t\t\t\t<\/div>\n\t\t<\/section>\n\t\t\t\t<section class=\"elementor-section elementor-top-section elementor-element elementor-element-dfc958e elementor-section-boxed elementor-section-height-default elementor-section-height-default\" data-id=\"dfc958e\" data-element_type=\"section\" data-e-type=\"section\">\n\t\t\t\t\t\t\t<div class=\"elementor-background-overlay\"><\/div>\n\t\t\t\t\t\t\t<div class=\"elementor-container elementor-column-gap-default\">\n\t\t\t\t\t<div class=\"elementor-column elementor-col-100 elementor-top-column elementor-element elementor-element-67d5181\" data-id=\"67d5181\" data-element_type=\"column\" data-e-type=\"column\" data-settings=\"{&quot;background_background&quot;:&quot;classic&quot;}\">\n\t\t\t<div class=\"elementor-widget-wrap elementor-element-populated\">\n\t\t\t\t\t<div class=\"elementor-background-overlay\"><\/div>\n\t\t\t\t\t\t<div class=\"elementor-element elementor-element-9222e65 elementor-widget elementor-widget-heading\" data-id=\"9222e65\" data-element_type=\"widget\" data-e-type=\"widget\" data-widget_type=\"heading.default\">\n\t\t\t\t<div class=\"elementor-widget-container\">\n\t\t\t\t\t<h2 class=\"elementor-heading-title elementor-size-default\">Seanslar\u0131 sat\u0131n ald\u0131ktan sonra taraf\u0131n\u0131za seans sayfalar\u0131na girebilmeniz i\u00e7in \u015fifre g\u00f6nderilecektir.<\/h2>\t\t\t\t<\/div>\n\t\t\t\t<\/div>\n\t\t\t\t\t<\/div>\n\t\t<\/div>\n\t\t\t\t\t<\/div>\n\t\t<\/section>\n\t\t\t\t<section class=\"elementor-section elementor-top-section elementor-element elementor-element-f254ad8 elementor-section-boxed elementor-section-height-default elementor-section-height-default\" data-id=\"f254ad8\" data-element_type=\"section\" data-e-type=\"section\">\n\t\t\t\t\t\t<div class=\"elementor-container elementor-column-gap-default\">\n\t\t\t\t\t<div class=\"elementor-column elementor-col-100 elementor-top-column elementor-element elementor-element-62a054e\" data-id=\"62a054e\" data-element_type=\"column\" data-e-type=\"column\">\n\t\t\t<div class=\"elementor-widget-wrap elementor-element-populated\">\n\t\t\t\t\t\t<div class=\"elementor-element elementor-element-16adf34 elementor-widget elementor-widget-shortcode\" data-id=\"16adf34\" data-element_type=\"widget\" data-e-type=\"widget\" data-widget_type=\"shortcode.default\">\n\t\t\t\t<div class=\"elementor-widget-container\">\n\t\t\t\t\t\t\t<div class=\"elementor-shortcode\"><div class=\"woocommerce columns-5 \">\r\n<ul class=\"products oceanwp-row clr grid tablet-col tablet-2-col mobile-col mobile-1-col\">\r\n<li class=\"entry has-media col span_1_of_5 owp-content-center owp-thumbs-layout-horizontal owp-btn-normal owp-tabs-layout-horizontal has-no-thumbnails product type-product post-1465 status-publish first instock product_cat-seans has-post-thumbnail shipping-taxable purchasable product-type-simple\">\n\t<div class=\"product-inner clr\">\r\n\t<div class=\"woo-entry-image clr\">\r\n\t\t<a href=\"https:\/\/dorukkristalyasam.com\/?product=regresyon-seansi\" class=\"woocommerce-LoopProduct-link\"><img fetchpriority=\"high\" decoding=\"async\" width=\"348\" height=\"464\" src=\"https:\/\/dorukkristalyasam.com\/wp-content\/uploads\/2024\/08\/er1-348x464.jpg\" class=\"woo-entry-image-main\" alt=\"Regresyon Seans\u0131\" itemprop=\"image\" \/><\/a><a href=\"#\" id=\"product_id_1465\" class=\"owp-quick-view\" data-product_id=\"1465\" aria-label=\"Quickly preview product Regresyon Seans\u0131\"><i class=\" icon-eye\" aria-hidden=\"true\" role=\"img\"><\/i> Quick View<\/a>\t<\/div><!-- .woo-entry-image -->\r\n\r\n<ul class=\"woo-entry-inner clr\"><li class=\"image-wrap\">\r\n\t<div class=\"woo-entry-image clr\">\r\n\t\t<a href=\"https:\/\/dorukkristalyasam.com\/?product=regresyon-seansi\" class=\"woocommerce-LoopProduct-link\"><img fetchpriority=\"high\" decoding=\"async\" width=\"348\" height=\"464\" src=\"https:\/\/dorukkristalyasam.com\/wp-content\/uploads\/2024\/08\/er1-348x464.jpg\" class=\"woo-entry-image-main\" alt=\"Regresyon Seans\u0131\" itemprop=\"image\" \/><\/a><a href=\"#\" id=\"product_id_1465\" class=\"owp-quick-view\" data-product_id=\"1465\" aria-label=\"Quickly preview product Regresyon Seans\u0131\"><i class=\" icon-eye\" aria-hidden=\"true\" role=\"img\"><\/i> Quick View<\/a>\t<\/div><!-- .woo-entry-image -->\r\n\r\n<\/li><li class=\"category\"><a href=\"https:\/\/dorukkristalyasam.com\/?product_cat=seans\" rel=\"tag\">seans<\/a><\/li><li class=\"title\"><h2><a href=\"https:\/\/dorukkristalyasam.com\/?product=regresyon-seansi\">Regresyon Seans\u0131<\/a><\/h2><\/li><li class=\"price-wrap\">\n\t<span class=\"price\"><span class=\"woocommerce-Price-amount amount\"><bdi>5,400<span class=\"woocommerce-Price-currencySymbol\">&#8378;<\/span><\/bdi><\/span><\/span>\n<\/li><li class=\"rating\"><\/li><li class=\"btn-wrap clr\"><a href=\"\/index.php?rest_route=%2Fwp%2Fv2%2Fpages%2F1475&#038;add-to-cart=1465\" aria-describedby=\"woocommerce_loop_add_to_cart_link_describedby_1465\" data-quantity=\"1\" class=\"button product_type_simple add_to_cart_button ajax_add_to_cart\" data-product_id=\"1465\" data-product_sku=\"\" aria-label=\"Sepete ekle: \u201cRegresyon Seans\u0131\u201d\" rel=\"nofollow\" data-success_message=\"&quot;Regresyon Seans\u0131&quot; sepetinize eklendi\" role=\"button\">Sepete Ekle<\/a>\t<span id=\"woocommerce_loop_add_to_cart_link_describedby_1465\" class=\"screen-reader-text\">\n\t\t\t<\/span>\n<\/li><\/ul><\/div><!-- .product-inner .clr --><\/li>\n<li class=\"entry has-media col span_1_of_5 owp-content-center owp-thumbs-layout-horizontal owp-btn-normal owp-tabs-layout-horizontal has-no-thumbnails product type-product post-1464 status-publish instock product_cat-seans has-post-thumbnail shipping-taxable purchasable product-type-simple\">\n\t<div class=\"product-inner clr\">\r\n\t<div class=\"woo-entry-image clr\">\r\n\t\t<a href=\"https:\/\/dorukkristalyasam.com\/?product=nefes-terapisi-seansi\" class=\"woocommerce-LoopProduct-link\"><img decoding=\"async\" width=\"348\" height=\"464\" src=\"https:\/\/dorukkristalyasam.com\/wp-content\/uploads\/2024\/08\/er2-348x464.jpg\" class=\"woo-entry-image-main\" alt=\"Nefes Terapisi Seans\u0131\" itemprop=\"image\" \/><\/a><a href=\"#\" id=\"product_id_1464\" class=\"owp-quick-view\" data-product_id=\"1464\" aria-label=\"Quickly preview product Nefes Terapisi Seans\u0131\"><i class=\" icon-eye\" aria-hidden=\"true\" role=\"img\"><\/i> Quick View<\/a>\t<\/div><!-- .woo-entry-image -->\r\n\r\n<ul class=\"woo-entry-inner clr\"><li class=\"image-wrap\">\r\n\t<div class=\"woo-entry-image clr\">\r\n\t\t<a href=\"https:\/\/dorukkristalyasam.com\/?product=nefes-terapisi-seansi\" class=\"woocommerce-LoopProduct-link\"><img decoding=\"async\" width=\"348\" height=\"464\" src=\"https:\/\/dorukkristalyasam.com\/wp-content\/uploads\/2024\/08\/er2-348x464.jpg\" class=\"woo-entry-image-main\" alt=\"Nefes Terapisi Seans\u0131\" itemprop=\"image\" \/><\/a><a href=\"#\" id=\"product_id_1464\" class=\"owp-quick-view\" data-product_id=\"1464\" aria-label=\"Quickly preview product Nefes Terapisi Seans\u0131\"><i class=\" icon-eye\" aria-hidden=\"true\" role=\"img\"><\/i> Quick View<\/a>\t<\/div><!-- .woo-entry-image -->\r\n\r\n<\/li><li class=\"category\"><a href=\"https:\/\/dorukkristalyasam.com\/?product_cat=seans\" rel=\"tag\">seans<\/a><\/li><li class=\"title\"><h2><a href=\"https:\/\/dorukkristalyasam.com\/?product=nefes-terapisi-seansi\">Nefes Terapisi Seans\u0131<\/a><\/h2><\/li><li class=\"price-wrap\">\n\t<span class=\"price\"><span class=\"woocommerce-Price-amount amount\"><bdi>5,400<span class=\"woocommerce-Price-currencySymbol\">&#8378;<\/span><\/bdi><\/span><\/span>\n<\/li><li class=\"rating\"><\/li><li class=\"btn-wrap clr\"><a href=\"\/index.php?rest_route=%2Fwp%2Fv2%2Fpages%2F1475&#038;add-to-cart=1464\" aria-describedby=\"woocommerce_loop_add_to_cart_link_describedby_1464\" data-quantity=\"1\" class=\"button product_type_simple add_to_cart_button ajax_add_to_cart\" data-product_id=\"1464\" data-product_sku=\"\" aria-label=\"Sepete ekle: \u201cNefes Terapisi Seans\u0131\u201d\" rel=\"nofollow\" data-success_message=\"&quot;Nefes Terapisi Seans\u0131&quot; sepetinize eklendi\" role=\"button\">Sepete Ekle<\/a>\t<span id=\"woocommerce_loop_add_to_cart_link_describedby_1464\" class=\"screen-reader-text\">\n\t\t\t<\/span>\n<\/li><\/ul><\/div><!-- .product-inner .clr --><\/li>\n<li class=\"entry has-media col span_1_of_5 owp-content-center owp-thumbs-layout-horizontal owp-btn-normal owp-tabs-layout-horizontal has-no-thumbnails product type-product post-1462 status-publish instock product_cat-seans has-post-thumbnail shipping-taxable purchasable product-type-simple\">\n\t<div class=\"product-inner clr\">\r\n\t<div class=\"woo-entry-image clr\">\r\n\t\t<a href=\"https:\/\/dorukkristalyasam.com\/?product=yasam-koclugu-seansi\" class=\"woocommerce-LoopProduct-link\"><img decoding=\"async\" width=\"348\" height=\"464\" src=\"https:\/\/dorukkristalyasam.com\/wp-content\/uploads\/2024\/08\/er5-348x464.jpg\" class=\"woo-entry-image-main\" alt=\"Ya\u015fam Ko\u00e7lu\u011fu Seans\u0131 6 seans\" itemprop=\"image\" \/><\/a><a href=\"#\" id=\"product_id_1462\" class=\"owp-quick-view\" data-product_id=\"1462\" aria-label=\"Quickly preview product Ya\u015fam Ko\u00e7lu\u011fu Seans\u0131 6 seans\"><i class=\" icon-eye\" aria-hidden=\"true\" role=\"img\"><\/i> Quick View<\/a>\t<\/div><!-- .woo-entry-image -->\r\n\r\n<ul class=\"woo-entry-inner clr\"><li class=\"image-wrap\">\r\n\t<div class=\"woo-entry-image clr\">\r\n\t\t<a href=\"https:\/\/dorukkristalyasam.com\/?product=yasam-koclugu-seansi\" class=\"woocommerce-LoopProduct-link\"><img decoding=\"async\" width=\"348\" height=\"464\" src=\"https:\/\/dorukkristalyasam.com\/wp-content\/uploads\/2024\/08\/er5-348x464.jpg\" class=\"woo-entry-image-main\" alt=\"Ya\u015fam Ko\u00e7lu\u011fu Seans\u0131 6 seans\" itemprop=\"image\" \/><\/a><a href=\"#\" id=\"product_id_1462\" class=\"owp-quick-view\" data-product_id=\"1462\" aria-label=\"Quickly preview product Ya\u015fam Ko\u00e7lu\u011fu Seans\u0131 6 seans\"><i class=\" icon-eye\" aria-hidden=\"true\" role=\"img\"><\/i> Quick View<\/a>\t<\/div><!-- .woo-entry-image -->\r\n\r\n<\/li><li class=\"category\"><a href=\"https:\/\/dorukkristalyasam.com\/?product_cat=seans\" rel=\"tag\">seans<\/a><\/li><li class=\"title\"><h2><a href=\"https:\/\/dorukkristalyasam.com\/?product=yasam-koclugu-seansi\">Ya\u015fam Ko\u00e7lu\u011fu Seans\u0131 6 seans<\/a><\/h2><\/li><li class=\"price-wrap\">\n\t<span class=\"price\"><span class=\"woocommerce-Price-amount amount\"><bdi>28,000<span class=\"woocommerce-Price-currencySymbol\">&#8378;<\/span><\/bdi><\/span><\/span>\n<\/li><li class=\"rating\"><\/li><li class=\"btn-wrap clr\"><a href=\"\/index.php?rest_route=%2Fwp%2Fv2%2Fpages%2F1475&#038;add-to-cart=1462\" aria-describedby=\"woocommerce_loop_add_to_cart_link_describedby_1462\" data-quantity=\"1\" class=\"button product_type_simple add_to_cart_button ajax_add_to_cart\" data-product_id=\"1462\" data-product_sku=\"\" aria-label=\"Sepete ekle: \u201cYa\u015fam Ko\u00e7lu\u011fu Seans\u0131 6 seans\u201d\" rel=\"nofollow\" data-success_message=\"&quot;Ya\u015fam Ko\u00e7lu\u011fu Seans\u0131 6 seans&quot; sepetinize eklendi\" role=\"button\">Sepete Ekle<\/a>\t<span id=\"woocommerce_loop_add_to_cart_link_describedby_1462\" class=\"screen-reader-text\">\n\t\t\t<\/span>\n<\/li><\/ul><\/div><!-- .product-inner .clr --><\/li>\n<li class=\"entry has-media col span_1_of_5 owp-content-center owp-thumbs-layout-horizontal owp-btn-normal owp-tabs-layout-horizontal has-no-thumbnails product type-product post-1461 status-publish instock product_cat-seans has-post-thumbnail shipping-taxable purchasable product-type-simple\">\n\t<div class=\"product-inner clr\">\r\n\t<div class=\"woo-entry-image clr\">\r\n\t\t<a href=\"https:\/\/dorukkristalyasam.com\/?product=numeroloji-seansi\" class=\"woocommerce-LoopProduct-link\"><img loading=\"lazy\" decoding=\"async\" width=\"348\" height=\"464\" src=\"https:\/\/dorukkristalyasam.com\/wp-content\/uploads\/2024\/08\/er4-348x464.jpg\" class=\"woo-entry-image-main\" alt=\"Numeroloji Seans\u0131\" itemprop=\"image\" \/><\/a><a href=\"#\" id=\"product_id_1461\" class=\"owp-quick-view\" data-product_id=\"1461\" aria-label=\"Quickly preview product Numeroloji Seans\u0131\"><i class=\" icon-eye\" aria-hidden=\"true\" role=\"img\"><\/i> Quick View<\/a>\t<\/div><!-- .woo-entry-image -->\r\n\r\n<ul class=\"woo-entry-inner clr\"><li class=\"image-wrap\">\r\n\t<div class=\"woo-entry-image clr\">\r\n\t\t<a href=\"https:\/\/dorukkristalyasam.com\/?product=numeroloji-seansi\" class=\"woocommerce-LoopProduct-link\"><img loading=\"lazy\" decoding=\"async\" width=\"348\" height=\"464\" src=\"https:\/\/dorukkristalyasam.com\/wp-content\/uploads\/2024\/08\/er4-348x464.jpg\" class=\"woo-entry-image-main\" alt=\"Numeroloji Seans\u0131\" itemprop=\"image\" \/><\/a><a href=\"#\" id=\"product_id_1461\" class=\"owp-quick-view\" data-product_id=\"1461\" aria-label=\"Quickly preview product Numeroloji Seans\u0131\"><i class=\" icon-eye\" aria-hidden=\"true\" role=\"img\"><\/i> Quick View<\/a>\t<\/div><!-- .woo-entry-image -->\r\n\r\n<\/li><li class=\"category\"><a href=\"https:\/\/dorukkristalyasam.com\/?product_cat=seans\" rel=\"tag\">seans<\/a><\/li><li class=\"title\"><h2><a href=\"https:\/\/dorukkristalyasam.com\/?product=numeroloji-seansi\">Numeroloji Seans\u0131<\/a><\/h2><\/li><li class=\"price-wrap\">\n\t<span class=\"price\"><span class=\"woocommerce-Price-amount amount\"><bdi>3,999<span class=\"woocommerce-Price-currencySymbol\">&#8378;<\/span><\/bdi><\/span><\/span>\n<\/li><li class=\"rating\"><\/li><li class=\"btn-wrap clr\"><a href=\"\/index.php?rest_route=%2Fwp%2Fv2%2Fpages%2F1475&#038;add-to-cart=1461\" aria-describedby=\"woocommerce_loop_add_to_cart_link_describedby_1461\" data-quantity=\"1\" class=\"button product_type_simple add_to_cart_button ajax_add_to_cart\" data-product_id=\"1461\" data-product_sku=\"\" aria-label=\"Sepete ekle: \u201cNumeroloji Seans\u0131\u201d\" rel=\"nofollow\" data-success_message=\"&quot;Numeroloji Seans\u0131&quot; sepetinize eklendi\" role=\"button\">Sepete Ekle<\/a>\t<span id=\"woocommerce_loop_add_to_cart_link_describedby_1461\" class=\"screen-reader-text\">\n\t\t\t<\/span>\n<\/li><\/ul><\/div><!-- .product-inner .clr --><\/li>\n<li class=\"entry has-media col span_1_of_5 owp-content-center owp-thumbs-layout-horizontal owp-btn-normal owp-tabs-layout-horizontal has-no-thumbnails product type-product post-1460 status-publish last instock product_cat-seans has-post-thumbnail shipping-taxable purchasable product-type-simple\">\n\t<div class=\"product-inner clr\">\r\n\t<div class=\"woo-entry-image clr\">\r\n\t\t<a href=\"https:\/\/dorukkristalyasam.com\/?product=reiki-seansi\" class=\"woocommerce-LoopProduct-link\"><img loading=\"lazy\" decoding=\"async\" width=\"348\" height=\"464\" src=\"https:\/\/dorukkristalyasam.com\/wp-content\/uploads\/2024\/08\/er3-348x464.jpg\" class=\"woo-entry-image-main\" alt=\"Reiki Seans\u0131\" itemprop=\"image\" \/><\/a><a href=\"#\" id=\"product_id_1460\" class=\"owp-quick-view\" data-product_id=\"1460\" aria-label=\"Quickly preview product Reiki Seans\u0131\"><i class=\" icon-eye\" aria-hidden=\"true\" role=\"img\"><\/i> Quick View<\/a>\t<\/div><!-- .woo-entry-image -->\r\n\r\n<ul class=\"woo-entry-inner clr\"><li class=\"image-wrap\">\r\n\t<div class=\"woo-entry-image clr\">\r\n\t\t<a href=\"https:\/\/dorukkristalyasam.com\/?product=reiki-seansi\" class=\"woocommerce-LoopProduct-link\"><img loading=\"lazy\" decoding=\"async\" width=\"348\" height=\"464\" src=\"https:\/\/dorukkristalyasam.com\/wp-content\/uploads\/2024\/08\/er3-348x464.jpg\" class=\"woo-entry-image-main\" alt=\"Reiki Seans\u0131\" itemprop=\"image\" \/><\/a><a href=\"#\" id=\"product_id_1460\" class=\"owp-quick-view\" data-product_id=\"1460\" aria-label=\"Quickly preview product Reiki Seans\u0131\"><i class=\" icon-eye\" aria-hidden=\"true\" role=\"img\"><\/i> Quick View<\/a>\t<\/div><!-- .woo-entry-image -->\r\n\r\n<\/li><li class=\"category\"><a href=\"https:\/\/dorukkristalyasam.com\/?product_cat=seans\" rel=\"tag\">seans<\/a><\/li><li class=\"title\"><h2><a href=\"https:\/\/dorukkristalyasam.com\/?product=reiki-seansi\">Reiki Seans\u0131<\/a><\/h2><\/li><li class=\"price-wrap\">\n\t<span class=\"price\"><span class=\"woocommerce-Price-amount amount\"><bdi>5,400<span class=\"woocommerce-Price-currencySymbol\">&#8378;<\/span><\/bdi><\/span><\/span>\n<\/li><li class=\"rating\"><\/li><li class=\"btn-wrap clr\"><a href=\"\/index.php?rest_route=%2Fwp%2Fv2%2Fpages%2F1475&#038;add-to-cart=1460\" aria-describedby=\"woocommerce_loop_add_to_cart_link_describedby_1460\" data-quantity=\"1\" class=\"button product_type_simple add_to_cart_button ajax_add_to_cart\" data-product_id=\"1460\" data-product_sku=\"\" aria-label=\"Sepete ekle: \u201cReiki Seans\u0131\u201d\" rel=\"nofollow\" data-success_message=\"&quot;Reiki Seans\u0131&quot; sepetinize eklendi\" role=\"button\">Sepete Ekle<\/a>\t<span id=\"woocommerce_loop_add_to_cart_link_describedby_1460\" class=\"screen-reader-text\">\n\t\t\t<\/span>\n<\/li><\/ul><\/div><!-- .product-inner .clr --><\/li>\n<\/ul>\n<\/div><\/div>\n\t\t\t\t\t\t<\/div>\n\t\t\t\t<\/div>\n\t\t\t\t\t<\/div>\n\t\t<\/div>\n\t\t\t\t\t<\/div>\n\t\t<\/section>\n\t\t\t\t<\/div>\n\t\t","protected":false},"excerpt":{"rendered":"<p>Seanslar Seanslar\u0131 sat\u0131n ald\u0131ktan sonra taraf\u0131n\u0131za seans sayfalar\u0131na girebilmeniz i\u00e7in \u015fifre g\u00f6nderilecektir.<\/p>\n","protected":false},"author":1,"featured_media":0,"parent":0,"menu_order":0,"comment_status":"closed","ping_status":"closed","template":"","meta":{"ocean_post_layout":"","ocean_both_sidebars_style":"","ocean_both_sidebars_content_width":0,"ocean_both_sidebars_sidebars_width":0,"ocean_sidebar":"","ocean_second_sidebar":"","ocean_disable_margins":"enable","ocean_add_body_class":"","ocean_shortcode_before_top_bar":"","ocean_shortcode_after_top_bar":"","ocean_shortcode_before_header":"","ocean_shortcode_after_header":"","ocean_has_shortcode":"","ocean_shortcode_after_title":"","ocean_shortcode_before_footer_widgets":"","ocean_shortcode_after_footer_widgets":"","ocean_shortcode_before_footer_bottom":"","ocean_shortcode_after_footer_bottom":"","ocean_display_top_bar":"default","ocean_display_header":"default","ocean_header_style":"","ocean_center_header_left_menu":"","ocean_custom_header_template":"","ocean_custom_logo":0,"ocean_custom_retina_logo":0,"ocean_custom_logo_max_width":0,"ocean_custom_logo_tablet_max_width":0,"ocean_custom_logo_mobile_max_width":0,"ocean_custom_logo_max_height":0,"ocean_custom_logo_tablet_max_height":0,"ocean_custom_logo_mobile_max_height":0,"ocean_header_custom_menu":"","ocean_menu_typo_font_family":"","ocean_menu_typo_font_subset":"","ocean_menu_typo_font_size":0,"ocean_menu_typo_font_size_tablet":0,"ocean_menu_typo_font_size_mobile":0,"ocean_menu_typo_font_size_unit":"px","ocean_menu_typo_font_weight":"","ocean_menu_typo_font_weight_tablet":"","ocean_menu_typo_font_weight_mobile":"","ocean_menu_typo_transform":"","ocean_menu_typo_transform_tablet":"","ocean_menu_typo_transform_mobile":"","ocean_menu_typo_line_height":0,"ocean_menu_typo_line_height_tablet":0,"ocean_menu_typo_line_height_mobile":0,"ocean_menu_typo_line_height_unit":"","ocean_menu_typo_spacing":0,"ocean_menu_typo_spacing_tablet":0,"ocean_menu_typo_spacing_mobile":0,"ocean_menu_typo_spacing_unit":"","ocean_menu_link_color":"","ocean_menu_link_color_hover":"","ocean_menu_link_color_active":"","ocean_menu_link_background":"","ocean_menu_link_hover_background":"","ocean_menu_link_active_background":"","ocean_menu_social_links_bg":"","ocean_menu_social_hover_links_bg":"","ocean_menu_social_links_color":"","ocean_menu_social_hover_links_color":"","ocean_disable_title":"on","ocean_disable_heading":"default","ocean_post_title":"","ocean_post_subheading":"","ocean_post_title_style":"","ocean_post_title_background_color":"","ocean_post_title_background":0,"ocean_post_title_bg_image_position":"","ocean_post_title_bg_image_attachment":"","ocean_post_title_bg_image_repeat":"","ocean_post_title_bg_image_size":"","ocean_post_title_height":0,"ocean_post_title_bg_overlay":0.5,"ocean_post_title_bg_overlay_color":"","ocean_disable_breadcrumbs":"default","ocean_breadcrumbs_color":"","ocean_breadcrumbs_separator_color":"","ocean_breadcrumbs_links_color":"","ocean_breadcrumbs_links_hover_color":"","ocean_display_footer_widgets":"default","ocean_display_footer_bottom":"default","ocean_custom_footer_template":"","omw_enable_modal_window":"enable","footnotes":""},"class_list":["post-1475","page","type-page","status-publish","hentry","entry","owp-thumbs-layout-horizontal","owp-btn-normal","owp-tabs-layout-horizontal","has-no-thumbnails"],"_links":{"self":[{"href":"https:\/\/dorukkristalyasam.com\/index.php?rest_route=\/wp\/v2\/pages\/1475","targetHints":{"allow":["GET"]}}],"collection":[{"href":"https:\/\/dorukkristalyasam.com\/index.php?rest_route=\/wp\/v2\/pages"}],"about":[{"href":"https:\/\/dorukkristalyasam.com\/index.php?rest_route=\/wp\/v2\/types\/page"}],"author":[{"embeddable":true,"href":"https:\/\/dorukkristalyasam.com\/index.php?rest_route=\/wp\/v2\/users\/1"}],"replies":[{"embeddable":true,"href":"https:\/\/dorukkristalyasam.com\/index.php?rest_route=%2Fwp%2Fv2%2Fcomments&post=1475"}],"version-history":[{"count":8,"href":"https:\/\/dorukkristalyasam.com\/index.php?rest_route=\/wp\/v2\/pages\/1475\/revisions"}],"predecessor-version":[{"id":1763,"href":"https:\/\/dorukkristalyasam.com\/index.php?rest_route=\/wp\/v2\/pages\/1475\/revisions\/1763"}],"wp:attachment":[{"href":"https:\/\/dorukkristalyasam.com\/index.php?rest_route=%2Fwp%2Fv2%2Fmedia&parent=1475"}],"curies":[{"name":"wp","href":"https:\/\/api.w.org\/{rel}","templated":true}]}}