{"id":1466,"date":"2024-08-23T11:57:00","date_gmt":"2024-08-23T11:57:00","guid":{"rendered":"https:\/\/dorukkristalyasam.com\/?page_id=1466"},"modified":"2025-08-12T12:06:58","modified_gmt":"2025-08-12T12:06:58","slug":"egitimler","status":"publish","type":"page","link":"https:\/\/dorukkristalyasam.com\/?page_id=1466","title":{"rendered":"E\u011e\u0130T\u0130MLER"},"content":{"rendered":"\t\t<div data-elementor-type=\"wp-page\" data-elementor-id=\"1466\" class=\"elementor elementor-1466\">\n\t\t\t\t\t\t<section class=\"elementor-section elementor-top-section elementor-element elementor-element-e0a98ce egitim elementor-section-boxed elementor-section-height-default elementor-section-height-default\" data-id=\"e0a98ce\" data-element_type=\"section\" data-e-type=\"section\">\n\t\t\t\t\t\t\t<div class=\"elementor-background-overlay\"><\/div>\n\t\t\t\t\t\t\t<div class=\"elementor-container elementor-column-gap-default\">\n\t\t\t\t\t<div class=\"elementor-column elementor-col-100 elementor-top-column elementor-element elementor-element-e380c7d\" data-id=\"e380c7d\" data-element_type=\"column\" data-e-type=\"column\" data-settings=\"{&quot;background_background&quot;:&quot;classic&quot;}\">\n\t\t\t<div class=\"elementor-widget-wrap elementor-element-populated\">\n\t\t\t\t\t<div class=\"elementor-background-overlay\"><\/div>\n\t\t\t\t\t\t<div class=\"elementor-element elementor-element-d992e9b elementor-widget elementor-widget-heading\" data-id=\"d992e9b\" data-element_type=\"widget\" data-e-type=\"widget\" data-widget_type=\"heading.default\">\n\t\t\t\t<div class=\"elementor-widget-container\">\n\t\t\t\t\t<h2 class=\"elementor-heading-title elementor-size-default\">E\u011fitimler<\/h2>\t\t\t\t<\/div>\n\t\t\t\t<\/div>\n\t\t\t\t\t<\/div>\n\t\t<\/div>\n\t\t\t\t\t<\/div>\n\t\t<\/section>\n\t\t\t\t<section class=\"elementor-section elementor-top-section elementor-element elementor-element-dfc958e elementor-section-boxed elementor-section-height-default elementor-section-height-default\" data-id=\"dfc958e\" data-element_type=\"section\" data-e-type=\"section\">\n\t\t\t\t\t\t\t<div class=\"elementor-background-overlay\"><\/div>\n\t\t\t\t\t\t\t<div class=\"elementor-container elementor-column-gap-default\">\n\t\t\t\t\t<div class=\"elementor-column elementor-col-100 elementor-top-column elementor-element elementor-element-67d5181\" data-id=\"67d5181\" data-element_type=\"column\" data-e-type=\"column\" data-settings=\"{&quot;background_background&quot;:&quot;classic&quot;}\">\n\t\t\t<div class=\"elementor-widget-wrap elementor-element-populated\">\n\t\t\t\t\t<div class=\"elementor-background-overlay\"><\/div>\n\t\t\t\t\t\t<div class=\"elementor-element elementor-element-9222e65 elementor-widget elementor-widget-heading\" data-id=\"9222e65\" data-element_type=\"widget\" data-e-type=\"widget\" data-widget_type=\"heading.default\">\n\t\t\t\t<div class=\"elementor-widget-container\">\n\t\t\t\t\t<h2 class=\"elementor-heading-title elementor-size-default\">E\u011fitimi sat\u0131n ald\u0131ktan sonra taraf\u0131n\u0131za e\u011fitim sayfalar\u0131na girebilmeniz i\u00e7in \u015fifre g\u00f6nderilecektir.<\/h2>\t\t\t\t<\/div>\n\t\t\t\t<\/div>\n\t\t\t\t\t<\/div>\n\t\t<\/div>\n\t\t\t\t\t<\/div>\n\t\t<\/section>\n\t\t\t\t<section class=\"elementor-section elementor-top-section elementor-element elementor-element-f254ad8 elementor-section-boxed elementor-section-height-default elementor-section-height-default\" data-id=\"f254ad8\" data-element_type=\"section\" data-e-type=\"section\">\n\t\t\t\t\t\t<div class=\"elementor-container elementor-column-gap-default\">\n\t\t\t\t\t<div class=\"elementor-column elementor-col-100 elementor-top-column elementor-element elementor-element-62a054e\" data-id=\"62a054e\" data-element_type=\"column\" data-e-type=\"column\">\n\t\t\t<div class=\"elementor-widget-wrap elementor-element-populated\">\n\t\t\t\t\t\t<div class=\"elementor-element elementor-element-16adf34 elementor-widget elementor-widget-shortcode\" data-id=\"16adf34\" data-element_type=\"widget\" data-e-type=\"widget\" data-widget_type=\"shortcode.default\">\n\t\t\t\t<div class=\"elementor-widget-container\">\n\t\t\t\t\t\t\t<div class=\"elementor-shortcode\"><div class=\"woocommerce columns-6 \">\r\n<ul class=\"products oceanwp-row clr grid tablet-col tablet-2-col mobile-col mobile-1-col\">\r\n<li class=\"entry has-media col span_1_of_6 owp-content-center owp-thumbs-layout-horizontal owp-btn-normal owp-tabs-layout-horizontal has-no-thumbnails product type-product post-1996 status-publish first instock product_cat-egitim has-post-thumbnail shipping-taxable purchasable product-type-simple\">\n\t<div class=\"product-inner clr\">\r\n\t<div class=\"woo-entry-image clr\">\r\n\t\t<a href=\"https:\/\/dorukkristalyasam.com\/?product=nefes-koclugu-egitimi-1-modul\" class=\"woocommerce-LoopProduct-link\"><img fetchpriority=\"high\" decoding=\"async\" width=\"348\" height=\"464\" src=\"https:\/\/dorukkristalyasam.com\/wp-content\/uploads\/2025\/05\/B-348x464.jpg\" class=\"woo-entry-image-main\" alt=\"Nefes Teknikleri E\u011fitimi\" itemprop=\"image\" \/><\/a><a href=\"#\" id=\"product_id_1996\" class=\"owp-quick-view\" data-product_id=\"1996\" aria-label=\"Quickly preview product Nefes Teknikleri E\u011fitimi\"><i class=\" icon-eye\" aria-hidden=\"true\" role=\"img\"><\/i> Quick View<\/a>\t<\/div><!-- .woo-entry-image -->\r\n\r\n<ul class=\"woo-entry-inner clr\"><li class=\"image-wrap\">\r\n\t<div class=\"woo-entry-image clr\">\r\n\t\t<a href=\"https:\/\/dorukkristalyasam.com\/?product=nefes-koclugu-egitimi-1-modul\" class=\"woocommerce-LoopProduct-link\"><img fetchpriority=\"high\" decoding=\"async\" width=\"348\" height=\"464\" src=\"https:\/\/dorukkristalyasam.com\/wp-content\/uploads\/2025\/05\/B-348x464.jpg\" class=\"woo-entry-image-main\" alt=\"Nefes Teknikleri E\u011fitimi\" itemprop=\"image\" \/><\/a><a href=\"#\" id=\"product_id_1996\" class=\"owp-quick-view\" data-product_id=\"1996\" aria-label=\"Quickly preview product Nefes Teknikleri E\u011fitimi\"><i class=\" icon-eye\" aria-hidden=\"true\" role=\"img\"><\/i> Quick View<\/a>\t<\/div><!-- .woo-entry-image -->\r\n\r\n<\/li><li class=\"category\"><a href=\"https:\/\/dorukkristalyasam.com\/?product_cat=egitim\" rel=\"tag\">E\u011fitim<\/a><\/li><li class=\"title\"><h2><a href=\"https:\/\/dorukkristalyasam.com\/?product=nefes-koclugu-egitimi-1-modul\">Nefes Teknikleri E\u011fitimi<\/a><\/h2><\/li><li class=\"price-wrap\">\n\t<span class=\"price\"><span class=\"woocommerce-Price-amount amount\"><bdi>12,000<span class=\"woocommerce-Price-currencySymbol\">&#8378;<\/span><\/bdi><\/span><\/span>\n<\/li><li class=\"rating\"><\/li><li class=\"btn-wrap clr\"><a href=\"\/index.php?rest_route=%2Fwp%2Fv2%2Fpages%2F1466&#038;add-to-cart=1996\" aria-describedby=\"woocommerce_loop_add_to_cart_link_describedby_1996\" data-quantity=\"1\" class=\"button product_type_simple add_to_cart_button ajax_add_to_cart\" data-product_id=\"1996\" data-product_sku=\"\" aria-label=\"Sepete ekle: \u201cNefes Teknikleri E\u011fitimi\u201d\" rel=\"nofollow\" data-success_message=\"&quot;Nefes Teknikleri E\u011fitimi&quot; sepetinize eklendi\" role=\"button\">Sepete Ekle<\/a>\t<span id=\"woocommerce_loop_add_to_cart_link_describedby_1996\" class=\"screen-reader-text\">\n\t\t\t<\/span>\n<\/li><\/ul><\/div><!-- .product-inner .clr --><\/li>\n<li class=\"entry has-media col span_1_of_6 owp-content-center owp-thumbs-layout-horizontal owp-btn-normal owp-tabs-layout-horizontal has-no-thumbnails product type-product post-1578 status-publish instock product_cat-egitim has-post-thumbnail shipping-taxable purchasable product-type-simple\">\n\t<div class=\"product-inner clr\">\r\n\t<div class=\"woo-entry-image clr\">\r\n\t\t<a href=\"https:\/\/dorukkristalyasam.com\/?product=reiki-egitimi\" class=\"woocommerce-LoopProduct-link\"><img decoding=\"async\" width=\"348\" height=\"464\" src=\"https:\/\/dorukkristalyasam.com\/wp-content\/uploads\/2024\/08\/er3-348x464.jpg\" class=\"woo-entry-image-main\" alt=\"Reiki E\u011fitimi &#8211; 1-2-3A -3B\" itemprop=\"image\" \/><\/a><a href=\"#\" id=\"product_id_1578\" class=\"owp-quick-view\" data-product_id=\"1578\" aria-label=\"Quickly preview product Reiki E\u011fitimi - 1-2-3A -3B\"><i class=\" icon-eye\" aria-hidden=\"true\" role=\"img\"><\/i> Quick View<\/a>\t<\/div><!-- .woo-entry-image -->\r\n\r\n<ul class=\"woo-entry-inner clr\"><li class=\"image-wrap\">\r\n\t<div class=\"woo-entry-image clr\">\r\n\t\t<a href=\"https:\/\/dorukkristalyasam.com\/?product=reiki-egitimi\" class=\"woocommerce-LoopProduct-link\"><img decoding=\"async\" width=\"348\" height=\"464\" src=\"https:\/\/dorukkristalyasam.com\/wp-content\/uploads\/2024\/08\/er3-348x464.jpg\" class=\"woo-entry-image-main\" alt=\"Reiki E\u011fitimi &#8211; 1-2-3A -3B\" itemprop=\"image\" \/><\/a><a href=\"#\" id=\"product_id_1578\" class=\"owp-quick-view\" data-product_id=\"1578\" aria-label=\"Quickly preview product Reiki E\u011fitimi - 1-2-3A -3B\"><i class=\" icon-eye\" aria-hidden=\"true\" role=\"img\"><\/i> Quick View<\/a>\t<\/div><!-- .woo-entry-image -->\r\n\r\n<\/li><li class=\"category\"><a href=\"https:\/\/dorukkristalyasam.com\/?product_cat=egitim\" rel=\"tag\">E\u011fitim<\/a><\/li><li class=\"title\"><h2><a href=\"https:\/\/dorukkristalyasam.com\/?product=reiki-egitimi\">Reiki E\u011fitimi &#8211; 1-2-3A -3B<\/a><\/h2><\/li><li class=\"price-wrap\">\n\t<span class=\"price\"><span class=\"woocommerce-Price-amount amount\"><bdi>8,000<span class=\"woocommerce-Price-currencySymbol\">&#8378;<\/span><\/bdi><\/span><\/span>\n<\/li><li class=\"rating\"><\/li><li class=\"btn-wrap clr\"><a href=\"\/index.php?rest_route=%2Fwp%2Fv2%2Fpages%2F1466&#038;add-to-cart=1578\" aria-describedby=\"woocommerce_loop_add_to_cart_link_describedby_1578\" data-quantity=\"1\" class=\"button product_type_simple add_to_cart_button ajax_add_to_cart\" data-product_id=\"1578\" data-product_sku=\"\" aria-label=\"Sepete ekle: \u201cReiki E\u011fitimi - 1-2-3A -3B\u201d\" rel=\"nofollow\" data-success_message=\"&quot;Reiki E\u011fitimi - 1-2-3A -3B&quot; sepetinize eklendi\" role=\"button\">Sepete Ekle<\/a>\t<span id=\"woocommerce_loop_add_to_cart_link_describedby_1578\" class=\"screen-reader-text\">\n\t\t\t<\/span>\n<\/li><\/ul><\/div><!-- .product-inner .clr --><\/li>\n<li class=\"entry has-media col span_1_of_6 owp-content-center owp-thumbs-layout-horizontal owp-btn-normal owp-tabs-layout-horizontal has-no-thumbnails product type-product post-1577 status-publish instock product_cat-egitim has-post-thumbnail shipping-taxable purchasable product-type-simple\">\n\t<div class=\"product-inner clr\">\r\n\t<div class=\"woo-entry-image clr\">\r\n\t\t<a href=\"https:\/\/dorukkristalyasam.com\/?product=regresyon-egitimi\" class=\"woocommerce-LoopProduct-link\"><img decoding=\"async\" width=\"348\" height=\"464\" src=\"https:\/\/dorukkristalyasam.com\/wp-content\/uploads\/2024\/08\/er1-348x464.jpg\" class=\"woo-entry-image-main\" alt=\"Regresyon E\u011fitimi\" itemprop=\"image\" \/><\/a><a href=\"#\" id=\"product_id_1577\" class=\"owp-quick-view\" data-product_id=\"1577\" aria-label=\"Quickly preview product Regresyon E\u011fitimi\"><i class=\" icon-eye\" aria-hidden=\"true\" role=\"img\"><\/i> Quick View<\/a>\t<\/div><!-- .woo-entry-image -->\r\n\r\n<ul class=\"woo-entry-inner clr\"><li class=\"image-wrap\">\r\n\t<div class=\"woo-entry-image clr\">\r\n\t\t<a href=\"https:\/\/dorukkristalyasam.com\/?product=regresyon-egitimi\" class=\"woocommerce-LoopProduct-link\"><img decoding=\"async\" width=\"348\" height=\"464\" src=\"https:\/\/dorukkristalyasam.com\/wp-content\/uploads\/2024\/08\/er1-348x464.jpg\" class=\"woo-entry-image-main\" alt=\"Regresyon E\u011fitimi\" itemprop=\"image\" \/><\/a><a href=\"#\" id=\"product_id_1577\" class=\"owp-quick-view\" data-product_id=\"1577\" aria-label=\"Quickly preview product Regresyon E\u011fitimi\"><i class=\" icon-eye\" aria-hidden=\"true\" role=\"img\"><\/i> Quick View<\/a>\t<\/div><!-- .woo-entry-image -->\r\n\r\n<\/li><li class=\"category\"><a href=\"https:\/\/dorukkristalyasam.com\/?product_cat=egitim\" rel=\"tag\">E\u011fitim<\/a><\/li><li class=\"title\"><h2><a href=\"https:\/\/dorukkristalyasam.com\/?product=regresyon-egitimi\">Regresyon E\u011fitimi<\/a><\/h2><\/li><li class=\"price-wrap\">\n\t<span class=\"price\"><span class=\"woocommerce-Price-amount amount\"><bdi>8,888<span class=\"woocommerce-Price-currencySymbol\">&#8378;<\/span><\/bdi><\/span><\/span>\n<\/li><li class=\"rating\"><\/li><li class=\"btn-wrap clr\"><a href=\"\/index.php?rest_route=%2Fwp%2Fv2%2Fpages%2F1466&#038;add-to-cart=1577\" aria-describedby=\"woocommerce_loop_add_to_cart_link_describedby_1577\" data-quantity=\"1\" class=\"button product_type_simple add_to_cart_button ajax_add_to_cart\" data-product_id=\"1577\" data-product_sku=\"\" aria-label=\"Sepete ekle: \u201cRegresyon E\u011fitimi\u201d\" rel=\"nofollow\" data-success_message=\"&quot;Regresyon E\u011fitimi&quot; sepetinize eklendi\" role=\"button\">Sepete Ekle<\/a>\t<span id=\"woocommerce_loop_add_to_cart_link_describedby_1577\" class=\"screen-reader-text\">\n\t\t\t<\/span>\n<\/li><\/ul><\/div><!-- .product-inner .clr --><\/li>\n<li class=\"entry has-media col span_1_of_6 owp-content-center owp-thumbs-layout-horizontal owp-btn-normal owp-tabs-layout-horizontal has-no-thumbnails product type-product post-1459 status-publish instock product_cat-egitim has-post-thumbnail shipping-taxable purchasable product-type-simple\">\n\t<div class=\"product-inner clr\">\r\n\t<div class=\"woo-entry-image clr\">\r\n\t\t<a href=\"https:\/\/dorukkristalyasam.com\/?product=numeroloji-egitimi\" class=\"woocommerce-LoopProduct-link\"><img loading=\"lazy\" decoding=\"async\" width=\"348\" height=\"464\" src=\"https:\/\/dorukkristalyasam.com\/wp-content\/uploads\/2024\/08\/er4-348x464.jpg\" class=\"woo-entry-image-main\" alt=\"Numeroloji E\u011fitimi 3 g\u00fcn\" itemprop=\"image\" \/><\/a><a href=\"#\" id=\"product_id_1459\" class=\"owp-quick-view\" data-product_id=\"1459\" aria-label=\"Quickly preview product Numeroloji E\u011fitimi 3 g\u00fcn\"><i class=\" icon-eye\" aria-hidden=\"true\" role=\"img\"><\/i> Quick View<\/a>\t<\/div><!-- .woo-entry-image -->\r\n\r\n<ul class=\"woo-entry-inner clr\"><li class=\"image-wrap\">\r\n\t<div class=\"woo-entry-image clr\">\r\n\t\t<a href=\"https:\/\/dorukkristalyasam.com\/?product=numeroloji-egitimi\" class=\"woocommerce-LoopProduct-link\"><img loading=\"lazy\" decoding=\"async\" width=\"348\" height=\"464\" src=\"https:\/\/dorukkristalyasam.com\/wp-content\/uploads\/2024\/08\/er4-348x464.jpg\" class=\"woo-entry-image-main\" alt=\"Numeroloji E\u011fitimi 3 g\u00fcn\" itemprop=\"image\" \/><\/a><a href=\"#\" id=\"product_id_1459\" class=\"owp-quick-view\" data-product_id=\"1459\" aria-label=\"Quickly preview product Numeroloji E\u011fitimi 3 g\u00fcn\"><i class=\" icon-eye\" aria-hidden=\"true\" role=\"img\"><\/i> Quick View<\/a>\t<\/div><!-- .woo-entry-image -->\r\n\r\n<\/li><li class=\"category\"><a href=\"https:\/\/dorukkristalyasam.com\/?product_cat=egitim\" rel=\"tag\">E\u011fitim<\/a><\/li><li class=\"title\"><h2><a href=\"https:\/\/dorukkristalyasam.com\/?product=numeroloji-egitimi\">Numeroloji E\u011fitimi 3 g\u00fcn<\/a><\/h2><\/li><li class=\"price-wrap\">\n\t<span class=\"price\"><span class=\"woocommerce-Price-amount amount\"><bdi>8,000<span class=\"woocommerce-Price-currencySymbol\">&#8378;<\/span><\/bdi><\/span><\/span>\n<\/li><li class=\"rating\"><\/li><li class=\"btn-wrap clr\"><a href=\"\/index.php?rest_route=%2Fwp%2Fv2%2Fpages%2F1466&#038;add-to-cart=1459\" aria-describedby=\"woocommerce_loop_add_to_cart_link_describedby_1459\" data-quantity=\"1\" class=\"button product_type_simple add_to_cart_button ajax_add_to_cart\" data-product_id=\"1459\" data-product_sku=\"\" aria-label=\"Sepete ekle: \u201cNumeroloji E\u011fitimi 3 g\u00fcn\u201d\" rel=\"nofollow\" data-success_message=\"&quot;Numeroloji E\u011fitimi 3 g\u00fcn&quot; sepetinize eklendi\" role=\"button\">Sepete Ekle<\/a>\t<span id=\"woocommerce_loop_add_to_cart_link_describedby_1459\" class=\"screen-reader-text\">\n\t\t\t<\/span>\n<\/li><\/ul><\/div><!-- .product-inner .clr --><\/li>\n<li class=\"entry has-media col span_1_of_6 owp-content-center owp-thumbs-layout-horizontal owp-btn-normal owp-tabs-layout-horizontal has-no-thumbnails product type-product post-1451 status-publish instock product_cat-egitim has-post-thumbnail shipping-taxable purchasable product-type-simple\">\n\t<div class=\"product-inner clr\">\r\n\t<div class=\"woo-entry-image clr\">\r\n\t\t<a href=\"https:\/\/dorukkristalyasam.com\/?product=sifali-taslar-litoterapi-egitimi\" class=\"woocommerce-LoopProduct-link\"><img loading=\"lazy\" decoding=\"async\" width=\"348\" height=\"464\" src=\"https:\/\/dorukkristalyasam.com\/wp-content\/uploads\/2024\/08\/er6-348x464.jpg\" class=\"woo-entry-image-main\" alt=\"\u015eifal\u0131 Ta\u015flar &#8211; Litoterapi E\u011fitimi-10 Hafta\" itemprop=\"image\" \/><\/a><a href=\"#\" id=\"product_id_1451\" class=\"owp-quick-view\" data-product_id=\"1451\" aria-label=\"Quickly preview product \u015eifal\u0131 Ta\u015flar - Litoterapi E\u011fitimi-10 Hafta\"><i class=\" icon-eye\" aria-hidden=\"true\" role=\"img\"><\/i> Quick View<\/a>\t<\/div><!-- .woo-entry-image -->\r\n\r\n<ul class=\"woo-entry-inner clr\"><li class=\"image-wrap\">\r\n\t<div class=\"woo-entry-image clr\">\r\n\t\t<a href=\"https:\/\/dorukkristalyasam.com\/?product=sifali-taslar-litoterapi-egitimi\" class=\"woocommerce-LoopProduct-link\"><img loading=\"lazy\" decoding=\"async\" width=\"348\" height=\"464\" src=\"https:\/\/dorukkristalyasam.com\/wp-content\/uploads\/2024\/08\/er6-348x464.jpg\" class=\"woo-entry-image-main\" alt=\"\u015eifal\u0131 Ta\u015flar &#8211; Litoterapi E\u011fitimi-10 Hafta\" itemprop=\"image\" \/><\/a><a href=\"#\" id=\"product_id_1451\" class=\"owp-quick-view\" data-product_id=\"1451\" aria-label=\"Quickly preview product \u015eifal\u0131 Ta\u015flar - Litoterapi E\u011fitimi-10 Hafta\"><i class=\" icon-eye\" aria-hidden=\"true\" role=\"img\"><\/i> Quick View<\/a>\t<\/div><!-- .woo-entry-image -->\r\n\r\n<\/li><li class=\"category\"><a href=\"https:\/\/dorukkristalyasam.com\/?product_cat=egitim\" rel=\"tag\">E\u011fitim<\/a><\/li><li class=\"title\"><h2><a href=\"https:\/\/dorukkristalyasam.com\/?product=sifali-taslar-litoterapi-egitimi\">\u015eifal\u0131 Ta\u015flar &#8211; Litoterapi E\u011fitimi-10 Hafta<\/a><\/h2><\/li><li class=\"price-wrap\">\n\t<span class=\"price\"><span class=\"woocommerce-Price-amount amount\"><bdi>16,500<span class=\"woocommerce-Price-currencySymbol\">&#8378;<\/span><\/bdi><\/span><\/span>\n<\/li><li class=\"rating\"><\/li><li class=\"btn-wrap clr\"><a href=\"\/index.php?rest_route=%2Fwp%2Fv2%2Fpages%2F1466&#038;add-to-cart=1451\" aria-describedby=\"woocommerce_loop_add_to_cart_link_describedby_1451\" data-quantity=\"1\" class=\"button product_type_simple add_to_cart_button ajax_add_to_cart\" data-product_id=\"1451\" data-product_sku=\"\" aria-label=\"Sepete ekle: \u201c\u015eifal\u0131 Ta\u015flar - Litoterapi E\u011fitimi-10 Hafta\u201d\" rel=\"nofollow\" data-success_message=\"&quot;\u015eifal\u0131 Ta\u015flar - Litoterapi E\u011fitimi-10 Hafta&quot; sepetinize eklendi\" role=\"button\">Sepete Ekle<\/a>\t<span id=\"woocommerce_loop_add_to_cart_link_describedby_1451\" class=\"screen-reader-text\">\n\t\t\t<\/span>\n<\/li><\/ul><\/div><!-- .product-inner .clr --><\/li>\n<\/ul>\n<\/div><\/div>\n\t\t\t\t\t\t<\/div>\n\t\t\t\t<\/div>\n\t\t\t\t\t<\/div>\n\t\t<\/div>\n\t\t\t\t\t<\/div>\n\t\t<\/section>\n\t\t\t\t<\/div>\n\t\t","protected":false},"excerpt":{"rendered":"<p>E\u011fitimler E\u011fitimi sat\u0131n ald\u0131ktan sonra taraf\u0131n\u0131za e\u011fitim sayfalar\u0131na girebilmeniz i\u00e7in \u015fifre g\u00f6nderilecektir.<\/p>\n","protected":false},"author":1,"featured_media":0,"parent":0,"menu_order":0,"comment_status":"closed","ping_status":"closed","template":"","meta":{"ocean_post_layout":"","ocean_both_sidebars_style":"","ocean_both_sidebars_content_width":0,"ocean_both_sidebars_sidebars_width":0,"ocean_sidebar":"","ocean_second_sidebar":"","ocean_disable_margins":"enable","ocean_add_body_class":"","ocean_shortcode_before_top_bar":"","ocean_shortcode_after_top_bar":"","ocean_shortcode_before_header":"","ocean_shortcode_after_header":"","ocean_has_shortcode":"","ocean_shortcode_after_title":"","ocean_shortcode_before_footer_widgets":"","ocean_shortcode_after_footer_widgets":"","ocean_shortcode_before_footer_bottom":"","ocean_shortcode_after_footer_bottom":"","ocean_display_top_bar":"default","ocean_display_header":"default","ocean_header_style":"","ocean_center_header_left_menu":"","ocean_custom_header_template":"","ocean_custom_logo":0,"ocean_custom_retina_logo":0,"ocean_custom_logo_max_width":0,"ocean_custom_logo_tablet_max_width":0,"ocean_custom_logo_mobile_max_width":0,"ocean_custom_logo_max_height":0,"ocean_custom_logo_tablet_max_height":0,"ocean_custom_logo_mobile_max_height":0,"ocean_header_custom_menu":"","ocean_menu_typo_font_family":"","ocean_menu_typo_font_subset":"","ocean_menu_typo_font_size":0,"ocean_menu_typo_font_size_tablet":0,"ocean_menu_typo_font_size_mobile":0,"ocean_menu_typo_font_size_unit":"px","ocean_menu_typo_font_weight":"","ocean_menu_typo_font_weight_tablet":"","ocean_menu_typo_font_weight_mobile":"","ocean_menu_typo_transform":"","ocean_menu_typo_transform_tablet":"","ocean_menu_typo_transform_mobile":"","ocean_menu_typo_line_height":0,"ocean_menu_typo_line_height_tablet":0,"ocean_menu_typo_line_height_mobile":0,"ocean_menu_typo_line_height_unit":"","ocean_menu_typo_spacing":0,"ocean_menu_typo_spacing_tablet":0,"ocean_menu_typo_spacing_mobile":0,"ocean_menu_typo_spacing_unit":"","ocean_menu_link_color":"","ocean_menu_link_color_hover":"","ocean_menu_link_color_active":"","ocean_menu_link_background":"","ocean_menu_link_hover_background":"","ocean_menu_link_active_background":"","ocean_menu_social_links_bg":"","ocean_menu_social_hover_links_bg":"","ocean_menu_social_links_color":"","ocean_menu_social_hover_links_color":"","ocean_disable_title":"on","ocean_disable_heading":"default","ocean_post_title":"","ocean_post_subheading":"","ocean_post_title_style":"","ocean_post_title_background_color":"","ocean_post_title_background":0,"ocean_post_title_bg_image_position":"","ocean_post_title_bg_image_attachment":"","ocean_post_title_bg_image_repeat":"","ocean_post_title_bg_image_size":"","ocean_post_title_height":0,"ocean_post_title_bg_overlay":0.5,"ocean_post_title_bg_overlay_color":"","ocean_disable_breadcrumbs":"default","ocean_breadcrumbs_color":"","ocean_breadcrumbs_separator_color":"","ocean_breadcrumbs_links_color":"","ocean_breadcrumbs_links_hover_color":"","ocean_display_footer_widgets":"default","ocean_display_footer_bottom":"default","ocean_custom_footer_template":"","omw_enable_modal_window":"enable","footnotes":""},"class_list":["post-1466","page","type-page","status-publish","hentry","entry","owp-thumbs-layout-horizontal","owp-btn-normal","owp-tabs-layout-horizontal","has-no-thumbnails"],"_links":{"self":[{"href":"https:\/\/dorukkristalyasam.com\/index.php?rest_route=\/wp\/v2\/pages\/1466","targetHints":{"allow":["GET"]}}],"collection":[{"href":"https:\/\/dorukkristalyasam.com\/index.php?rest_route=\/wp\/v2\/pages"}],"about":[{"href":"https:\/\/dorukkristalyasam.com\/index.php?rest_route=\/wp\/v2\/types\/page"}],"author":[{"embeddable":true,"href":"https:\/\/dorukkristalyasam.com\/index.php?rest_route=\/wp\/v2\/users\/1"}],"replies":[{"embeddable":true,"href":"https:\/\/dorukkristalyasam.com\/index.php?rest_route=%2Fwp%2Fv2%2Fcomments&post=1466"}],"version-history":[{"count":23,"href":"https:\/\/dorukkristalyasam.com\/index.php?rest_route=\/wp\/v2\/pages\/1466\/revisions"}],"predecessor-version":[{"id":2421,"href":"https:\/\/dorukkristalyasam.com\/index.php?rest_route=\/wp\/v2\/pages\/1466\/revisions\/2421"}],"wp:attachment":[{"href":"https:\/\/dorukkristalyasam.com\/index.php?rest_route=%2Fwp%2Fv2%2Fmedia&parent=1466"}],"curies":[{"name":"wp","href":"https:\/\/api.w.org\/{rel}","templated":true}]}}